{"id":5347,"date":"2023-01-17T17:36:25","date_gmt":"2023-01-17T16:36:25","guid":{"rendered":"https:\/\/antcube.shop\/produkt\/bundle-offer-messor-barbarus\/"},"modified":"2026-04-22T14:54:38","modified_gmt":"2026-04-22T12:54:38","slug":"balik-ponuka-messor-barbarus","status":"publish","type":"product","link":"https:\/\/antcube.shop\/sk\/produkt\/balik-ponuka-messor-barbarus\/","title":{"rendered":"Ponuka bal\u00edka - Messor barbarus"},"content":{"rendered":"<p><span data-text-color=\"secondary\"><strong>Ponuka bal\u00edka obsahuje kol\u00f3niu mravcov Messor barbarus (kr\u00e1\u013eovn\u00e1 + 11-25 robotn\u00edc + ml\u00e1\u010fat\u00e1), \u0161tartovaciu sadu pre Messor spec. s 3x formik\u00e1riov\u00fdmi podlo\u017ekami a poh\u00e1rom na\u0161ich \u0161peci\u00e1lnych cel\u00fdch blan\u0161\u00edrovan\u00fdch cvr\u010dkov 10g (vlhk\u00e9 bielkoviny).<\/strong><\/span><\/p>\n<p><span data-text-color=\"alert\"><strong>Len do vypredania z\u00e1sob.<\/strong><\/span><\/p>\n<p><strong>V\u0161etko, \u010do potrebujete pre kol\u00f3niu mravcov Messor barbarus<\/strong><br \/>\nTento bal\u00edk obsahuje v\u0161etko, \u010do potrebujete na \u00faspe\u0161n\u00e9 zalo\u017eenie kol\u00f3nie Messor barbarus po\u010das prv\u00fdch mesiacov. Je flexibilne roz\u0161\u00edrite\u013en\u00fd a vyslovene vhodn\u00fd pre za\u010diato\u010dn\u00edkov v chove mravcov.<\/p>\n<p><strong>Messor barbarus druh mravca:<\/strong><br \/>\nMessor barbarus je v\u00fdrazne granivorn\u00fd (zrno\u017erav\u00fd) druh mravca z oblasti Stredozemn\u00e9ho mora. Patr\u00ed medzi takzvan\u00e9 mravce zbera\u010de a je jedn\u00fdm zo z\u00e1kladn\u00fdch druhov pre chovate\u013eov mravcov v\u010faka svojim relat\u00edvne jednoduch\u00fdm n\u00e1rokom na kl\u00edmu a potravu. V\u010faka svojmu sfarbeniu a tvorbe men\u0161\u00edch, stredn\u00fdch a v\u00e4\u010d\u0161\u00edch robotn\u00edc (men\u0161ie a v\u00e4\u010d\u0161ie) je ve\u013emi zauj\u00edmav\u00e9 ho pozorova\u0165.<\/p>\n<p><strong>Potrava pre Messor barbarus<\/strong><br \/>\nVo vo\u013enej pr\u00edrode sa Messor barbarus \u017eiv\u00ed najm\u00e4 zrnami, z ktor\u00fdch si pripravuje \"mraven\u010d\u00ed chlieb\", ale ochotne prij\u00edma aj sladk\u00e9 ovocie a m\u0155tvy hmyz. Messor barbarus pokr\u00fdva ve\u013ek\u00fa \u010das\u0165 svojej potreby vlhkosti zrnami a zvy\u0161ok hmyzom. Vo formik\u00e1riu sa m\u00f4\u017eu pod\u00e1va\u0165 zrn\u00e1 a v pr\u00edpade potreby med, bielkovinov\u00e1 potrava, ve\u013emi mal\u00fd hmyz alebo \u017eel\u00e9. Medov\u00e1 voda sa prij\u00edma len v pr\u00edpade nedostatku tekut\u00edn. Ke\u010f\u017ee druhy rodu Messor maj\u00fa tendenciu pon\u00e1ra\u0165 sa do otvoren\u00fdch vodn\u00fdch zdrojov, tieto by mali by\u0165 v\u017edy zakryt\u00e9 kame\u0148mi alebo absorp\u010dnou bavlnou.<\/p>\n<p>Messor barbarus hibernuje pribli\u017ene od konca novembra do konca febru\u00e1ra. Na rozdiel napr\u00edklad od Lasius niger je to v\u0161ak obdobie v\u00fdrazne zn\u00ed\u017eenej aktivity. Obdobie hibern\u00e1cie by malo prebieha\u0165 pri teplote okolo 15 \u00b0C, preto\u017ee teploty v oblastiach, odkia\u013e Messor barbarus poch\u00e1dza, s\u00fa ve\u013emi zriedkavo ni\u017e\u0161ie, a to aj v zime. Mravce m\u00f4\u017eete na tento \u00fa\u010del jednoducho umiestni\u0165 do nevykurovanej miestnosti. Existuj\u00fa aj spr\u00e1vy od chovate\u013eov, ktor\u00ed chovaj\u00fa Messor barbarus bez hibern\u00e1cie. To v\u0161ak m\u00f4\u017ee vies\u0165 ku skr\u00e1teniu \u017eivota kol\u00f3nie alebo spomaleniu v\u00fdvoja ml\u00e1\u010fat. Po\u010das hibern\u00e1cie je potrebn\u00e9 zvierat\u00e1 k\u0155mi\u0165 len m\u00e1lo. Mali by ste v\u0161ak pravidelne kontrolova\u0165 vlhkos\u0165 a d\u00e1va\u0165 pozor na plesne!<\/p>\n<p><strong>Formik\u00e1rium pre Messor barbarus<\/strong><br \/>\nMravce zbera\u010dky potrebuj\u00fa mierne vlhk\u00e9 hniezdo pre ml\u00e1\u010fat\u00e1 a such\u00e9 hniezdo na uskladnenie nazbieran\u00fdch z\u0155n (such\u00e9, aby sa zabr\u00e1nilo tvorbe plesn\u00ed). Najlep\u0161ie to funguje s dvoma samostatn\u00fdmi hniezdami, ktor\u00e9 s\u00fa s\u00fa\u010das\u0165ou na\u0161ej \u0161tartovacej sady. To v\u00e1m vydr\u017e\u00ed minim\u00e1lne 1 - 2 roky. Potom by sa mali hniezdne plochy aj plochy ar\u00e9ny roz\u0161\u00edri\u0165.<\/p>\n<p><strong>Optim\u00e1lne klimatick\u00e9 podmienky pre Messor barbarus s\u00fa tieto:<\/strong><br \/>\nVlhkos\u0165:<br \/>\nAr\u00e9na: Hniezdo: 30 - 50% plocha hniezda: 50 - 70%<br \/>\nTeplota:<br \/>\nAr\u00e9na: 25 - 30 \u00b0C Hniezdna oblas\u0165: 21 - 26\u00b0C<\/p>\n<p>N\u00e1\u0161 Digfix je najvhodnej\u0161\u00ed materi\u00e1l na hniezdenie. Je ve\u013emi odoln\u00fd vo\u010di vlhkosti a zaru\u010duje, \u017ee v\u00fdh\u013ead do hniezda, kom\u00f4r a chodieb vo vn\u00fatri nie je naru\u0161en\u00fd zvy\u0161kami substr\u00e1tu ako pri pieso\u010dnato-hlinit\u00fdch zmesiach. V\u010faka svojim siln\u00fdm \u010de\u013eustiam si robotnice majorky m\u00f4\u017eu \u010dasom bez probl\u00e9mov vy\u017era\u0165 aj Ytong. Sklenen\u00e9 hniezda s vlo\u017ekami Digfix s\u00fa preto najlep\u0161\u00edm a najbezpe\u010dnej\u0161\u00edm sp\u00f4sobom chovu Messor angularis.<\/p>\n<p><strong>Obsah:<\/strong><\/p>\n<p>1x Messor barbarus (kr\u00e1\u013eovn\u00e1 + 11-25 robotn\u00edc + ml\u00e1\u010fat\u00e1)<br \/>\n1x Cvr\u010dekov\u00fd d\u017eem 25g<br \/>\n1x Obiln\u00e9 krmivo minor 100g<br \/>\n1x pad for formicariums &#8211; 20x20cm<br \/>\n2x pad for formicariums &#8211; 20x6cm<\/p>\n<p>1x ANTCUBE - ar\u00e9na 20x20x10 - ploch\u00e1<br \/>\n1x r\u00e1m mraveniska 20\u00d720<br \/>\n1x kryt mraveniska 20\u00d720<br \/>\n4x upev\u0148ovac\u00ed bod pre kryt ar\u00e9ny<br \/>\n2x ANTCUBE - mravenisko - L - 20\u00d720 - vertik\u00e1lne<\/p>\n<p>2x ANTCUBE - Digfixov\u00e1 doska 20\u00d720 - M<br \/>\n1x 1m prieh\u013eadn\u00e1 r\u00farka 14\/10 mm<br \/>\n2x ANTCUBE - \u010derven\u00e1 f\u00f3lia 20\u00d720 - filter<br \/>\n2x lepiace svorky - prieh\u013eadn\u00e9 2 ks.<br \/>\n1x substr\u00e1t - p\u00fa\u0161\u0165 - 1 kg<\/p>\n<p>2x grid insert &#8211; 50mm<br \/>\n1x grid insert &#8211; 27mm<br \/>\n1x krytka mrie\u017eky - 10 mm - nerezov\u00e1 oce\u013e<\/p>\n<p>1x hadicov\u00e1 spojka n\u00e1dr\u017ee 27-14,16,20 mm - transparentn\u00e1<br \/>\n1x drinking clear 5ml &#8211; sponge<br \/>\n1x Feeding dish white rectangle &#8211; 3 compartments<br \/>\n1x Foil thermometer display<br \/>\n2x Foil thermometer farm<br \/>\n1x Ochrann\u00fd olej proti \u00faniku mravcov 10ml<br \/>\n1x pinzeta z pru\u017einovej ocele - \u0161irok\u00e1 - m\u00e4kk\u00e1<br \/>\n1x pinzeta plastov\u00e1 prieh\u013eadn\u00e1<br \/>\n1x plastov\u00e1 pipeta 3 ml<br \/>\n1x ru\u010dn\u00e1 lupa - 2x - 30 mm<br \/>\n1x penov\u00fd stiera\u010d 150x18x2,5mm<br \/>\n1x fotografick\u00fd chrb\u00e1t - p\u00fa\u0161\u0165 - 20\u00d710<\/p>\n<p><strong>Popis \u0160tartovacia sada:<\/strong><br \/>\nT\u00e1to \u0161tartovacia sada je vhodn\u00e1 najm\u00e4 pre r\u00f4zne druhy rodu Messor. Jedna z dvoch fariem je ur\u010den\u00e1 na uskladnenie semien a mrav\u010dieho chleba, a preto by mala by\u0165 udr\u017eiavan\u00e1 v \u00faplnom suchu, aby semen\u00e1\/zrn\u00e1, ktor\u00e9 tam mravce uskladnia, nevykl\u00ed\u010dili alebo nesplesniveli.<br \/>\nDo \u00faplne prieh\u013eadn\u00fdch fariem sa daj\u00fa vlo\u017ei\u0165 \"dosky Digfix\". Alternat\u00edvne v\u0161ak m\u00f4\u017eete na vyplnenie fariem pou\u017ei\u0165 aj \"P\u00f4du - p\u00fa\u0161\u0165\". V pr\u00edpade potreby mo\u017eno cez 50 mm otvory v kryte pripoji\u0165 \u010fal\u0161ie moduly, napr. samostatne dostupn\u00e9 hmlovacie zariadenia, ventil\u00e1tory alebo svetl\u00e1. Pr\u00edpadne s\u00fa s\u00fa\u010das\u0165ou dod\u00e1vky vhodn\u00e9 mrie\u017ekov\u00e9 vlo\u017eky na uzavretie otvorov. V pr\u00edpade potreby mo\u017eno formik\u00e1rium prev\u00e1dzkova\u0165 aj v otvorenom stave jednoduch\u00fdm nasaden\u00edm odn\u00edmate\u013en\u00e9ho r\u00e1mu a nanesen\u00edm oleja na ochranu proti \u00faniku mravcov na okraj.<\/p>\n<p><strong>D\u00f4le\u017eit\u00e9:<\/strong> Pred pou\u017eit\u00edm substr\u00e1t navlh\u010dite, aby sa zmes mohla spoji\u0165 a pevne dr\u017ea\u0165 v mravenisku. Okrem toho, ak je substr\u00e1t pr\u00edli\u0161 such\u00fd a pra\u0161n\u00fd, m\u00f4\u017ee d\u00f4js\u0165 k zablokovaniu d\u00fdchac\u00edch ciest mravcov a v najhor\u0161om pr\u00edpade sa zvierat\u00e1 m\u00f4\u017eu udusi\u0165.<\/p>\n<p><strong>Odpor\u00fa\u010danie:<\/strong> Odpor\u00fa\u010dame vrstvu substr\u00e1tu s v\u00fd\u0161kou 2 mm, aby sa zvierat\u00e1 nemohli zahraba\u0165 do ar\u00e9ny a namiesto toho pou\u017e\u00edvali na tento \u00fa\u010del poskytnut\u00fd statok. Odpor\u00fa\u010dame tie\u017e, aby bol hniezdny materi\u00e1l vo farme (piesok\/hlina, Digfix at\u010f.) na jednom mieste \u013eahko napichan\u00fd, aby sa zvierat\u00e1m u\u013eah\u010dilo hrabanie.<\/p>\n<p><strong>Pozn\u00e1mky k v\u00fdrobe<\/strong><br \/>\nSklo sa br\u00fasi pod\u013ea normy DIN 1249 s toleranciou +\/- 1 mm. V pr\u00edpade extr\u00e9mne mal\u00fdch druhov mravcov je nevyhnutn\u00e1 dodato\u010dn\u00e1 ochrana proti \u00faniku.<\/p>\n<p><strong>Pozn\u00e1mky k farme<\/strong><br \/>\nPri prip\u00e1jan\u00ed alebo odoberan\u00ed had\u00edc dbajte na nasleduj\u00face pokyny:<br \/>\nAk sa r\u00farka ve\u013emi \u0165a\u017eko nasadzuje na pripojovaciu z\u00e1suvku, treba z\u00e1suvku z\u013eahka potrie\u0165 kvapkou n\u00e1\u0161ho oleja alebo pr\u00e1\u0161ku proti praskaniu. Hadica by sa potom mala nasun\u00fa\u0165 na obj\u00edmku kr\u00fatiacimi alebo skrutkovac\u00edmi pohybmi bez toho, aby sa obj\u00edmka nam\u00e1hala pohybmi nahor a nadol. To ist\u00e9 plat\u00ed aj pri odstra\u0148ovan\u00ed had\u00edc z pripojovacej z\u00e1suvky farmy. Neodstra\u0148ujte ju jednoducho!<\/p>\n<p><strong>Pozn\u00e1mka k slu\u017ebe Digfix:<\/strong> Prirodzen\u00e1 farba sa m\u00f4\u017ee pohybova\u0165 medzi zelenou\/\u0161edo-hnedou a zemito-hnedou. Farebn\u00fd t\u00f3n nem\u00e1 vplyv na kvalitu.<\/p>\n<p><strong>Pokyny: <\/strong>(Verzia 2023, aktualizovan\u00e1 verzia pre rok 2024 bude k dispoz\u00edcii najnesk\u00f4r do 04\/2024)<br \/>\n<span data-sheets-root=\"1\" data-sheets-value=\"{&quot;1&quot;:2,&quot;2&quot;:&quot;DE Gebrauchsanweisung Starter Set Ernteameisen (PDF 2,50 MB)&quot;}\" data-sheets-userformat=\"{&quot;2&quot;:513,&quot;3&quot;:{&quot;1&quot;:0},&quot;12&quot;:0}\" data-sheets-hyperlink=\"https:\/\/www.antstore.net\/shop\/images\/info\/de\/Gebrauchsanweisung Starter Set Ernteameisen.pdf\" data-sheets-hyperlinkruns=\"{&quot;1&quot;:3,&quot;2&quot;:&quot;https:\/\/www.antstore.net\/shop\/images\/info\/de\/Gebrauchsanweisung Starter Set Ernteameisen.pdf&quot;}\uee10{&quot;1&quot;:46}\"><a class=\"in-cell-link\" href=\"https:\/\/www.antstore.net\/shop\/images\/info\/de\/Gebrauchsanweisung Starter Set Ernteameisen.pdf\" target=\"_blank\" rel=\"noopener\">- DE <\/a><a class=\"in-cell-link\" href=\"https:\/\/www.antstore.net\/shop\/images\/info\/de\/Gebrauchsanweisung Starter Set Ernteameisen.pdf\" target=\"_blank\" rel=\"noopener\">Gebrauchsanweisung Starter Set Ernteameisen<\/a><a class=\"in-cell-link\" href=\"https:\/\/www.antstore.net\/shop\/images\/info\/de\/Gebrauchsanweisung Starter Set Ernteameisen.pdf\" target=\"_blank\" rel=\"noopener\"> (PDF 2,50 MB)<\/a><\/span><br \/>\n<a href=\"https:\/\/www.antstore.net\/shop\/images\/info\/en\/Instructions%20for%20use%20-%20Starter%20Set%20for%20Harvester%20Ants.pdf\">- SK N\u00e1vod na pou\u017eitie - \u0161tartovacia sada pre mravce zbera\u010de (PDF 2,50 MB)<\/a><br \/>\n<a href=\"https:\/\/www.antstore.net\/shop\/images\/info\/es\/Manual%20de%20instrucciones%20-%20Set%20de%20inicio%20para%20las%20hormigas%20de%20la%20cosecha%20_%20messor.pdf\">- ES Manual de instrucciones - Set de inicio para las hormigas de la cosecha _ messor (PDF 2,50 MB)<\/a><br \/>\n<a href=\"https:\/\/www.antstore.net\/shop\/images\/info\/fr\/Manuel%20d'instruction%20-%20Kit%20de%20d%C3%A9marrage%20pour%20les%20fourmis%20moissonneuses_%20Messor.pdf\">- FR Manuel d'instruction - Kit de d\u00e9marrage pour les fourmis moissonneuses_ Messor (PDF 2,50 MB)<\/a><\/p>\n<p><strong>Pozn\u00e1mky k z\u00e1pasu Cricket Jam:<\/strong><br \/>\nNa\u0161e blan\u0161\u00edrovan\u00e9 cvr\u010dky predstavuj\u00fa jednoduch\u00fd sp\u00f4sob, ako mravcom poskytn\u00fa\u0165 \u010derstvo konzervovan\u00fa bielkovinov\u00fa potravu bez toho, aby ste museli k\u0155mi\u0165 \u017eiv\u00fdm hmyzom. Obsiahnut\u00e9 cvr\u010dky (Acheta domesticus) boli jemne blan\u0161\u00edrovan\u00e9, aby sa zabezpe\u010dilo zachovanie nutri\u010dn\u00fdch hodn\u00f4t, chuti a v\u00f4ne. Okrem toho sa t\u00fdmto sp\u00f4sobom zm\u00e4k\u010duje chit\u00ednov\u00e1 schr\u00e1nka hmyzu, aby sa \u013eah\u0161ie tr\u00e1vila. V\u00e4zby kolag\u00e9nov\u00fdch bielkov\u00edn sa rozbij\u00fa, aby ich mravce mohli lep\u0161ie vyu\u017ei\u0165. Konzervy Acheta domesticus maj\u00fa rovnak\u00fa v\u00fd\u017eivov\u00fa hodnotu ako \u017eiv\u00e9 cvr\u010dky, ale s\u00fa \u013eah\u0161ie str\u00e1vite\u013en\u00e9.<\/p>\n<p>Cricket Jam nie je vhodn\u00fd na lov druhov mravcov, ktor\u00e9 vy\u017eaduj\u00fa \u017eiv\u00fa potravu (napr. poniklecov (ve\u013ek\u00fdch mravcov), ako s\u00fa Harpegnathos alebo Odontomachus).<\/p>\n<p><strong>\u010eal\u0161ie v\u00fdhody:<\/strong><br \/>\nZaru\u010dene bez rozto\u010dov<br \/>\nM\u00f4\u017ee sa porciova\u0165 a riedi\u0165 vodou<br \/>\nSterilizovan\u00e9 a v\u00e1kuovo balen\u00e9<br \/>\nBez pr\u00eddavn\u00fdch l\u00e1tok<br \/>\nCvr\u010dky z udr\u017eate\u013en\u00e9ho \u010disto ekologick\u00e9ho chovu, k\u0155men\u00e9 organick\u00fdm odpadom<\/p>\n<p><strong>Pozn\u00e1mka:<\/strong><br \/>\nPo otvoren\u00ed sa m\u00f4\u017ee uchov\u00e1va\u0165 v chladni\u010dke pribli\u017ene \u0161tyri dni. Pri zmrazen\u00ed je trvanlivos\u0165 dlh\u0161ia.<br \/>\n<strong>Pozor:<\/strong> Najprv porciujte, potom zmrazte.<\/p>","protected":false},"excerpt":{"rendered":"<p>S\u00faprava pozost\u00e1va z 39 dielov<br \/>\nVe\u013ekos\u0165: M<\/p>","protected":false},"featured_media":7113,"comment_status":"open","ping_status":"closed","template":"","meta":{"_acf_changed":false,"content-type":"","_monsterinsights_skip_tracking":false,"_monsterinsights_sitenote_active":false,"_monsterinsights_sitenote_note":"","_monsterinsights_sitenote_category":0},"product_brand":[],"product_cat":[355,353,73],"product_tag":[],"class_list":{"0":"post-5347","1":"product","2":"type-product","3":"status-publish","4":"has-post-thumbnail","6":"product_cat-bundle-offers","7":"product_cat-starter-sets-for-harvester-ants","8":"product_cat-starter-sets","10":"first","11":"instock","12":"taxable","13":"shipping-taxable","14":"purchasable","15":"product-type-simple"},"acf":[],"aioseo_notices":[],"jetpack_sharing_enabled":true,"_links":{"self":[{"href":"https:\/\/antcube.shop\/sk\/wp-json\/wp\/v2\/product\/5347","targetHints":{"allow":["GET"]}}],"collection":[{"href":"https:\/\/antcube.shop\/sk\/wp-json\/wp\/v2\/product"}],"about":[{"href":"https:\/\/antcube.shop\/sk\/wp-json\/wp\/v2\/types\/product"}],"replies":[{"embeddable":true,"href":"https:\/\/antcube.shop\/sk\/wp-json\/wp\/v2\/comments?post=5347"}],"wp:featuredmedia":[{"embeddable":true,"href":"https:\/\/antcube.shop\/sk\/wp-json\/wp\/v2\/media\/7113"}],"wp:attachment":[{"href":"https:\/\/antcube.shop\/sk\/wp-json\/wp\/v2\/media?parent=5347"}],"wp:term":[{"taxonomy":"product_brand","embeddable":true,"href":"https:\/\/antcube.shop\/sk\/wp-json\/wp\/v2\/product_brand?post=5347"},{"taxonomy":"product_cat","embeddable":true,"href":"https:\/\/antcube.shop\/sk\/wp-json\/wp\/v2\/product_cat?post=5347"},{"taxonomy":"product_tag","embeddable":true,"href":"https:\/\/antcube.shop\/sk\/wp-json\/wp\/v2\/product_tag?post=5347"}],"curies":[{"name":"wp","href":"https:\/\/api.w.org\/{rel}","templated":true}]}}