{"id":4873,"date":"2022-12-07T14:03:10","date_gmt":"2022-12-07T13:03:10","guid":{"rendered":"https:\/\/antcube.shop\/produkt\/combi-balkon\/"},"modified":"2026-04-01T13:28:16","modified_gmt":"2026-04-01T11:28:16","slug":"kombinovany-balon","status":"publish","type":"product","link":"https:\/\/antcube.shop\/sk\/produkt\/kombinovany-balon\/","title":{"rendered":"Kombinovan\u00fd syst\u00e9m - balk\u00f3n"},"content":{"rendered":"<p style=\"margin-bottom: 0cm;\"><strong>Rozmery:<\/strong> 19x6x8 cm<\/p>\n<p><strong>Materi\u00e1l:<\/strong> PMMA<\/p>\n<p><strong>Farba:<\/strong> kri\u0161t\u00e1\u013eovo \u010dist\u00fd, prieh\u013eadn\u00fd, priesvitn\u00fd<\/p>\n<p><strong>Obsah:<\/strong><br \/>\n1x z\u00e1kladn\u00e1 doska<br \/>\n2x dr\u017eiak<br \/>\n1x \u00fazka rampa (pre mal\u00e9 mravce)<br \/>\n1x \u0161irok\u00e1 rampa (pre ve\u013ek\u00e9 mravce)<\/p>\n<p><strong>Pozn\u00e1mka:<\/strong> Diely sa dod\u00e1vaj\u00fa ako s\u00faprava alebo z\u00e1suvn\u00fd syst\u00e9m. Nie je potrebn\u00e9 \u017eiadne lepenie.<\/p>\n<p><strong>Pripojenie:<\/strong><br \/>\nMo\u017eno ho pripoji\u0165 ku v\u0161etk\u00fdm ar\u00e9nam Combi 20x20x20 cm vo ve\u013ekostiach S, M, L.<\/p>\n<p><strong>Popis: V s\u00fa\u010dasnosti je na trhu viac ako 10 000 zariaden\u00ed, ktor\u00e9 s\u00fa ur\u010den\u00e9 na predaj:<\/strong> Combi-Balcony sa jednoducho pripoj\u00ed k existuj\u00facemu zariadeniu Arena Combi. Balk\u00f3n sl\u00fa\u017ei ako roz\u0161\u00edrenie ar\u00e9ny a u\u013eah\u010duje mravcom v\u00fdstup alebo zostup z hornej \u010dasti hniezda ar\u00e9ny. K dispoz\u00edcii je \u00fazka pom\u00f4cka na lezenie pre mal\u00e9 druhy mravcov, ako je Lasius niger, a \u0161ir\u0161ia pre druhy, ako je Camponotus. Vyv\u00fd\u0161en\u00fa plo\u0161inu mo\u017eno pou\u017ei\u0165 ako k\u0155mnu plochu na umiestnenie misiek alebo nap\u00e1ja\u010diek. Zjednodu\u0161uje pr\u00e1cu pri starostlivosti a \u00fadr\u017ebe v\u010faka bl\u00edzkosti horn\u00e9ho otvoru a udr\u017eiava spodn\u00fd substr\u00e1t bez zvy\u0161kov potravy. V\u010faka prieh\u013eadn\u00e9mu materi\u00e1lu sa Combi Balcony dokonale hod\u00ed do Combi Ar\u00e9ny bez toho, aby br\u00e1nil vo v\u00fdh\u013eade na hniezdny priestor, a navy\u0161e sa \u013eahko \u010dist\u00ed.<\/p>\n<p style=\"margin-bottom: 0cm;\">","protected":false},"excerpt":{"rendered":"<p>Rozmery: Materi\u00e1l: 19x6x8 cm Farba: kri\u0161t\u00e1\u013eovo \u010d\u00edra, prieh\u013eadn\u00e1, priesvitn\u00e1 Obsah: 1x z\u00e1kladn\u00e1 doska 2x dr\u017eiak 1x rampa \u00fazka (pre mal\u00e9 mravce) 1x rampa \u0161irok\u00e1 (pre ve\u013ek\u00e9 mravce) Pozn\u00e1mka: Diely sa dod\u00e1vaj\u00fa ako s\u00faprava alebo z\u00e1suvn\u00fd syst\u00e9m. Nie je potrebn\u00e9 \u017eiadne lepenie. Pripojenie: M\u00f4\u017ee by\u0165 zapojen\u00e9 do v\u0161etk\u00fdch ar\u00e9n Combi 20x20x20 cm v","protected":false},"featured_media":4875,"comment_status":"open","ping_status":"closed","template":"","meta":{"_acf_changed":false,"content-type":"","_monsterinsights_skip_tracking":false,"_monsterinsights_sitenote_active":false,"_monsterinsights_sitenote_note":"","_monsterinsights_sitenote_category":0},"product_brand":[],"product_cat":[239],"product_tag":[],"class_list":{"0":"post-4873","1":"product","2":"type-product","3":"status-publish","4":"has-post-thumbnail","6":"product_cat-useful-additions","8":"first","9":"instock","10":"taxable","11":"shipping-taxable","12":"purchasable","13":"product-type-simple"},"acf":[],"aioseo_notices":[],"jetpack_sharing_enabled":true,"_links":{"self":[{"href":"https:\/\/antcube.shop\/sk\/wp-json\/wp\/v2\/product\/4873","targetHints":{"allow":["GET"]}}],"collection":[{"href":"https:\/\/antcube.shop\/sk\/wp-json\/wp\/v2\/product"}],"about":[{"href":"https:\/\/antcube.shop\/sk\/wp-json\/wp\/v2\/types\/product"}],"replies":[{"embeddable":true,"href":"https:\/\/antcube.shop\/sk\/wp-json\/wp\/v2\/comments?post=4873"}],"wp:featuredmedia":[{"embeddable":true,"href":"https:\/\/antcube.shop\/sk\/wp-json\/wp\/v2\/media\/4875"}],"wp:attachment":[{"href":"https:\/\/antcube.shop\/sk\/wp-json\/wp\/v2\/media?parent=4873"}],"wp:term":[{"taxonomy":"product_brand","embeddable":true,"href":"https:\/\/antcube.shop\/sk\/wp-json\/wp\/v2\/product_brand?post=4873"},{"taxonomy":"product_cat","embeddable":true,"href":"https:\/\/antcube.shop\/sk\/wp-json\/wp\/v2\/product_cat?post=4873"},{"taxonomy":"product_tag","embeddable":true,"href":"https:\/\/antcube.shop\/sk\/wp-json\/wp\/v2\/product_tag?post=4873"}],"curies":[{"name":"wp","href":"https:\/\/api.w.org\/{rel}","templated":true}]}}