{"id":4860,"date":"2022-12-05T18:09:08","date_gmt":"2022-12-05T17:09:08","guid":{"rendered":"https:\/\/antcube.shop\/produkt\/pinzette-federstahl-lang\/"},"modified":"2026-03-31T13:05:05","modified_gmt":"2026-03-31T11:05:05","slug":"pinzeta-priruba-ocel-dlha","status":"publish","type":"product","link":"https:\/\/antcube.shop\/sk\/produkt\/pinzeta-priruba-ocel-dlha\/","title":{"rendered":"Pinzeta z pru\u017einovej ocele - dlh\u00e1"},"content":{"rendered":"<p>D\u013a\u017eka: 175 mm<\/p>\n<p>Materi\u00e1l: pru\u017einov\u00e1 oce\u013e, nerez<\/p>\n<p>Popis: V s\u00fa\u010dasnosti sa nach\u00e1dza na \u00fazem\u00ed Slovenskej republiky: Pru\u017einov\u00e1 oce\u013eov\u00e1 pinzeta s dlh\u00fdm hrotom (17,5 cm), nerezov\u00e1. Ide\u00e1lna na \"zbieranie\" mravcov, preto\u017ee tlak pri stl\u00e1\u010dan\u00ed je pri tomto type pinzety obmedzen\u00fd, a mravce preto nemo\u017eno \"rozdrvi\u0165\".<\/p>\n<p>&nbsp;<\/p>\n<div style=\"width: 1020px;\" class=\"wp-video\"><video class=\"wp-video-shortcode\" id=\"video-4860-1\" width=\"1020\" height=\"574\" preload=\"metadata\" controls=\"controls\"><source type=\"video\/mp4\" src=\"https:\/\/antcube.shop\/wp-content\/uploads\/2024\/05\/Antcube_Tweezers-spring-steel-\u2013-long_Amazon_preview01.mp4?_=1\" \/><a href=\"https:\/\/antcube.shop\/wp-content\/uploads\/2024\/05\/Antcube_Tweezers-spring-steel---long_Amazon_preview01.mp4\">https:\/\/antcube.shop\/wp-content\/uploads\/2024\/05\/Antcube_Tweezers-spring-steel---long_Amazon_preview01.mp4<\/a><\/video><\/div>\n<p>&nbsp;<\/p>\n<p>&nbsp;<\/p>","protected":false},"excerpt":{"rendered":"<p>D\u013a\u017eka: 175 mm, Materi\u00e1l: pru\u017einov\u00e1 oce\u013e, nerez<\/p>","protected":false},"featured_media":4863,"comment_status":"open","ping_status":"closed","template":"","meta":{"_acf_changed":false,"content-type":"","_monsterinsights_skip_tracking":false,"_monsterinsights_sitenote_active":false,"_monsterinsights_sitenote_note":"","_monsterinsights_sitenote_category":0},"product_brand":[],"product_cat":[237],"product_tag":[],"class_list":{"0":"post-4860","1":"product","2":"type-product","3":"status-publish","4":"has-post-thumbnail","6":"product_cat-tools","8":"first","9":"instock","10":"taxable","11":"shipping-taxable","12":"purchasable","13":"product-type-simple"},"acf":[],"aioseo_notices":[],"jetpack_sharing_enabled":true,"_links":{"self":[{"href":"https:\/\/antcube.shop\/sk\/wp-json\/wp\/v2\/product\/4860","targetHints":{"allow":["GET"]}}],"collection":[{"href":"https:\/\/antcube.shop\/sk\/wp-json\/wp\/v2\/product"}],"about":[{"href":"https:\/\/antcube.shop\/sk\/wp-json\/wp\/v2\/types\/product"}],"replies":[{"embeddable":true,"href":"https:\/\/antcube.shop\/sk\/wp-json\/wp\/v2\/comments?post=4860"}],"wp:featuredmedia":[{"embeddable":true,"href":"https:\/\/antcube.shop\/sk\/wp-json\/wp\/v2\/media\/4863"}],"wp:attachment":[{"href":"https:\/\/antcube.shop\/sk\/wp-json\/wp\/v2\/media?parent=4860"}],"wp:term":[{"taxonomy":"product_brand","embeddable":true,"href":"https:\/\/antcube.shop\/sk\/wp-json\/wp\/v2\/product_brand?post=4860"},{"taxonomy":"product_cat","embeddable":true,"href":"https:\/\/antcube.shop\/sk\/wp-json\/wp\/v2\/product_cat?post=4860"},{"taxonomy":"product_tag","embeddable":true,"href":"https:\/\/antcube.shop\/sk\/wp-json\/wp\/v2\/product_tag?post=4860"}],"curies":[{"name":"wp","href":"https:\/\/api.w.org\/{rel}","templated":true}]}}