{"id":4747,"date":"2022-11-14T15:08:27","date_gmt":"2022-11-14T14:08:27","guid":{"rendered":"https:\/\/antcube.shop\/produkt\/beckenverbinder-3-4-beidseitig-fur-bohrung-27-mm\/"},"modified":"2026-04-15T15:04:19","modified_gmt":"2026-04-15T13:04:19","slug":"beckenverbinder-3-4-beidseitig-fur-bohrung-27-mm","status":"publish","type":"product","link":"https:\/\/antcube.shop\/sk\/produkt\/beckenverbinder-3-4-beidseitig-fur-bohrung-27-mm\/","title":{"rendered":"Spojka um\u00fdvadla 3\/4\" - na oboch stran\u00e1ch pre otvor 27 mm"},"content":{"rendered":"<p><strong>Rozmery:<\/strong> pre otvor 27 mm<\/p>\n<p><strong>Obsah:<\/strong> 1x skrutkovac\u00ed adapt\u00e9r (<strong>POZOR<\/strong>: Z\u00e1vitov\u00e9 matice nie s\u00fa s\u00fa\u010das\u0165ou dod\u00e1vky, pozri \u010das\u0165 \"S\u00favisiace produkty\").<\/p>\n<p><strong>Popis: V s\u00fa\u010dasnosti je na trhu viac ako 10 000 zariaden\u00ed, ktor\u00e9 s\u00fa ur\u010den\u00e9 na predaj:<\/strong> Pomocou tejto spojky mo\u017eno navz\u00e1jom prepoji\u0165 dve um\u00fdvadl\u00e1 alebo aj dve farmy ve\u013ekosti XL. Otvory musia by\u0165 v rovnakej v\u00fd\u0161ke v um\u00fdvadl\u00e1ch, ktor\u00e9 chcete prepoji\u0165. Konektor sa zasunie cez ka\u017ed\u00fd z otvorov a priskrutkuje sa pomocou samostatne dostupnej poistnej matice. T\u00fdm sa zabezpe\u010d\u00ed, \u017ee spojenie je odoln\u00e9 proti prerazeniu a bezpe\u010dne dr\u017e\u00ed aj pri premiest\u0148ovan\u00ed um\u00fdvadiel.<\/p>\n<p>&nbsp;<\/p>","protected":false},"excerpt":{"rendered":"<p>Rozmery: pre otvor 27 mm Obsah: (POZOR: z\u00e1vitov\u00e9 matice nie s\u00fa s\u00fa\u010das\u0165ou dod\u00e1vky, pozri v \u010dasti \"S\u00favisiace produkty\"). Popis: Sada obsahuje skrutku na skrutky s priemerom 1,5 mm: Pomocou tohto spojovacieho prvku mo\u017eno navz\u00e1jom spoji\u0165 dve um\u00fdvadl\u00e1 alebo tie\u017e dve farmy ve\u013ekosti XL. Otvory musia by\u0165 v rovnakej v\u00fd\u0161ke v um\u00fdvadl\u00e1ch, ktor\u00e9 chcete prepoji\u0165. Na str\u00e1nke  sa nach\u00e1dza","protected":false},"featured_media":4755,"comment_status":"open","ping_status":"closed","template":"","meta":{"_acf_changed":false,"content-type":"","_monsterinsights_skip_tracking":false,"_monsterinsights_sitenote_active":false,"_monsterinsights_sitenote_note":"","_monsterinsights_sitenote_category":0},"product_brand":[],"product_cat":[121],"product_tag":[],"class_list":{"0":"post-4747","1":"product","2":"type-product","3":"status-publish","4":"has-post-thumbnail","6":"product_cat-connectors","8":"first","9":"instock","10":"taxable","11":"shipping-taxable","12":"purchasable","13":"product-type-simple"},"acf":[],"aioseo_notices":[],"jetpack_sharing_enabled":true,"_links":{"self":[{"href":"https:\/\/antcube.shop\/sk\/wp-json\/wp\/v2\/product\/4747","targetHints":{"allow":["GET"]}}],"collection":[{"href":"https:\/\/antcube.shop\/sk\/wp-json\/wp\/v2\/product"}],"about":[{"href":"https:\/\/antcube.shop\/sk\/wp-json\/wp\/v2\/types\/product"}],"replies":[{"embeddable":true,"href":"https:\/\/antcube.shop\/sk\/wp-json\/wp\/v2\/comments?post=4747"}],"wp:featuredmedia":[{"embeddable":true,"href":"https:\/\/antcube.shop\/sk\/wp-json\/wp\/v2\/media\/4755"}],"wp:attachment":[{"href":"https:\/\/antcube.shop\/sk\/wp-json\/wp\/v2\/media?parent=4747"}],"wp:term":[{"taxonomy":"product_brand","embeddable":true,"href":"https:\/\/antcube.shop\/sk\/wp-json\/wp\/v2\/product_brand?post=4747"},{"taxonomy":"product_cat","embeddable":true,"href":"https:\/\/antcube.shop\/sk\/wp-json\/wp\/v2\/product_cat?post=4747"},{"taxonomy":"product_tag","embeddable":true,"href":"https:\/\/antcube.shop\/sk\/wp-json\/wp\/v2\/product_tag?post=4747"}],"curies":[{"name":"wp","href":"https:\/\/api.w.org\/{rel}","templated":true}]}}