{"id":4743,"date":"2022-11-14T15:07:05","date_gmt":"2022-11-14T14:07:05","guid":{"rendered":"https:\/\/antcube.shop\/produkt\/rohrverbinder-glasklar-fur-20mm-l\/"},"modified":"2026-04-15T21:41:12","modified_gmt":"2026-04-15T19:41:12","slug":"spojka-na-rurku-kristalovo-cira-pre-20-mm-l","status":"publish","type":"product","link":"https:\/\/antcube.shop\/sk\/produkt\/spojka-na-rurku-kristalovo-cira-pre-20-mm-l\/","title":{"rendered":"Spojka na r\u00farku kri\u0161t\u00e1\u013eovo \u010d\u00edra pre 20 mm - L"},"content":{"rendered":"<p>Rozmery (Dx\u0160xV): 4,2 \u00d7 2,5 \u00d7 4,2 cm<br \/>\nVn\u00fatorn\u00fd priemer: 20 mm<\/p>\n<p>Materi\u00e1l: Akryl<\/p>\n<p>Farba: Bezfarebn\u00e1\/prieh\u013eadn\u00e1\/\u010dierna<\/p>\n<p>Obsah: Obsahuje: 1ks.<\/p>\n<p>Technick\u00e9 \u0161pecifik\u00e1cie:<br \/>\nSpojka na potrubie tvaru L akrylov\u00fd priemer 25 mm pre 20 mm r\u00farku.<\/p>\n<p>Popis: V s\u00fa\u010dasnosti je na trhu viac ako 10 000 zariaden\u00ed, ktor\u00e9 s\u00fa ur\u010den\u00e9 na predaj:<br \/>\nSpojka na r\u00farky z prieh\u013eadn\u00e9ho akrylu na sp\u00e1janie akrylov\u00fdch r\u00farok.<\/p>\n<p>Upozornenie:<br \/>\nPri mont\u00e1\u017ei r\u00farok dbajte na nasledovn\u00e9:<br \/>\nVzh\u013eadom na vlastnosti materi\u00e1lu akryl\u00e1tu sa treba za ka\u017ed\u00fa cenu vyhn\u00fa\u0165 tlaku a p\u00e1ke. Ak je spojenie \u0165a\u017ek\u00e9, spojte ho opatrn\u00fdmi kr\u00fa\u017eiv\u00fdmi pohybmi a v pr\u00edpade potreby potrite trochou oleja proti vylomeniu.<\/p>\n<p>&nbsp;<\/p>","protected":false},"excerpt":{"rendered":"<p>Rozmery (Dx\u0160xV): 5,6\u00d72,5x4cm Vn\u00fatorn\u00fd priemer: 20 mm Materi\u00e1l:  Obsah: 1ks. Technick\u00e9 \u0161pecifik\u00e1cie: Priemer akrylu 25 mm pre 20 mm r\u00farku. Popis: D\u013a\u017eka r\u00farky: 1,5 mm: Spojka na potrubie z prieh\u013eadn\u00e9ho akrylu na sp\u00e1janie akrylov\u00fdch r\u00farok. Upozornenie: Pri mont\u00e1\u017ei r\u00farok dbajte na nasledovn\u00e9: Vzh\u013eadom na materi\u00e1lov\u00e9 vlastnosti akryl\u00e1tu je potrebn\u00e9 dodr\u017eiava\u0165 tlak a p\u00e1kov\u00fd efekt, aby sa [...]","protected":false},"featured_media":4773,"comment_status":"open","ping_status":"closed","template":"","meta":{"_acf_changed":false,"content-type":"","_monsterinsights_skip_tracking":false,"_monsterinsights_sitenote_active":false,"_monsterinsights_sitenote_note":"","_monsterinsights_sitenote_category":0},"product_brand":[],"product_cat":[345],"product_tag":[],"class_list":{"0":"post-4743","1":"product","2":"type-product","3":"status-publish","4":"has-post-thumbnail","6":"product_cat-pipe-connectors","8":"first","9":"instock","10":"taxable","11":"shipping-taxable","12":"purchasable","13":"product-type-simple"},"acf":[],"aioseo_notices":[],"jetpack_sharing_enabled":true,"_links":{"self":[{"href":"https:\/\/antcube.shop\/sk\/wp-json\/wp\/v2\/product\/4743","targetHints":{"allow":["GET"]}}],"collection":[{"href":"https:\/\/antcube.shop\/sk\/wp-json\/wp\/v2\/product"}],"about":[{"href":"https:\/\/antcube.shop\/sk\/wp-json\/wp\/v2\/types\/product"}],"replies":[{"embeddable":true,"href":"https:\/\/antcube.shop\/sk\/wp-json\/wp\/v2\/comments?post=4743"}],"wp:featuredmedia":[{"embeddable":true,"href":"https:\/\/antcube.shop\/sk\/wp-json\/wp\/v2\/media\/4773"}],"wp:attachment":[{"href":"https:\/\/antcube.shop\/sk\/wp-json\/wp\/v2\/media?parent=4743"}],"wp:term":[{"taxonomy":"product_brand","embeddable":true,"href":"https:\/\/antcube.shop\/sk\/wp-json\/wp\/v2\/product_brand?post=4743"},{"taxonomy":"product_cat","embeddable":true,"href":"https:\/\/antcube.shop\/sk\/wp-json\/wp\/v2\/product_cat?post=4743"},{"taxonomy":"product_tag","embeddable":true,"href":"https:\/\/antcube.shop\/sk\/wp-json\/wp\/v2\/product_tag?post=4743"}],"curies":[{"name":"wp","href":"https:\/\/api.w.org\/{rel}","templated":true}]}}