{"id":4742,"date":"2022-11-14T15:06:48","date_gmt":"2022-11-14T14:06:48","guid":{"rendered":"https:\/\/antcube.shop\/produkt\/rohrverbinder-glasklar-fur-20mm-45\/"},"modified":"2026-04-20T09:57:24","modified_gmt":"2026-04-20T07:57:24","slug":"rurkovy-spojovaci-prvok-krystalovo-cierny-pre-20mm-45","status":"publish","type":"product","link":"https:\/\/antcube.shop\/sk\/produkt\/rurkovy-spojovaci-prvok-krystalovo-cierny-pre-20mm-45\/","title":{"rendered":"Kri\u0161t\u00e1\u013eovo \u010d\u00edry konektor pre 20 mm - 45\u00b0"},"content":{"rendered":"<p><strong>Rozmery (Dx\u0160xV):<\/strong> 5 \u00d7 2,5 \u00d7 3,5 cm<br \/>\n<strong>Vn\u00fatorn\u00fd priemer:<\/strong> 20 mm<\/p>\n<p><strong>Materi\u00e1l:<\/strong> Akryl<\/p>\n<p><strong>Farba:<\/strong> Bezfarebn\u00e9\/prieh\u013eadn\u00e9\/\u010dierne<\/p>\n<p><strong>Obsah:<\/strong> 1ks.<\/p>\n<p><strong>Technick\u00e9 \u0161pecifik\u00e1cie:<\/strong><br \/>\nAkrylov\u00e1 spojka priemeru 25 mm pre 20 mm r\u00farky.<\/p>\n<p><strong>Popis: V s\u00fa\u010dasnosti je na trhu viac ako 10 000 zariaden\u00ed, ktor\u00e9 s\u00fa ur\u010den\u00e9 na predaj:<\/strong><br \/>\nSpojka na r\u00farky z prieh\u013eadn\u00e9ho akrylu na sp\u00e1janie akrylov\u00fdch r\u00farok pod uhlom 45\u00b0.<\/p>\n<p><strong>Upozornenie:<\/strong><br \/>\nPri mont\u00e1\u017ei r\u00farok dbajte na nasledovn\u00e9:<br \/>\nVzh\u013eadom na vlastnosti materi\u00e1lu akryl\u00e1tu sa treba za ka\u017ed\u00fa cenu vyhn\u00fa\u0165 tlaku a p\u00e1ke. Ak je spojenie \u0165a\u017ek\u00e9, spojte ho opatrn\u00fdmi kr\u00fa\u017eiv\u00fdmi pohybmi a v pr\u00edpade potreby potrite trochou oleja proti vylomeniu.<\/p>\n<p>&nbsp;<\/p>","protected":false},"excerpt":{"rendered":"<p>Rozmery (Dx\u0160xV): 5,6\u00d72,5x4cm Vn\u00fatorn\u00fd priemer: 20 mm Materi\u00e1l:  Obsah: 1ks. Technick\u00e9 \u0161pecifik\u00e1cie: Priemer akrylu 25 mm pre 20 mm r\u00farku. Popis: D\u013a\u017eka r\u00farky: 1,5 mm: Spojka na potrubie z prieh\u013eadn\u00e9ho akrylu na sp\u00e1janie akrylov\u00fdch r\u00farok. Upozornenie: Pri mont\u00e1\u017ei r\u00farok dbajte na nasledovn\u00e9: Vzh\u013eadom na materi\u00e1lov\u00e9 vlastnosti akryl\u00e1tu je potrebn\u00e9 dodr\u017eiava\u0165 tlak a p\u00e1kov\u00fd efekt, aby sa [...]","protected":false},"featured_media":4778,"comment_status":"open","ping_status":"closed","template":"","meta":{"_acf_changed":false,"content-type":"","_monsterinsights_skip_tracking":false,"_monsterinsights_sitenote_active":false,"_monsterinsights_sitenote_note":"","_monsterinsights_sitenote_category":0},"product_brand":[],"product_cat":[345],"product_tag":[],"class_list":{"0":"post-4742","1":"product","2":"type-product","3":"status-publish","4":"has-post-thumbnail","6":"product_cat-pipe-connectors","8":"first","9":"instock","10":"taxable","11":"shipping-taxable","12":"purchasable","13":"product-type-simple"},"acf":[],"aioseo_notices":[],"jetpack_sharing_enabled":true,"_links":{"self":[{"href":"https:\/\/antcube.shop\/sk\/wp-json\/wp\/v2\/product\/4742","targetHints":{"allow":["GET"]}}],"collection":[{"href":"https:\/\/antcube.shop\/sk\/wp-json\/wp\/v2\/product"}],"about":[{"href":"https:\/\/antcube.shop\/sk\/wp-json\/wp\/v2\/types\/product"}],"replies":[{"embeddable":true,"href":"https:\/\/antcube.shop\/sk\/wp-json\/wp\/v2\/comments?post=4742"}],"wp:featuredmedia":[{"embeddable":true,"href":"https:\/\/antcube.shop\/sk\/wp-json\/wp\/v2\/media\/4778"}],"wp:attachment":[{"href":"https:\/\/antcube.shop\/sk\/wp-json\/wp\/v2\/media?parent=4742"}],"wp:term":[{"taxonomy":"product_brand","embeddable":true,"href":"https:\/\/antcube.shop\/sk\/wp-json\/wp\/v2\/product_brand?post=4742"},{"taxonomy":"product_cat","embeddable":true,"href":"https:\/\/antcube.shop\/sk\/wp-json\/wp\/v2\/product_cat?post=4742"},{"taxonomy":"product_tag","embeddable":true,"href":"https:\/\/antcube.shop\/sk\/wp-json\/wp\/v2\/product_tag?post=4742"}],"curies":[{"name":"wp","href":"https:\/\/api.w.org\/{rel}","templated":true}]}}