{"id":4738,"date":"2022-11-14T15:05:46","date_gmt":"2022-11-14T14:05:46","guid":{"rendered":"https:\/\/antcube.shop\/produkt\/formicariendichtung-3-4-zoll-transparent\/"},"modified":"2026-04-08T08:47:40","modified_gmt":"2026-04-08T06:47:40","slug":"formikarium-tesnenie-3-4-palcove-priehladne","status":"publish","type":"product","link":"https:\/\/antcube.shop\/sk\/produkt\/formikarium-tesnenie-3-4-palcove-priehladne\/","title":{"rendered":"Tesnenie formik\u00e1ria 3\/4 palca - prieh\u013eadn\u00e9"},"content":{"rendered":"<p><strong>Obsah:<\/strong> 1x tesniaci kr\u00fa\u017eok<\/p>\n<p><strong>Farba:<\/strong> prieh\u013eadn\u00fd, mlie\u010dny<\/p>\n<p><strong>Materi\u00e1l:<\/strong> PE plast<\/p>\n<p><strong>Popis: V s\u00fa\u010dasnosti je na trhu viac ako 10 000 zariaden\u00ed, ktor\u00e9 s\u00fa ur\u010den\u00e9 na predaj:<\/strong> S t\u00fdmto tesniacim kr\u00fa\u017ekom sa daj\u00fa napr. lep\u0161ie a pevnej\u0161ie priskrutkova\u0165 zodpovedaj\u00face skrutkov\u00e9 spoje (3\/4\u2033).<br \/>\nChr\u00e1nite n\u00edm sklo alebo akryl pred po\u0161kriaban\u00edm.<\/p>\n<p>&nbsp;<\/p>","protected":false},"excerpt":{"rendered":"<p>Obsah: Farba: prieh\u013eadn\u00e1, mlie\u010dna Materi\u00e1l: PE plast Popis: Tesnenie je vyroben\u00e9 z plastu PE, ktor\u00fd je s\u00fa\u010das\u0165ou tesniaceho kr\u00fa\u017eku: S t\u00fdmto tesniacim kr\u00fa\u017ekom mo\u017eno napr. lep\u0161ie a pevnej\u0161ie zaskrutkova\u0165 zodpovedaj\u00face skrutkov\u00e9 spoje (3\/4\u2033). Ochr\u00e1nite n\u00edm sklo alebo akryl pred po\u0161kriaban\u00edm. &nbsp;<\/p>","protected":false},"featured_media":4787,"comment_status":"open","ping_status":"closed","template":"","meta":{"_acf_changed":false,"content-type":"","_monsterinsights_skip_tracking":false,"_monsterinsights_sitenote_active":false,"_monsterinsights_sitenote_note":"","_monsterinsights_sitenote_category":0},"product_brand":[],"product_cat":[121],"product_tag":[],"class_list":{"0":"post-4738","1":"product","2":"type-product","3":"status-publish","4":"has-post-thumbnail","6":"product_cat-connectors","8":"first","9":"instock","10":"taxable","11":"shipping-taxable","12":"purchasable","13":"product-type-simple"},"acf":[],"aioseo_notices":[],"jetpack_sharing_enabled":true,"_links":{"self":[{"href":"https:\/\/antcube.shop\/sk\/wp-json\/wp\/v2\/product\/4738","targetHints":{"allow":["GET"]}}],"collection":[{"href":"https:\/\/antcube.shop\/sk\/wp-json\/wp\/v2\/product"}],"about":[{"href":"https:\/\/antcube.shop\/sk\/wp-json\/wp\/v2\/types\/product"}],"replies":[{"embeddable":true,"href":"https:\/\/antcube.shop\/sk\/wp-json\/wp\/v2\/comments?post=4738"}],"wp:featuredmedia":[{"embeddable":true,"href":"https:\/\/antcube.shop\/sk\/wp-json\/wp\/v2\/media\/4787"}],"wp:attachment":[{"href":"https:\/\/antcube.shop\/sk\/wp-json\/wp\/v2\/media?parent=4738"}],"wp:term":[{"taxonomy":"product_brand","embeddable":true,"href":"https:\/\/antcube.shop\/sk\/wp-json\/wp\/v2\/product_brand?post=4738"},{"taxonomy":"product_cat","embeddable":true,"href":"https:\/\/antcube.shop\/sk\/wp-json\/wp\/v2\/product_cat?post=4738"},{"taxonomy":"product_tag","embeddable":true,"href":"https:\/\/antcube.shop\/sk\/wp-json\/wp\/v2\/product_tag?post=4738"}],"curies":[{"name":"wp","href":"https:\/\/api.w.org\/{rel}","templated":true}]}}