{"id":4737,"date":"2022-11-14T15:05:30","date_gmt":"2022-11-14T14:05:30","guid":{"rendered":"https:\/\/antcube.shop\/produkt\/bohrungsadapter-50-auf-27mm-transparent\/"},"modified":"2026-04-20T09:58:23","modified_gmt":"2026-04-20T07:58:23","slug":"adapter-na-otvory-50-az-27-mm-priehladny","status":"publish","type":"product","link":"https:\/\/antcube.shop\/sk\/produkt\/adapter-na-otvory-50-az-27-mm-priehladny\/","title":{"rendered":"Adapt\u00e9r na otvory 50 a\u017e 27 mm - transparentn\u00fd"},"content":{"rendered":"<p><strong>Obsah:<\/strong><br \/>\n1x akrylov\u00fd disk 50x4mm s 27mm otvorom<br \/>\n1x samolepiaca f\u00f3lia transparentn\u00e1 60 mm s otvorom 27 mm<\/p>\n<p><strong>Rozmery:<\/strong> 60x4 mm<\/p>\n<p><strong>Materi\u00e1l:<\/strong> PMMA, PP<\/p>\n<p><strong>Farba:<\/strong> prieh\u013eadn\u00e9 \/ kri\u0161t\u00e1\u013eovo \u010dist\u00e9<\/p>\n<p><strong>Popis: V s\u00fa\u010dasnosti je na trhu viac ako 10 000 zariaden\u00ed, ktor\u00e9 s\u00fa ur\u010den\u00e9 na predaj:<\/strong> Adapt\u00e9r na upevnenie prvkov s priemerom 27 mm do 50 mm otvoru.<br \/>\nVysokokvalitn\u00e1 transparentn\u00e1 lepiaca f\u00f3lia s ve\u013ekos\u0165ou 50 \u00b5 je odoln\u00e1 proti po\u0161kriabaniu, obsahuje ochrann\u00fa vrstvu proti UV \u017eiareniu a je trvalo pri\u013enav\u00e1.<br \/>\nTakto vznikne bezpe\u010dn\u00e9, pevn\u00e9 a vizu\u00e1lne kr\u00e1sne upevnenie adapt\u00e9ra.<\/p>\n<p><strong>Pozn\u00e1mka:<\/strong> Adapt\u00e9r otvoru nesmie by\u0165 za\u0165a\u017een\u00fd trval\u00fdm tlakom p\u00e1kov\u00e9ho efektu, inak sa m\u00f4\u017ee uvo\u013eni\u0165. Je vhodn\u00fd len pre priame spoje!<\/p>","protected":false},"excerpt":{"rendered":"<p>Obsah: 1x akrylov\u00fd disk 50x4mm s otvorom 27mm 1x samolepiaca f\u00f3lia transparentn\u00e1 60mm s otvorom 27mm Rozmery: Materi\u00e1l: 60x4mm PMMA, PP Farba: prieh\u013eadn\u00e1 \/ kri\u0161t\u00e1\u013eovo \u010dist\u00e1 Popis: Adapt\u00e9r na pripevnenie prvkov s priemerom 27 mm do otvoru 50 mm. Vysokokvalitn\u00e1 transparentn\u00e1 lepiaca f\u00f3lia 50\u00b5 je odoln\u00e1 proti po\u0161kriabaniu, obsahuje ochrann\u00fa vrstvu proti UV \u017eiareniu a je","protected":false},"featured_media":4887,"comment_status":"open","ping_status":"closed","template":"","meta":{"_acf_changed":false,"content-type":"","_monsterinsights_skip_tracking":false,"_monsterinsights_sitenote_active":false,"_monsterinsights_sitenote_note":"","_monsterinsights_sitenote_category":0},"product_brand":[],"product_cat":[119,121],"product_tag":[],"class_list":{"0":"post-4737","1":"product","2":"type-product","3":"status-publish","4":"has-post-thumbnail","6":"product_cat-formicarium-components","7":"product_cat-connectors","9":"first","10":"instock","11":"taxable","12":"shipping-taxable","13":"purchasable","14":"product-type-simple"},"acf":[],"aioseo_notices":[],"jetpack_sharing_enabled":true,"_links":{"self":[{"href":"https:\/\/antcube.shop\/sk\/wp-json\/wp\/v2\/product\/4737","targetHints":{"allow":["GET"]}}],"collection":[{"href":"https:\/\/antcube.shop\/sk\/wp-json\/wp\/v2\/product"}],"about":[{"href":"https:\/\/antcube.shop\/sk\/wp-json\/wp\/v2\/types\/product"}],"replies":[{"embeddable":true,"href":"https:\/\/antcube.shop\/sk\/wp-json\/wp\/v2\/comments?post=4737"}],"wp:featuredmedia":[{"embeddable":true,"href":"https:\/\/antcube.shop\/sk\/wp-json\/wp\/v2\/media\/4887"}],"wp:attachment":[{"href":"https:\/\/antcube.shop\/sk\/wp-json\/wp\/v2\/media?parent=4737"}],"wp:term":[{"taxonomy":"product_brand","embeddable":true,"href":"https:\/\/antcube.shop\/sk\/wp-json\/wp\/v2\/product_brand?post=4737"},{"taxonomy":"product_cat","embeddable":true,"href":"https:\/\/antcube.shop\/sk\/wp-json\/wp\/v2\/product_cat?post=4737"},{"taxonomy":"product_tag","embeddable":true,"href":"https:\/\/antcube.shop\/sk\/wp-json\/wp\/v2\/product_tag?post=4737"}],"curies":[{"name":"wp","href":"https:\/\/api.w.org\/{rel}","templated":true}]}}