{"id":4735,"date":"2022-11-14T15:04:59","date_gmt":"2022-11-14T14:04:59","guid":{"rendered":"https:\/\/antcube.shop\/produkt\/rohrkappe-glasklar-fur-32mm\/"},"modified":"2026-03-31T09:51:38","modified_gmt":"2026-03-31T07:51:38","slug":"krystalovy-uzaver-rurky-pre-32-mm","status":"publish","type":"product","link":"https:\/\/antcube.shop\/sk\/produkt\/krystalovy-uzaver-rurky-pre-32-mm\/","title":{"rendered":"Kry\u0161t\u00e1lovo \u010d\u00edry uz\u00e1ver r\u00farky pre 32 mm"},"content":{"rendered":"<p><strong>Rozmery (Dx\u0160xV):<\/strong> 2,6 \u00d7 4,0 \u00d7 4,0 cm<br \/>\n<strong>Vn\u00fatorn\u00fd priemer:<\/strong> 32 mm<\/p>\n<p><strong>Materi\u00e1l:<\/strong> Akryl<br \/>\n<strong>Farba:<\/strong> Bezfarebn\u00e9\/prieh\u013eadn\u00e9\/\u010dierne<\/p>\n<p><strong>Obsah:<\/strong> 1 ks.<\/p>\n<p><strong>Technick\u00e9 \u0161pecifik\u00e1cie:<\/strong><br \/>\nKry\u0161t\u00e1lov\u00e1 \u010diapo\u010dka na r\u00fary s priemerom 40 mm pre 32 mm r\u00fary.<\/p>\n<p><strong>Popis: V s\u00fa\u010dasnosti je na trhu viac ako 10 000 zariaden\u00ed, ktor\u00e9 s\u00fa ur\u010den\u00e9 na predaj:<\/strong><br \/>\nUz\u00e1ver na r\u00fary z prieh\u013eadn\u00e9ho akrylu na uzatv\u00e1ranie akrylov\u00fdch r\u00far.<\/p>\n<p><strong>Upozornenie:<\/strong><br \/>\nPri mont\u00e1\u017ei r\u00farok dbajte na nasledovn\u00e9:<br \/>\nVzh\u013eadom na vlastnosti materi\u00e1lu akryl\u00e1tu sa treba za ka\u017ed\u00fa cenu vyhn\u00fa\u0165 tlaku a p\u00e1ke. Ak je spojenie \u0165a\u017ek\u00e9, spojte ho opatrn\u00fdmi kr\u00fa\u017eiv\u00fdmi pohybmi a v pr\u00edpade potreby potrite trochou oleja proti vylomeniu.<\/p>","protected":false},"excerpt":{"rendered":"<p>Rozmery (Dx\u0160xV): 2,6 \u00d7 4,0 \u00d7 4,0 cm Vn\u00fatorn\u00fd priemer: 32 mm Materi\u00e1l: Farba: bezfarebn\u00e1\/prieh\u013eadn\u00e1\/\u010dierna Obsah: 32 mm: Obsah: 1 ks. Technick\u00e9 \u0161pecifik\u00e1cie: Priemer kry\u0161t\u00e1lov\u00e9ho \u010d\u00edreho uz\u00e1veru r\u00farky 40 mm pre 32 mm r\u00farku. Popis: D\u013a\u017eka r\u00farky: 1,5 mm: Krytka na r\u00farky z prieh\u013eadn\u00e9ho akrylu na uzatv\u00e1ranie akrylov\u00fdch r\u00farok. Upozornenie: Pri mont\u00e1\u017ei r\u00farok dbajte na nasledovn\u00e9: Vzh\u013eadom na vlastnosti materi\u00e1lu akrylu je potrebn\u00e9 dodr\u017eiava\u0165 tlak a p\u00e1kov\u00fd efekt.","protected":false},"featured_media":4894,"comment_status":"open","ping_status":"closed","template":"","meta":{"_acf_changed":false,"content-type":"","_monsterinsights_skip_tracking":false,"_monsterinsights_sitenote_active":false,"_monsterinsights_sitenote_note":"","_monsterinsights_sitenote_category":0},"product_brand":[],"product_cat":[345],"product_tag":[],"class_list":{"0":"post-4735","1":"product","2":"type-product","3":"status-publish","4":"has-post-thumbnail","6":"product_cat-pipe-connectors","8":"first","9":"instock","10":"taxable","11":"shipping-taxable","12":"purchasable","13":"product-type-simple"},"acf":[],"aioseo_notices":[],"jetpack_sharing_enabled":true,"_links":{"self":[{"href":"https:\/\/antcube.shop\/sk\/wp-json\/wp\/v2\/product\/4735","targetHints":{"allow":["GET"]}}],"collection":[{"href":"https:\/\/antcube.shop\/sk\/wp-json\/wp\/v2\/product"}],"about":[{"href":"https:\/\/antcube.shop\/sk\/wp-json\/wp\/v2\/types\/product"}],"replies":[{"embeddable":true,"href":"https:\/\/antcube.shop\/sk\/wp-json\/wp\/v2\/comments?post=4735"}],"wp:featuredmedia":[{"embeddable":true,"href":"https:\/\/antcube.shop\/sk\/wp-json\/wp\/v2\/media\/4894"}],"wp:attachment":[{"href":"https:\/\/antcube.shop\/sk\/wp-json\/wp\/v2\/media?parent=4735"}],"wp:term":[{"taxonomy":"product_brand","embeddable":true,"href":"https:\/\/antcube.shop\/sk\/wp-json\/wp\/v2\/product_brand?post=4735"},{"taxonomy":"product_cat","embeddable":true,"href":"https:\/\/antcube.shop\/sk\/wp-json\/wp\/v2\/product_cat?post=4735"},{"taxonomy":"product_tag","embeddable":true,"href":"https:\/\/antcube.shop\/sk\/wp-json\/wp\/v2\/product_tag?post=4735"}],"curies":[{"name":"wp","href":"https:\/\/api.w.org\/{rel}","templated":true}]}}