{"id":4732,"date":"2022-11-14T15:04:12","date_gmt":"2022-11-14T14:04:12","guid":{"rendered":"https:\/\/antcube.shop\/produkt\/rohrverbinder-glasklar-fur-32mm-45\/"},"modified":"2026-04-01T12:30:05","modified_gmt":"2026-04-01T10:30:05","slug":"konektor-na-rurku-kristalovo-ciry-pre-32-mm-45","status":"publish","type":"product","link":"https:\/\/antcube.shop\/sk\/produkt\/konektor-na-rurku-kristalovo-ciry-pre-32-mm-45\/","title":{"rendered":"Kri\u0161t\u00e1\u013eovo \u010d\u00edry konektor pre 32 mm - 45\u00b0"},"content":{"rendered":"<p><strong>Rozmery (Dx\u0160xV):<\/strong> 7,2 \u00d7 4,0 \u00d7 5,5 cm<br \/>\n<strong>Vn\u00fatorn\u00fd priemer:<\/strong> 32 mm<\/p>\n<p><strong>Materi\u00e1l:<\/strong> Akryl<\/p>\n<p><strong>Farba:<\/strong> Bezfarebn\u00e9\/prieh\u013eadn\u00e9\/\u010dierne<\/p>\n<p><strong>Obsah:<\/strong> 1ks.<\/p>\n<p><strong>Technick\u00e9 \u0161pecifik\u00e1cie:<\/strong><br \/>\nAkrylov\u00e1 spojka na potrubie s priemerom 40 mm pre 32 mm potrubie.<\/p>\n<p><strong>Popis: V s\u00fa\u010dasnosti je na trhu viac ako 10 000 zariaden\u00ed, ktor\u00e9 s\u00fa ur\u010den\u00e9 na predaj:<\/strong><br \/>\nSpojka na r\u00farky z prieh\u013eadn\u00e9ho akrylu na sp\u00e1janie akrylov\u00fdch r\u00farok pod uhlom 45\u00b0.<\/p>\n<p><strong>Upozornenie:<\/strong><br \/>\nPri mont\u00e1\u017ei r\u00farok dbajte na nasledovn\u00e9:<br \/>\nVzh\u013eadom na vlastnosti materi\u00e1lu akryl\u00e1tu sa treba za ka\u017ed\u00fa cenu vyhn\u00fa\u0165 tlaku a p\u00e1ke. Ak je spojenie \u0165a\u017ek\u00e9, spojte ho opatrn\u00fdmi kr\u00fa\u017eiv\u00fdmi pohybmi a v pr\u00edpade potreby potrite trochou oleja proti vylomeniu.<\/p>","protected":false},"excerpt":{"rendered":"<p>Dimensions (LxWxH): 7,2&#215;4,0&#215;5,5cm Inner diameter: 32mm Material: Acrylic Color: Colorless\/Transparent\/Clear Content: 1pcs. Technical specifications: Pipe connector acrylic diameter 40mm for 32mm pipe. Description: Pipe connector made of transparent acrylic for connecting acrylic pipes at an angle of 45\u00b0. Notice: When assembling the pipes, please note the following: Due to the material properties of acrylic, pressure [&#8230;]","protected":false},"featured_media":4901,"comment_status":"open","ping_status":"closed","template":"","meta":{"_acf_changed":false,"content-type":"","_monsterinsights_skip_tracking":false,"_monsterinsights_sitenote_active":false,"_monsterinsights_sitenote_note":"","_monsterinsights_sitenote_category":0},"product_brand":[],"product_cat":[345],"product_tag":[],"class_list":{"0":"post-4732","1":"product","2":"type-product","3":"status-publish","4":"has-post-thumbnail","6":"product_cat-pipe-connectors","8":"first","9":"instock","10":"taxable","11":"shipping-taxable","12":"purchasable","13":"product-type-simple"},"acf":[],"aioseo_notices":[],"jetpack_sharing_enabled":true,"_links":{"self":[{"href":"https:\/\/antcube.shop\/sk\/wp-json\/wp\/v2\/product\/4732","targetHints":{"allow":["GET"]}}],"collection":[{"href":"https:\/\/antcube.shop\/sk\/wp-json\/wp\/v2\/product"}],"about":[{"href":"https:\/\/antcube.shop\/sk\/wp-json\/wp\/v2\/types\/product"}],"replies":[{"embeddable":true,"href":"https:\/\/antcube.shop\/sk\/wp-json\/wp\/v2\/comments?post=4732"}],"wp:featuredmedia":[{"embeddable":true,"href":"https:\/\/antcube.shop\/sk\/wp-json\/wp\/v2\/media\/4901"}],"wp:attachment":[{"href":"https:\/\/antcube.shop\/sk\/wp-json\/wp\/v2\/media?parent=4732"}],"wp:term":[{"taxonomy":"product_brand","embeddable":true,"href":"https:\/\/antcube.shop\/sk\/wp-json\/wp\/v2\/product_brand?post=4732"},{"taxonomy":"product_cat","embeddable":true,"href":"https:\/\/antcube.shop\/sk\/wp-json\/wp\/v2\/product_cat?post=4732"},{"taxonomy":"product_tag","embeddable":true,"href":"https:\/\/antcube.shop\/sk\/wp-json\/wp\/v2\/product_tag?post=4732"}],"curies":[{"name":"wp","href":"https:\/\/api.w.org\/{rel}","templated":true}]}}