{"id":4731,"date":"2022-11-14T15:03:56","date_gmt":"2022-11-14T14:03:56","guid":{"rendered":"https:\/\/antcube.shop\/produkt\/rohrverbinder-glasklar-fur-32mm-i\/"},"modified":"2026-04-16T13:11:20","modified_gmt":"2026-04-16T11:11:20","slug":"rurkovy-spojovaci-prvok-krystalovo-cierny-pre-32mm-i","status":"publish","type":"product","link":"https:\/\/antcube.shop\/sk\/produkt\/rurkovy-spojovaci-prvok-krystalovo-cierny-pre-32mm-i\/","title":{"rendered":"Spojka na r\u00farku kri\u0161t\u00e1\u013eovo \u010d\u00edra pre 32 mm - I"},"content":{"rendered":"<p><strong>Rozmery (Dx\u0160xV):<\/strong> 4,7 \u00d7 4,0 \u00d7 4,0 cm<br \/>\n<strong>Vn\u00fatorn\u00fd priemer:<\/strong> 32 mm<\/p>\n<p><strong>Materi\u00e1l:<\/strong> Akryl<\/p>\n<p><strong>Farba:<\/strong> Bezfarebn\u00e9\/prieh\u013eadn\u00e9\/\u010dierne<\/p>\n<p><strong>Obsah:<\/strong> 1ks.<\/p>\n<p><strong>Technick\u00e9 \u0161pecifik\u00e1cie:<\/strong><br \/>\nTvar spojky na potrubie I akryl\u00e1tov\u00fd priemer 40 mm pre 32 mm r\u00farku.<\/p>\n<p><strong>Popis: V s\u00fa\u010dasnosti je na trhu viac ako 10 000 zariaden\u00ed, ktor\u00e9 s\u00fa ur\u010den\u00e9 na predaj:<\/strong><br \/>\nSpojka na r\u00farky z prieh\u013eadn\u00e9ho akrylu na sp\u00e1janie akrylov\u00fdch r\u00farok.<\/p>\n<p><strong>Upozornenie:<\/strong><br \/>\nPri mont\u00e1\u017ei r\u00farok dbajte na nasledovn\u00e9:<br \/>\nVzh\u013eadom na vlastnosti materi\u00e1lu akryl\u00e1tu sa treba za ka\u017ed\u00fa cenu vyhn\u00fa\u0165 tlaku a p\u00e1ke. Ak je spojenie \u0165a\u017ek\u00e9, spojte ho opatrn\u00fdmi kr\u00fa\u017eiv\u00fdmi pohybmi a v pr\u00edpade potreby potrite trochou oleja proti vylomeniu.<\/p>","protected":false},"excerpt":{"rendered":"<p>Rozmery (Dx\u0160xV): 8,1 \u00d7 4,0 \u00d7 6,0 cm Vn\u00fatorn\u00fd priemer: 32 mm Materi\u00e1l: Farba: bezfarebn\u00e1\/prieh\u013eadn\u00e1\/\u010dierna Obsah: 32 mm: Obsah: 1 ks. Technick\u00e9 \u0161pecifik\u00e1cie: Priemer akrylovej spojky T 40 mm pre r\u00farku s priemerom 32 mm. Popis: Tvarovka na r\u00farky s priemerom 1,5 mm: Spojka na potrubie z prieh\u013eadn\u00e9ho akrylu na sp\u00e1janie akrylov\u00fdch r\u00farok. Upozornenie: Pri mont\u00e1\u017ei r\u00farok dbajte na nasledovn\u00e9: Vzh\u013eadom na vlastnosti materi\u00e1lu akryl\u00e1tu je potrebn\u00e9 dodr\u017eiava\u0165 tlak a p\u00e1kov\u00fd efekt, aby sa [...]","protected":false},"featured_media":4903,"comment_status":"open","ping_status":"closed","template":"","meta":{"_acf_changed":false,"content-type":"","_monsterinsights_skip_tracking":false,"_monsterinsights_sitenote_active":false,"_monsterinsights_sitenote_note":"","_monsterinsights_sitenote_category":0},"product_brand":[],"product_cat":[345],"product_tag":[],"class_list":{"0":"post-4731","1":"product","2":"type-product","3":"status-publish","4":"has-post-thumbnail","6":"product_cat-pipe-connectors","8":"first","9":"instock","10":"taxable","11":"shipping-taxable","12":"purchasable","13":"product-type-simple"},"acf":[],"aioseo_notices":[],"jetpack_sharing_enabled":true,"_links":{"self":[{"href":"https:\/\/antcube.shop\/sk\/wp-json\/wp\/v2\/product\/4731","targetHints":{"allow":["GET"]}}],"collection":[{"href":"https:\/\/antcube.shop\/sk\/wp-json\/wp\/v2\/product"}],"about":[{"href":"https:\/\/antcube.shop\/sk\/wp-json\/wp\/v2\/types\/product"}],"replies":[{"embeddable":true,"href":"https:\/\/antcube.shop\/sk\/wp-json\/wp\/v2\/comments?post=4731"}],"wp:featuredmedia":[{"embeddable":true,"href":"https:\/\/antcube.shop\/sk\/wp-json\/wp\/v2\/media\/4903"}],"wp:attachment":[{"href":"https:\/\/antcube.shop\/sk\/wp-json\/wp\/v2\/media?parent=4731"}],"wp:term":[{"taxonomy":"product_brand","embeddable":true,"href":"https:\/\/antcube.shop\/sk\/wp-json\/wp\/v2\/product_brand?post=4731"},{"taxonomy":"product_cat","embeddable":true,"href":"https:\/\/antcube.shop\/sk\/wp-json\/wp\/v2\/product_cat?post=4731"},{"taxonomy":"product_tag","embeddable":true,"href":"https:\/\/antcube.shop\/sk\/wp-json\/wp\/v2\/product_tag?post=4731"}],"curies":[{"name":"wp","href":"https:\/\/api.w.org\/{rel}","templated":true}]}}