{"id":4730,"date":"2022-11-14T15:03:40","date_gmt":"2022-11-14T14:03:40","guid":{"rendered":"https:\/\/antcube.shop\/produkt\/acrylglas-xt-rohr-32-28mm-1m\/"},"modified":"2026-04-02T18:12:23","modified_gmt":"2026-04-02T16:12:23","slug":"acrylic-xt-tube-32-28mm-1m","status":"publish","type":"product","link":"https:\/\/antcube.shop\/sk\/produkt\/acrylic-xt-tube-32-28mm-1m\/","title":{"rendered":"Mraven\u010dia r\u00farka - kri\u0161t\u00e1\u013eovo \u010d\u00edra - 32 mm - 1 m"},"content":{"rendered":"<p><strong>Rozmery:<\/strong> vonkaj\u0161\u00ed priemer 32 mm x d\u013a\u017eka 1 m <span data-text-color=\"alert\"><strong>(2x50 cm)<\/strong><\/span><\/p>\n<p><strong>Materi\u00e1l:<\/strong> akrylov\u00e9 sklo<\/p>\n<p><strong>Farba:<\/strong> transparentn\u00e9, jasn\u00e9<\/p>\n<p><strong>Popis: V s\u00fa\u010dasnosti je na trhu viac ako 10 000 zariaden\u00ed, ktor\u00e9 s\u00fa ur\u010den\u00e9 na predaj:<\/strong> Mo\u017eno ich pripoji\u0165 k formik\u00e1riu pomocou adapt\u00e9rov alebo spoji\u0165 nieko\u013eko formik\u00e1ri\u00ed dohromady.<\/p>","protected":false},"excerpt":{"rendered":"<p>Rozmery: vonkaj\u0161\u00ed priemer 32 mm x d\u013a\u017eka 1 m (2x50 cm) Materi\u00e1l: akrylov\u00e9 sklo Farba: prieh\u013eadn\u00e1, \u010d\u00edra Popis: D\u00e1 sa pripoji\u0165 k formik\u00e1riu pomocou adapt\u00e9rov alebo spoji\u0165 nieko\u013eko formik\u00e1ri\u00ed dohromady.<\/p>","protected":false},"featured_media":4763,"comment_status":"open","ping_status":"closed","template":"","meta":{"_acf_changed":false,"content-type":"","_monsterinsights_skip_tracking":false,"_monsterinsights_sitenote_active":false,"_monsterinsights_sitenote_note":"","_monsterinsights_sitenote_category":0},"product_brand":[],"product_cat":[120],"product_tag":[],"class_list":{"0":"post-4730","1":"product","2":"type-product","3":"status-publish","4":"has-post-thumbnail","6":"product_cat-hoses","8":"first","9":"outofstock","10":"taxable","11":"shipping-taxable","12":"purchasable","13":"product-type-simple"},"acf":[],"aioseo_notices":[],"jetpack_sharing_enabled":true,"_links":{"self":[{"href":"https:\/\/antcube.shop\/sk\/wp-json\/wp\/v2\/product\/4730","targetHints":{"allow":["GET"]}}],"collection":[{"href":"https:\/\/antcube.shop\/sk\/wp-json\/wp\/v2\/product"}],"about":[{"href":"https:\/\/antcube.shop\/sk\/wp-json\/wp\/v2\/types\/product"}],"replies":[{"embeddable":true,"href":"https:\/\/antcube.shop\/sk\/wp-json\/wp\/v2\/comments?post=4730"}],"wp:featuredmedia":[{"embeddable":true,"href":"https:\/\/antcube.shop\/sk\/wp-json\/wp\/v2\/media\/4763"}],"wp:attachment":[{"href":"https:\/\/antcube.shop\/sk\/wp-json\/wp\/v2\/media?parent=4730"}],"wp:term":[{"taxonomy":"product_brand","embeddable":true,"href":"https:\/\/antcube.shop\/sk\/wp-json\/wp\/v2\/product_brand?post=4730"},{"taxonomy":"product_cat","embeddable":true,"href":"https:\/\/antcube.shop\/sk\/wp-json\/wp\/v2\/product_cat?post=4730"},{"taxonomy":"product_tag","embeddable":true,"href":"https:\/\/antcube.shop\/sk\/wp-json\/wp\/v2\/product_tag?post=4730"}],"curies":[{"name":"wp","href":"https:\/\/api.w.org\/{rel}","templated":true}]}}