{"id":4726,"date":"2022-11-14T15:02:37","date_gmt":"2022-11-14T14:02:37","guid":{"rendered":"https:\/\/antcube.shop\/produkt\/rohrverbindungsring-fur-50mm-rohr\/"},"modified":"2026-03-20T10:38:38","modified_gmt":"2026-03-20T09:38:38","slug":"spojovaci-kruzok-pre-50-mm-rury","status":"publish","type":"product","link":"https:\/\/antcube.shop\/sk\/produkt\/spojovaci-kruzok-pre-50-mm-rury\/","title":{"rendered":"Pripojovac\u00ed kr\u00fa\u017eok pre 50 mm r\u00fary"},"content":{"rendered":"<p><strong>Mno\u017estvo:<\/strong> 1 kus<\/p>\n<p><strong>Rozmery:<\/strong> 50 mm (vn\u00fatorn\u00fd priemer), 60x10 mm (vonkaj\u0161ie rozmery)<\/p>\n<p><strong>Farba:<\/strong> transparentn\u00e9<\/p>\n<p><strong>Materi\u00e1l:<\/strong> akryl<\/p>\n<p><strong>Popis: V s\u00fa\u010dasnosti je na trhu viac ako 10 000 zariaden\u00ed, ktor\u00e9 s\u00fa ur\u010den\u00e9 na predaj:<\/strong><br \/>\nSpojovac\u00ed kr\u00fa\u017eok na r\u00fary z prieh\u013eadn\u00e9ho akrylu na sp\u00e1janie akrylov\u00fdch r\u00far.<\/p>\n<p><strong>Pou\u017eitie:<\/strong><br \/>\nNa pripojenie akrylov\u00fdch r\u00farok s priemerom 50 mm.<\/p>\n<p><strong>Upozornenie:<\/strong><br \/>\nPri mont\u00e1\u017ei r\u00farok dbajte na nasledovn\u00e9:<br \/>\nAk sa r\u00farka ve\u013emi \u0165a\u017eko nasadzuje na pripojovaciu obj\u00edmku, tesniaci kr\u00fa\u017eok by sa mal z\u013eahka potrie\u0165 kvapkou n\u00e1\u0161ho oleja alebo pr\u00e1\u0161ku na ochranu proti vylomeniu. Potrubie by sa potom malo nasun\u00fa\u0165 na puzdro kr\u00fatiacimi alebo skrutkovac\u00edmi pohybmi bez za\u0165a\u017eovania puzdra pohybmi nahor a nadol. Vzh\u013eadom na materi\u00e1lov\u00e9 vlastnosti akryl\u00e1tu by sa malo za ka\u017ed\u00fa cenu vyhn\u00fa\u0165 tlaku a p\u00e1ke.<\/p>\n<p>&nbsp;<\/p>","protected":false},"excerpt":{"rendered":"<p>Mno\u017estvo: Rozmery: 1 ks Farba: prieh\u013eadn\u00e1 Materi\u00e1l: akryl Popis: Spojovac\u00ed kr\u00fa\u017eok na potrubia z prieh\u013eadn\u00e9ho akrylu na sp\u00e1janie akrylov\u00fdch potrub\u00ed. Pou\u017eitie: Na sp\u00e1janie akrylov\u00fdch r\u00farok s priemerom 32 mm. Upozornenie: Pri mont\u00e1\u017ei r\u00farok dbajte na nasledovn\u00e9: Ak sa r\u00farka ve\u013emi \u0165a\u017eko nasadzuje na spojovac\u00ed kr\u00fa\u017eok, [...]","protected":false},"featured_media":4921,"comment_status":"open","ping_status":"closed","template":"","meta":{"_acf_changed":false,"content-type":"","_monsterinsights_skip_tracking":false,"_monsterinsights_sitenote_active":false,"_monsterinsights_sitenote_note":"","_monsterinsights_sitenote_category":0},"product_brand":[],"product_cat":[345],"product_tag":[],"class_list":{"0":"post-4726","1":"product","2":"type-product","3":"status-publish","4":"has-post-thumbnail","6":"product_cat-pipe-connectors","8":"first","9":"instock","10":"taxable","11":"shipping-taxable","12":"purchasable","13":"product-type-simple"},"acf":[],"aioseo_notices":[],"jetpack_sharing_enabled":true,"_links":{"self":[{"href":"https:\/\/antcube.shop\/sk\/wp-json\/wp\/v2\/product\/4726","targetHints":{"allow":["GET"]}}],"collection":[{"href":"https:\/\/antcube.shop\/sk\/wp-json\/wp\/v2\/product"}],"about":[{"href":"https:\/\/antcube.shop\/sk\/wp-json\/wp\/v2\/types\/product"}],"replies":[{"embeddable":true,"href":"https:\/\/antcube.shop\/sk\/wp-json\/wp\/v2\/comments?post=4726"}],"wp:featuredmedia":[{"embeddable":true,"href":"https:\/\/antcube.shop\/sk\/wp-json\/wp\/v2\/media\/4921"}],"wp:attachment":[{"href":"https:\/\/antcube.shop\/sk\/wp-json\/wp\/v2\/media?parent=4726"}],"wp:term":[{"taxonomy":"product_brand","embeddable":true,"href":"https:\/\/antcube.shop\/sk\/wp-json\/wp\/v2\/product_brand?post=4726"},{"taxonomy":"product_cat","embeddable":true,"href":"https:\/\/antcube.shop\/sk\/wp-json\/wp\/v2\/product_cat?post=4726"},{"taxonomy":"product_tag","embeddable":true,"href":"https:\/\/antcube.shop\/sk\/wp-json\/wp\/v2\/product_tag?post=4726"}],"curies":[{"name":"wp","href":"https:\/\/api.w.org\/{rel}","templated":true}]}}