{"id":4722,"date":"2022-11-14T15:01:32","date_gmt":"2022-11-14T14:01:32","guid":{"rendered":"https:\/\/antcube.shop\/produkt\/becken-rohrverbinder-3-4-zu-50mm-gerade-transparent\/"},"modified":"2026-04-09T13:59:22","modified_gmt":"2026-04-09T11:59:22","slug":"spojka-na-umyvadlo-3-4-50mm-priama-priehladna","status":"publish","type":"product","link":"https:\/\/antcube.shop\/sk\/produkt\/spojka-na-umyvadlo-3-4-50mm-priama-priehladna\/","title":{"rendered":"Spojka na um\u00fdvadlov\u00e9 r\u00farky 3\/4\" a\u017e 50 mm - priama - prieh\u013eadn\u00e1"},"content":{"rendered":"<p><strong>Rozmery:<\/strong> 75x60x60 mm<\/p>\n<p><strong>Mno\u017estvo:<\/strong> 1 ks<\/p>\n<p><strong>Farba:<\/strong> transparentn\u00e9<\/p>\n<p><strong>Materi\u00e1l:<\/strong> plast<\/p>\n<p><strong>Popis: V s\u00fa\u010dasnosti je na trhu viac ako 10 000 zariaden\u00ed, ktor\u00e9 s\u00fa ur\u010den\u00e9 na predaj:<\/strong> T\u00e1to 3\/4\" pr\u00edpojka na potrubie um\u00fdvadla sa hod\u00ed do 27 mm otvoru, ako aj na vonkaj\u0161\u00ed priemer potrubia 32 mm.<\/p>","protected":false},"excerpt":{"rendered":"<p>Rozmery: 75x60x60mm Mno\u017estvo: Materi\u00e1l: plast Popis: 60x6060x60x60x60x60 cm: Tento spojovac\u00ed prvok 3\/4\" sa hod\u00ed do otvoru s priemerom 27 mm, ako aj na vonkaj\u0161\u00ed priemer r\u00farky 50 mm.<\/p>","protected":false},"featured_media":4915,"comment_status":"open","ping_status":"closed","template":"","meta":{"_acf_changed":false,"content-type":"","_monsterinsights_skip_tracking":false,"_monsterinsights_sitenote_active":false,"_monsterinsights_sitenote_note":"","_monsterinsights_sitenote_category":0},"product_brand":[],"product_cat":[345],"product_tag":[],"class_list":{"0":"post-4722","1":"product","2":"type-product","3":"status-publish","4":"has-post-thumbnail","6":"product_cat-pipe-connectors","8":"first","9":"instock","10":"taxable","11":"shipping-taxable","12":"purchasable","13":"product-type-simple"},"acf":[],"aioseo_notices":[],"jetpack_sharing_enabled":true,"_links":{"self":[{"href":"https:\/\/antcube.shop\/sk\/wp-json\/wp\/v2\/product\/4722","targetHints":{"allow":["GET"]}}],"collection":[{"href":"https:\/\/antcube.shop\/sk\/wp-json\/wp\/v2\/product"}],"about":[{"href":"https:\/\/antcube.shop\/sk\/wp-json\/wp\/v2\/types\/product"}],"replies":[{"embeddable":true,"href":"https:\/\/antcube.shop\/sk\/wp-json\/wp\/v2\/comments?post=4722"}],"wp:featuredmedia":[{"embeddable":true,"href":"https:\/\/antcube.shop\/sk\/wp-json\/wp\/v2\/media\/4915"}],"wp:attachment":[{"href":"https:\/\/antcube.shop\/sk\/wp-json\/wp\/v2\/media?parent=4722"}],"wp:term":[{"taxonomy":"product_brand","embeddable":true,"href":"https:\/\/antcube.shop\/sk\/wp-json\/wp\/v2\/product_brand?post=4722"},{"taxonomy":"product_cat","embeddable":true,"href":"https:\/\/antcube.shop\/sk\/wp-json\/wp\/v2\/product_cat?post=4722"},{"taxonomy":"product_tag","embeddable":true,"href":"https:\/\/antcube.shop\/sk\/wp-json\/wp\/v2\/product_tag?post=4722"}],"curies":[{"name":"wp","href":"https:\/\/api.w.org\/{rel}","templated":true}]}}