{"id":4720,"date":"2022-11-14T15:01:00","date_gmt":"2022-11-14T14:01:00","guid":{"rendered":"https:\/\/antcube.shop\/produkt\/formicarium-schraubbuchse-fur-50mm-bohrung-transparent\/"},"modified":"2025-10-19T12:40:25","modified_gmt":"2025-10-19T10:40:25","slug":"formicarium-screw-bush-for-50mm-hole-transparent","status":"publish","type":"product","link":"https:\/\/antcube.shop\/sk\/produkt\/formicarium-screw-bush-for-50mm-hole-transparent\/","title":{"rendered":"Skrutkovacie puzdro Formicarium pre 50 mm otvor - transparentn\u00e9"},"content":{"rendered":"<p><strong>Obsah:<\/strong> 1 ks.<\/p>\n<p><strong>Rozmery:<\/strong> 68 x 68 x 46 mm (49 mm z\u00e1suvka)<\/p>\n<p><strong>Materi\u00e1l:<\/strong> Plastov\u00e9<\/p>\n<p><strong>Farba:<\/strong> Transparentn\u00e9<\/p>\n<p><strong>Popis: V s\u00fa\u010dasnosti je na trhu viac ako 10 000 zariaden\u00ed, ktor\u00e9 s\u00fa ur\u010den\u00e9 na predaj:<\/strong><br \/>\nT\u00e1to polo\u017eka je konektor panvovej trubice.<br \/>\nPokia\u013e ide o zodpovedaj\u00face konektory na hadi\u010dky 50 mm, pomocou tohto panvov\u00e9ho konektora na hadi\u010dky m\u00f4\u017eete pripoji\u0165 viac hadi\u010diek 50 mm alebo viac Formicarien.<br \/>\nVolite\u013ene je mo\u017en\u00e9 pripoji\u0165 aj 60 mm r\u00farku (60\/56 mm) cez tesniaci kr\u00fa\u017eok pre 50 mm.<br \/>\nAlebo v pr\u00edpade krytu mo\u017eno pou\u017ei\u0165 vhodn\u00e9 porcel\u00e1nov\u00e9 z\u00e1suvky pre svietidl\u00e1.<\/p>\n<p><strong>Upozornenie:<\/strong><br \/>\nKe\u010f\u017ee priemer tejto z\u00e1suvky je len 49 mm namiesto 50 mm, potrebujete tesniace kr\u00fa\u017eky alebo z\u00e1bal z kry\u0161t\u00e1lovo \u010distej lepiacej f\u00f3lie, aby ste sa dostali na priemer 50 mm pre tesn\u00e9 pripojenie.<\/p>","protected":false},"excerpt":{"rendered":"<p>Obsah: Obsah: 1 ks. Rozmery: 68 x 68 x 46 mm (49 mm z\u00e1suvka) Materi\u00e1l:: Materi\u00e1l: plast Farba: prieh\u013eadn\u00e1 Popis: 68 cm (68 cm), 68 cm (68 cm): T\u00e1to polo\u017eka je konektor panvovej r\u00farky. O zodpovedaj\u00facich konektoroch na hadi\u010dky 50 mm, pomocou tohto panvov\u00e9ho konektora na hadi\u010dky m\u00f4\u017eete pripoji\u0165 viac hadi\u010diek 50 mm alebo viac Formicarien. Volite\u013ene je mo\u017en\u00e9 pripoji\u0165 aj 60 mm hadi\u010dku (60\/56 mm) prostredn\u00edctvom","protected":false},"featured_media":4924,"comment_status":"open","ping_status":"closed","template":"","meta":{"_acf_changed":false,"content-type":"","_monsterinsights_skip_tracking":false,"_monsterinsights_sitenote_active":false,"_monsterinsights_sitenote_note":"","_monsterinsights_sitenote_category":0},"product_brand":[],"product_cat":[345],"product_tag":[],"class_list":{"0":"post-4720","1":"product","2":"type-product","3":"status-publish","4":"has-post-thumbnail","6":"product_cat-pipe-connectors","8":"first","9":"outofstock","10":"taxable","11":"shipping-taxable","12":"purchasable","13":"product-type-simple"},"acf":[],"aioseo_notices":[],"jetpack_sharing_enabled":true,"_links":{"self":[{"href":"https:\/\/antcube.shop\/sk\/wp-json\/wp\/v2\/product\/4720","targetHints":{"allow":["GET"]}}],"collection":[{"href":"https:\/\/antcube.shop\/sk\/wp-json\/wp\/v2\/product"}],"about":[{"href":"https:\/\/antcube.shop\/sk\/wp-json\/wp\/v2\/types\/product"}],"replies":[{"embeddable":true,"href":"https:\/\/antcube.shop\/sk\/wp-json\/wp\/v2\/comments?post=4720"}],"wp:featuredmedia":[{"embeddable":true,"href":"https:\/\/antcube.shop\/sk\/wp-json\/wp\/v2\/media\/4924"}],"wp:attachment":[{"href":"https:\/\/antcube.shop\/sk\/wp-json\/wp\/v2\/media?parent=4720"}],"wp:term":[{"taxonomy":"product_brand","embeddable":true,"href":"https:\/\/antcube.shop\/sk\/wp-json\/wp\/v2\/product_brand?post=4720"},{"taxonomy":"product_cat","embeddable":true,"href":"https:\/\/antcube.shop\/sk\/wp-json\/wp\/v2\/product_cat?post=4720"},{"taxonomy":"product_tag","embeddable":true,"href":"https:\/\/antcube.shop\/sk\/wp-json\/wp\/v2\/product_tag?post=4720"}],"curies":[{"name":"wp","href":"https:\/\/api.w.org\/{rel}","templated":true}]}}