{"id":4717,"date":"2022-11-14T15:00:13","date_gmt":"2022-11-14T14:00:13","guid":{"rendered":"https:\/\/antcube.shop\/produkt\/dschungelliane-o-15-mm\/"},"modified":"2026-03-30T10:29:26","modified_gmt":"2026-03-30T08:29:26","slug":"jungle-lianas-15-mm","status":"publish","type":"product","link":"https:\/\/antcube.shop\/sk\/produkt\/jungle-lianas-15-mm\/","title":{"rendered":"D\u017eung\u013eov\u00e9 liany - \u00d8 15 mm"},"content":{"rendered":"<p><strong>Popis: V s\u00fa\u010dasnosti je na trhu viac ako 10 000 zariaden\u00ed, ktor\u00e9 s\u00fa ur\u010den\u00e9 na predaj:<\/strong><br \/>\nT\u00e1to prirodzene vyzeraj\u00faca liana poskytuje vynikaj\u00facu oporu, navy\u0161e je ve\u013emi flexibiln\u00e1 a oto\u010dn\u00e1. V\u010faka tomu je ide\u00e1lna pre druhy mravcov \u017eij\u00face na stromoch a ako pom\u00f4cka pri \u0161plhan\u00ed v akrylov\u00fdch tub\u00e1ch a formik\u00e1ri\u00e1ch. Pou\u017eit\u00edm liany sa vytv\u00e1ra trojrozmern\u00e9 stanovi\u0161te, ktor\u00e9 pon\u00faka viac priestoru na pohyb. Okrem toho sa liany v\u010faka svojmu vodeodoln\u00e9mu materi\u00e1lu \u013eahko \u010distia.<\/p>\n<p><strong>Rozmery:<\/strong><br \/>\n200 x 1,5 x 1,5 cm<\/p>","protected":false},"excerpt":{"rendered":"<p>Ve\u013ekos\u0165: 200 x 1,5 x 1,5 cm<\/p>","protected":false},"featured_media":4940,"comment_status":"open","ping_status":"closed","template":"","meta":{"_acf_changed":false,"content-type":"","_monsterinsights_skip_tracking":false,"_monsterinsights_sitenote_active":false,"_monsterinsights_sitenote_note":"","_monsterinsights_sitenote_category":0},"product_brand":[],"product_cat":[95,98,100],"product_tag":[],"class_list":{"0":"post-4717","1":"product","2":"type-product","3":"status-publish","4":"has-post-thumbnail","6":"product_cat-accessories-for-ants","7":"product_cat-decoration","8":"product_cat-rainforest","10":"first","11":"instock","12":"taxable","13":"shipping-taxable","14":"purchasable","15":"product-type-simple"},"acf":[],"aioseo_notices":[],"jetpack_sharing_enabled":true,"_links":{"self":[{"href":"https:\/\/antcube.shop\/sk\/wp-json\/wp\/v2\/product\/4717","targetHints":{"allow":["GET"]}}],"collection":[{"href":"https:\/\/antcube.shop\/sk\/wp-json\/wp\/v2\/product"}],"about":[{"href":"https:\/\/antcube.shop\/sk\/wp-json\/wp\/v2\/types\/product"}],"replies":[{"embeddable":true,"href":"https:\/\/antcube.shop\/sk\/wp-json\/wp\/v2\/comments?post=4717"}],"wp:featuredmedia":[{"embeddable":true,"href":"https:\/\/antcube.shop\/sk\/wp-json\/wp\/v2\/media\/4940"}],"wp:attachment":[{"href":"https:\/\/antcube.shop\/sk\/wp-json\/wp\/v2\/media?parent=4717"}],"wp:term":[{"taxonomy":"product_brand","embeddable":true,"href":"https:\/\/antcube.shop\/sk\/wp-json\/wp\/v2\/product_brand?post=4717"},{"taxonomy":"product_cat","embeddable":true,"href":"https:\/\/antcube.shop\/sk\/wp-json\/wp\/v2\/product_cat?post=4717"},{"taxonomy":"product_tag","embeddable":true,"href":"https:\/\/antcube.shop\/sk\/wp-json\/wp\/v2\/product_tag?post=4717"}],"curies":[{"name":"wp","href":"https:\/\/api.w.org\/{rel}","templated":true}]}}