{"id":4716,"date":"2022-11-14T14:59:57","date_gmt":"2022-11-14T13:59:57","guid":{"rendered":"https:\/\/antcube.shop\/produkt\/gittereinsatz-acryl-50-mm-klar-fein\/"},"modified":"2026-04-05T19:45:28","modified_gmt":"2026-04-05T17:45:28","slug":"mriezka-insert-akryl-50-mm-cierna-jemna","status":"publish","type":"product","link":"https:\/\/antcube.shop\/sk\/produkt\/mriezka-insert-akryl-50-mm-cierna-jemna\/","title":{"rendered":"Mrie\u017ekov\u00e1 vlo\u017eka akrylov\u00e1 50 mm - \u010d\u00edra - jemn\u00e1"},"content":{"rendered":"<p><strong>Mno\u017estvo:<\/strong> 1 kus<\/p>\n<p><strong>Rozmery:<\/strong> 60x10 mm<\/p>\n<p><strong>Farba:<\/strong> preh\u013eadne<\/p>\n<p><strong>Materi\u00e1l:<\/strong> plast, nehrdzavej\u00faca oce\u013e<\/p>\n<p><strong>Popis: V s\u00fa\u010dasnosti je na trhu viac ako 10 000 zariaden\u00ed, ktor\u00e9 s\u00fa ur\u010den\u00e9 na predaj:<\/strong> vetracia mrie\u017eka so z\u00e1suvn\u00fdm priemerom 50 mm na uzavretie otvorov s priemerom 50 mm. Obsahuje \u010dl\u00e1nok: \"Mrie\u017ekov\u00e1 vlo\u017eka akrylov\u00e1 50 mm - \u010d\u00edra\" v kombin\u00e1cii s ve\u013emi jemnou, ve\u013emi robustnou mrie\u017ekou z nehrdzavej\u00facej ocele (0,2-0,3 mm), ktor\u00e1 zabra\u0148uje preniknutiu aj mal\u00fdch mravcov cez \u0161irok\u00e9 vetracie otvory mrie\u017ekovej vlo\u017eky. Vhodn\u00e1 aj pre ve\u013emi siln\u00e9 druhy hryz\u00facich mravcov, ako s\u00fa napr\u00edklad mravce listn\u00e1\u010de!<\/p>","protected":false},"excerpt":{"rendered":"<p>Pre otvory s priemerom 50 mm.<\/p>","protected":false},"featured_media":4809,"comment_status":"open","ping_status":"closed","template":"","meta":{"_acf_changed":false,"content-type":"","_monsterinsights_skip_tracking":false,"_monsterinsights_sitenote_active":false,"_monsterinsights_sitenote_note":"","_monsterinsights_sitenote_category":0},"product_brand":[],"product_cat":[238],"product_tag":[],"class_list":{"0":"post-4716","1":"product","2":"type-product","3":"status-publish","4":"has-post-thumbnail","6":"product_cat-grid-caps-plugs-and-inserts","8":"first","9":"instock","10":"taxable","11":"shipping-taxable","12":"purchasable","13":"product-type-simple"},"acf":[],"aioseo_notices":[],"jetpack_sharing_enabled":true,"_links":{"self":[{"href":"https:\/\/antcube.shop\/sk\/wp-json\/wp\/v2\/product\/4716","targetHints":{"allow":["GET"]}}],"collection":[{"href":"https:\/\/antcube.shop\/sk\/wp-json\/wp\/v2\/product"}],"about":[{"href":"https:\/\/antcube.shop\/sk\/wp-json\/wp\/v2\/types\/product"}],"replies":[{"embeddable":true,"href":"https:\/\/antcube.shop\/sk\/wp-json\/wp\/v2\/comments?post=4716"}],"wp:featuredmedia":[{"embeddable":true,"href":"https:\/\/antcube.shop\/sk\/wp-json\/wp\/v2\/media\/4809"}],"wp:attachment":[{"href":"https:\/\/antcube.shop\/sk\/wp-json\/wp\/v2\/media?parent=4716"}],"wp:term":[{"taxonomy":"product_brand","embeddable":true,"href":"https:\/\/antcube.shop\/sk\/wp-json\/wp\/v2\/product_brand?post=4716"},{"taxonomy":"product_cat","embeddable":true,"href":"https:\/\/antcube.shop\/sk\/wp-json\/wp\/v2\/product_cat?post=4716"},{"taxonomy":"product_tag","embeddable":true,"href":"https:\/\/antcube.shop\/sk\/wp-json\/wp\/v2\/product_tag?post=4716"}],"curies":[{"name":"wp","href":"https:\/\/api.w.org\/{rel}","templated":true}]}}