{"id":4714,"date":"2022-11-14T14:59:26","date_gmt":"2022-11-14T13:59:26","guid":{"rendered":"https:\/\/antcube.shop\/produkt\/fichtennadeln-100g\/"},"modified":"2026-04-01T13:27:54","modified_gmt":"2026-04-01T11:27:54","slug":"smrekove-ihly-100g","status":"publish","type":"product","link":"https:\/\/antcube.shop\/sk\/produkt\/smrekove-ihly-100g\/","title":{"rendered":"Smrekov\u00e9 ihli\u010die 100g"},"content":{"rendered":"<p><strong>D\u013a\u017eka:<\/strong> 2 cm<\/p>\n<p><strong>Popis: V s\u00fa\u010dasnosti je na trhu viac ako 10 000 zariaden\u00ed, ktor\u00e9 s\u00fa ur\u010den\u00e9 na predaj:<\/strong> ihly boli vy\u010disten\u00e9 a neobsahuj\u00fa \u0161kodliv\u00e9 l\u00e1tky, tak\u017ee sa m\u00f4\u017eu okam\u017eite pou\u017ei\u0165 na dekor\u00e1ciu.<\/p>\n<p><strong>Pozn\u00e1mka:<\/strong> v z\u00e1vislosti od stup\u0148a vysu\u0161enia m\u00f4\u017eu ma\u0165 ihlice zelen\u00e9, b\u00e9\u017eov\u00e9 alebo hned\u00e9 a\u017e tmavohned\u00e9 sfarbenie. Ihli\u010die bude \u010dasom na\u010falej schn\u00fa\u0165 a str\u00e1ca\u0165 farbu a najnesk\u00f4r dosiahne hned\u00fd odtie\u0148.<\/p>","protected":false},"excerpt":{"rendered":"<p>d\u013a\u017eka: 2 cm<\/p>","protected":false},"featured_media":4947,"comment_status":"open","ping_status":"closed","template":"","meta":{"_acf_changed":false,"content-type":"","_monsterinsights_skip_tracking":false,"_monsterinsights_sitenote_active":false,"_monsterinsights_sitenote_note":"","_monsterinsights_sitenote_category":0},"product_brand":[],"product_cat":[95,98,101],"product_tag":[],"class_list":{"0":"post-4714","1":"product","2":"type-product","3":"status-publish","4":"has-post-thumbnail","6":"product_cat-accessories-for-ants","7":"product_cat-decoration","8":"product_cat-forest","10":"first","11":"instock","12":"taxable","13":"shipping-taxable","14":"purchasable","15":"product-type-simple"},"acf":[],"aioseo_notices":[],"jetpack_sharing_enabled":true,"_links":{"self":[{"href":"https:\/\/antcube.shop\/sk\/wp-json\/wp\/v2\/product\/4714","targetHints":{"allow":["GET"]}}],"collection":[{"href":"https:\/\/antcube.shop\/sk\/wp-json\/wp\/v2\/product"}],"about":[{"href":"https:\/\/antcube.shop\/sk\/wp-json\/wp\/v2\/types\/product"}],"replies":[{"embeddable":true,"href":"https:\/\/antcube.shop\/sk\/wp-json\/wp\/v2\/comments?post=4714"}],"wp:featuredmedia":[{"embeddable":true,"href":"https:\/\/antcube.shop\/sk\/wp-json\/wp\/v2\/media\/4947"}],"wp:attachment":[{"href":"https:\/\/antcube.shop\/sk\/wp-json\/wp\/v2\/media?parent=4714"}],"wp:term":[{"taxonomy":"product_brand","embeddable":true,"href":"https:\/\/antcube.shop\/sk\/wp-json\/wp\/v2\/product_brand?post=4714"},{"taxonomy":"product_cat","embeddable":true,"href":"https:\/\/antcube.shop\/sk\/wp-json\/wp\/v2\/product_cat?post=4714"},{"taxonomy":"product_tag","embeddable":true,"href":"https:\/\/antcube.shop\/sk\/wp-json\/wp\/v2\/product_tag?post=4714"}],"curies":[{"name":"wp","href":"https:\/\/api.w.org\/{rel}","templated":true}]}}