{"id":4712,"date":"2022-11-14T14:58:33","date_gmt":"2022-11-14T13:58:33","guid":{"rendered":"https:\/\/antcube.shop\/produkt\/humus-ziegel-brick-650g-ergibt-8-9l\/"},"modified":"2026-04-12T20:19:20","modified_gmt":"2026-04-12T18:19:20","slug":"humus-ziegel-brick-650g-ergibt-8-9l","status":"publish","type":"product","link":"https:\/\/antcube.shop\/sk\/produkt\/humus-ziegel-brick-650g-ergibt-8-9l\/","title":{"rendered":"Humusov\u00e1 tehla 650g - v\u00fdsledkom je 8-9l"},"content":{"rendered":"<p><strong>Obsah \/ objem:<\/strong> Z 650 g sa vyrob\u00ed 8-10 litrov.<\/p>\n<p><strong>Popis: V s\u00fa\u010dasnosti je na trhu viac ako 10 000 zariaden\u00ed, ktor\u00e9 s\u00fa ur\u010den\u00e9 na predaj:<\/strong> Humus Formicarium pozost\u00e1va z pr\u00edrodn\u00e9ho humusu z kokosov\u00fdch vl\u00e1kien, ktor\u00fd bol stla\u010den\u00fd do tehly. V kombin\u00e1cii s vodou humusov\u00e1 tehla napu\u010d\u00ed na pribli\u017ene 8-10-n\u00e1sobok svojho objemu. Tento humus formicarium, ktor\u00fd sa d\u00e1 zahraba\u0165, je vynikaj\u00faci pre mravce z tropick\u00fdch oblast\u00ed a m\u00f4\u017ee sa pou\u017e\u00edva\u0165 such\u00fd aj vlhk\u00fd. Formik\u00e1riov\u00fd humus je \u010disto pr\u00edrodn\u00fd produkt, zaru\u010dene neobsahuje \u017eiadne chemik\u00e1lie, pestic\u00eddy a hnojiv\u00e1 a je 100% kompostovate\u013en\u00fd.<\/p>\n<p>- 100% vyroben\u00fd z obnovite\u013en\u00fdch surov\u00edn na rastlinnej b\u00e1ze<br \/>\n- vysok\u00e1 absorp\u010dn\u00e1 schopnos\u0165<br \/>\n- vysok\u00e1 kapacita z\u00e1sob vody<\/p>\n<p><strong>Pokyny:<\/strong> namo\u010dte tehlu do 4-5 litrov teplej vody v n\u00e1dobe na pribli\u017ene 20-30 min\u00fat. Ak tehla e\u0161te nie je \u00faplne rozpusten\u00e1, zvy\u0161ok rozde\u013ete rukou. V pr\u00edpade potreby vytla\u010dte z humusu prebyto\u010dn\u00fa vodu.<\/p>","protected":false},"excerpt":{"rendered":"<p>Obsah\/objem: 650 g tvor\u00ed 8-10 litrov. Popis: Vhodn\u00e9 na pr\u00edpravu vody: Humus Formicarium sa sklad\u00e1 z pr\u00edrodn\u00e9ho humusu z kokosov\u00fdch vl\u00e1kien, ktor\u00fd bol stla\u010den\u00fd do tehly. V kombin\u00e1cii s vodou humusov\u00e1 tehla napu\u010d\u00ed na pribli\u017ene 8-10-n\u00e1sobok svojho objemu. Tento humus formicarium, ktor\u00fd sa d\u00e1 zahraba\u0165, je vynikaj\u00faci pre mravce z tropick\u00fdch oblast\u00ed a m\u00f4\u017ee sa pou\u017e\u00edva\u0165 aj v suchom stave","protected":false},"featured_media":4811,"comment_status":"open","ping_status":"closed","template":"","meta":{"_acf_changed":false,"content-type":"","_monsterinsights_skip_tracking":false,"_monsterinsights_sitenote_active":false,"_monsterinsights_sitenote_note":"","_monsterinsights_sitenote_category":0},"product_brand":[],"product_cat":[96],"product_tag":[],"class_list":{"0":"post-4712","1":"product","2":"type-product","3":"status-publish","4":"has-post-thumbnail","6":"product_cat-soil","8":"first","9":"instock","10":"taxable","11":"shipping-taxable","12":"purchasable","13":"product-type-simple"},"acf":[],"aioseo_notices":[],"jetpack_sharing_enabled":true,"_links":{"self":[{"href":"https:\/\/antcube.shop\/sk\/wp-json\/wp\/v2\/product\/4712","targetHints":{"allow":["GET"]}}],"collection":[{"href":"https:\/\/antcube.shop\/sk\/wp-json\/wp\/v2\/product"}],"about":[{"href":"https:\/\/antcube.shop\/sk\/wp-json\/wp\/v2\/types\/product"}],"replies":[{"embeddable":true,"href":"https:\/\/antcube.shop\/sk\/wp-json\/wp\/v2\/comments?post=4712"}],"wp:featuredmedia":[{"embeddable":true,"href":"https:\/\/antcube.shop\/sk\/wp-json\/wp\/v2\/media\/4811"}],"wp:attachment":[{"href":"https:\/\/antcube.shop\/sk\/wp-json\/wp\/v2\/media?parent=4712"}],"wp:term":[{"taxonomy":"product_brand","embeddable":true,"href":"https:\/\/antcube.shop\/sk\/wp-json\/wp\/v2\/product_brand?post=4712"},{"taxonomy":"product_cat","embeddable":true,"href":"https:\/\/antcube.shop\/sk\/wp-json\/wp\/v2\/product_cat?post=4712"},{"taxonomy":"product_tag","embeddable":true,"href":"https:\/\/antcube.shop\/sk\/wp-json\/wp\/v2\/product_tag?post=4712"}],"curies":[{"name":"wp","href":"https:\/\/api.w.org\/{rel}","templated":true}]}}