{"id":4710,"date":"2022-11-14T14:58:00","date_gmt":"2022-11-14T13:58:00","guid":{"rendered":"https:\/\/antcube.shop\/produkt\/bodengrund-sand-lehm-weis-1000g\/"},"modified":"2026-04-06T18:30:28","modified_gmt":"2026-04-06T16:30:28","slug":"substrat-piesok-piesok-biela-1000g","status":"publish","type":"product","link":"https:\/\/antcube.shop\/sk\/produkt\/substrat-piesok-piesok-biela-1000g\/","title":{"rendered":"Substr\u00e1t - Piesok - biela pena - 1000g"},"content":{"rendered":"<p><strong>Obsah:<\/strong> 1000g<\/p>\n<p><strong>Materi\u00e1l:<\/strong> piesok, v\u00e1pno, v\u00e1penn\u00e9 spojivo<\/p>\n<p><strong>Farba:<\/strong> biela<\/p>\n<p><strong>Pomer mie\u0161ania:<\/strong> diggable<\/p>\n<p><strong>Popis: V s\u00fa\u010dasnosti je na trhu viac ako 10 000 zariaden\u00ed, ktor\u00e9 s\u00fa ur\u010den\u00e9 na predaj:<\/strong> T\u00e1to hotov\u00e1 zmes piesku a hliny je \u010disto pr\u00edrodn\u00fd produkt. Farbivo poch\u00e1dza z bieleho v\u00e1penat\u00e9ho piesku. Pevnos\u0165 poch\u00e1dza z viazanej v\u00e1pennej zmesi, ktor\u00e1 je ne\u0161kodn\u00e1 pre zvierat\u00e1.<\/p>\n<p><strong>Pou\u017eitie:<\/strong> P\u00f4da na kopanie, mo\u017eno ju pou\u017ei\u0165 na hniezdo a ar\u00e9nu! M\u00e1 zv\u00fd\u0161en\u00fa pevnos\u0165 v porovnan\u00ed s b\u00e9\u017eovou zeminou, a to aj vo vlhkom stave.<\/p>\n<p><strong>Pozn\u00e1mka:<\/strong> ke\u010f\u017ee ide o \u010disto pr\u00edrodn\u00fd produkt, m\u00f4\u017eu sa vyskytn\u00fa\u0165 drobn\u00e9 rozdiely vo farbe a \u0161trukt\u00fare, ktor\u00e9 nem\u00f4\u017eeme ovplyvni\u0165.<\/p>\n<p><strong>D\u00f4le\u017eit\u00e9:<\/strong> Pred pou\u017eit\u00edm substr\u00e1t navlh\u010dite, aby sa zmes mohla spoji\u0165 a v mravenisku sa pevne uchytila. Okrem toho pr\u00edli\u0161 such\u00fd a pra\u0161n\u00fd substr\u00e1t m\u00f4\u017ee sp\u00f4sobi\u0165 zablokovanie d\u00fdchac\u00edch ciest mravcov a v najhor\u0161om pr\u00edpade udusenie zvierat.<\/p>","protected":false},"excerpt":{"rendered":"<p>Pr\u00edrodn\u00fd substr\u00e1t - vhodn\u00fd na kopanie<\/p>","protected":false},"featured_media":5725,"comment_status":"open","ping_status":"closed","template":"","meta":{"_acf_changed":false,"content-type":"","_monsterinsights_skip_tracking":false,"_monsterinsights_sitenote_active":false,"_monsterinsights_sitenote_note":"","_monsterinsights_sitenote_category":0},"product_brand":[],"product_cat":[95,96],"product_tag":[],"class_list":{"0":"post-4710","1":"product","2":"type-product","3":"status-publish","4":"has-post-thumbnail","6":"product_cat-accessories-for-ants","7":"product_cat-soil","9":"first","10":"instock","11":"taxable","12":"shipping-taxable","13":"purchasable","14":"product-type-simple"},"acf":[],"aioseo_notices":[],"jetpack_sharing_enabled":true,"_links":{"self":[{"href":"https:\/\/antcube.shop\/sk\/wp-json\/wp\/v2\/product\/4710","targetHints":{"allow":["GET"]}}],"collection":[{"href":"https:\/\/antcube.shop\/sk\/wp-json\/wp\/v2\/product"}],"about":[{"href":"https:\/\/antcube.shop\/sk\/wp-json\/wp\/v2\/types\/product"}],"replies":[{"embeddable":true,"href":"https:\/\/antcube.shop\/sk\/wp-json\/wp\/v2\/comments?post=4710"}],"wp:featuredmedia":[{"embeddable":true,"href":"https:\/\/antcube.shop\/sk\/wp-json\/wp\/v2\/media\/5725"}],"wp:attachment":[{"href":"https:\/\/antcube.shop\/sk\/wp-json\/wp\/v2\/media?parent=4710"}],"wp:term":[{"taxonomy":"product_brand","embeddable":true,"href":"https:\/\/antcube.shop\/sk\/wp-json\/wp\/v2\/product_brand?post=4710"},{"taxonomy":"product_cat","embeddable":true,"href":"https:\/\/antcube.shop\/sk\/wp-json\/wp\/v2\/product_cat?post=4710"},{"taxonomy":"product_tag","embeddable":true,"href":"https:\/\/antcube.shop\/sk\/wp-json\/wp\/v2\/product_tag?post=4710"}],"curies":[{"name":"wp","href":"https:\/\/api.w.org\/{rel}","templated":true}]}}