{"id":4707,"date":"2022-11-14T14:57:14","date_gmt":"2022-11-14T13:57:14","guid":{"rendered":"https:\/\/antcube.shop\/produkt\/dekosteine-1000g-beige\/"},"modified":"2026-04-02T02:54:15","modified_gmt":"2026-04-02T00:54:15","slug":"dekorativne-kamene-1000g-bezova","status":"publish","type":"product","link":"https:\/\/antcube.shop\/sk\/produkt\/dekorativne-kamene-1000g-bezova\/","title":{"rendered":"Dekora\u010dn\u00e9 kamene 1000g - b\u00e9\u017eov\u00e9"},"content":{"rendered":"<p><strong>Obsah\/objem:<\/strong> 1000g<\/p>\n<p><strong>Ve\u013ekos\u0165 zrna:<\/strong> 8 - 16 mm<\/p>\n<p><strong>Farba:<\/strong> \u017elt\u00e1, b\u00e9\u017eov\u00e1<\/p>\n<p><strong>Popis: V s\u00fa\u010dasnosti je na trhu viac ako 10 000 zariaden\u00ed, ktor\u00e9 s\u00fa ur\u010den\u00e9 na predaj:<\/strong> Kremenn\u00fd \u0161trk Taunus je ve\u013emi dekorat\u00edvny substr\u00e1t.<\/p>\n<p><strong>Pozn\u00e1mka:<\/strong> Ke\u010f\u017ee materi\u00e1l je v d\u00f4sledku oderu po\u010das prepravy trochu zapr\u00e1\u0161en\u00fd, pred pou\u017eit\u00edm vo formik\u00e1riu by sa mal op\u00e4\u0165 umy\u0165 vodou.<\/p>","protected":false},"excerpt":{"rendered":"<p>Granul\u00e1cia: 8 - 16 mm<\/p>","protected":false},"featured_media":5516,"comment_status":"open","ping_status":"closed","template":"","meta":{"_acf_changed":false,"content-type":"","_monsterinsights_skip_tracking":false,"_monsterinsights_sitenote_active":false,"_monsterinsights_sitenote_note":"","_monsterinsights_sitenote_category":0},"product_brand":[],"product_cat":[98],"product_tag":[],"class_list":{"0":"post-4707","1":"product","2":"type-product","3":"status-publish","4":"has-post-thumbnail","6":"product_cat-decoration","8":"first","9":"instock","10":"taxable","11":"shipping-taxable","12":"purchasable","13":"product-type-simple"},"acf":[],"aioseo_notices":[],"jetpack_sharing_enabled":true,"_links":{"self":[{"href":"https:\/\/antcube.shop\/sk\/wp-json\/wp\/v2\/product\/4707","targetHints":{"allow":["GET"]}}],"collection":[{"href":"https:\/\/antcube.shop\/sk\/wp-json\/wp\/v2\/product"}],"about":[{"href":"https:\/\/antcube.shop\/sk\/wp-json\/wp\/v2\/types\/product"}],"replies":[{"embeddable":true,"href":"https:\/\/antcube.shop\/sk\/wp-json\/wp\/v2\/comments?post=4707"}],"wp:featuredmedia":[{"embeddable":true,"href":"https:\/\/antcube.shop\/sk\/wp-json\/wp\/v2\/media\/5516"}],"wp:attachment":[{"href":"https:\/\/antcube.shop\/sk\/wp-json\/wp\/v2\/media?parent=4707"}],"wp:term":[{"taxonomy":"product_brand","embeddable":true,"href":"https:\/\/antcube.shop\/sk\/wp-json\/wp\/v2\/product_brand?post=4707"},{"taxonomy":"product_cat","embeddable":true,"href":"https:\/\/antcube.shop\/sk\/wp-json\/wp\/v2\/product_cat?post=4707"},{"taxonomy":"product_tag","embeddable":true,"href":"https:\/\/antcube.shop\/sk\/wp-json\/wp\/v2\/product_tag?post=4707"}],"curies":[{"name":"wp","href":"https:\/\/api.w.org\/{rel}","templated":true}]}}