{"id":4705,"date":"2022-11-14T14:56:24","date_gmt":"2022-11-14T13:56:24","guid":{"rendered":"https:\/\/antcube.shop\/produkt\/antcube-ameisenarenaeinsatz-l-30x30\/"},"modified":"2026-04-27T09:17:06","modified_gmt":"2026-04-27T07:17:06","slug":"antcube-ant-arena-insert-l-30x30","status":"publish","type":"product","link":"https:\/\/antcube.shop\/sk\/produkt\/antcube-ant-arena-insert-l-30x30\/","title":{"rendered":"Vlo\u017eka do mraveniska ANTCUBE - L - 30 \u00d7 30"},"content":{"rendered":"<p><strong>Rozmery:<\/strong><br \/>\n<strong>vonku:<\/strong> 290 x 28 x 276 mm<br \/>\n<strong>vo vn\u00fatri:<\/strong> 284 x 20 x 269 mm<\/p>\n<p><strong>Materi\u00e1l:<\/strong> plaven\u00e9 sklo<\/p>\n<p><strong>Farba:<\/strong> transparentn\u00e9<\/p>\n<p><strong>Obsah:<\/strong><br \/>\n1x vlo\u017eka do mraveniska<br \/>\n1x kryt<br \/>\n1x fixa\u010dn\u00e9 body 2 ks.<\/p>\n<p><strong>Popis: V s\u00fa\u010dasnosti je na trhu viac ako 10 000 zariaden\u00ed, ktor\u00e9 s\u00fa ur\u010den\u00e9 na predaj:<\/strong><br \/>\nT\u00fato vlo\u017eku do hniezda mo\u017eno umiestni\u0165 do mraveniska ANTCUBE a naplni\u0165 ju materi\u00e1lom vhodn\u00fdm na kopanie (napr. zmesou piesku a hliny alebo Digfixom). Zvl\u00e1\u0161tnos\u0165ou je, \u017ee sa d\u00e1 z ar\u00e9ny pohodlne vybra\u0165, napr. na prezimovanie s mravcami. Ako vstup a v\u00fdstup a na vetranie sl\u00fa\u017eia dva 10 mm otvory v spodnej \u010dasti. Na prezimovanie ich mo\u017eno uzavrie\u0165 10 mm z\u00e1tkami<\/p>\n<p><strong>Pozn\u00e1mka:<\/strong> Sklo sa br\u00fasi pod\u013ea normy DIN 1249 s toleranciou +\/- 1 mm. V pr\u00edpade extr\u00e9mne mal\u00fdch druhov mravcov je nevyhnutn\u00e1 dodato\u010dn\u00e1 ochrana proti vylomeniu.<\/p>","protected":false},"excerpt":{"rendered":"<p>Ve\u013ekos\u0165: <span style=\"color: #0000ff;\"><strong>L<\/strong><\/span><\/p>","protected":false},"featured_media":4973,"comment_status":"open","ping_status":"closed","template":"","meta":{"_acf_changed":false,"content-type":"","_monsterinsights_skip_tracking":false,"_monsterinsights_sitenote_active":false,"_monsterinsights_sitenote_note":"","_monsterinsights_sitenote_category":0},"product_brand":[],"product_cat":[91,94],"product_tag":[],"class_list":{"0":"post-4705","1":"product","2":"type-product","3":"status-publish","4":"has-post-thumbnail","6":"product_cat-formicarium-modules","7":"product_cat-arena-inset","9":"first","10":"instock","11":"taxable","12":"shipping-taxable","13":"purchasable","14":"product-type-simple"},"acf":[],"aioseo_notices":[],"jetpack_sharing_enabled":true,"_links":{"self":[{"href":"https:\/\/antcube.shop\/sk\/wp-json\/wp\/v2\/product\/4705","targetHints":{"allow":["GET"]}}],"collection":[{"href":"https:\/\/antcube.shop\/sk\/wp-json\/wp\/v2\/product"}],"about":[{"href":"https:\/\/antcube.shop\/sk\/wp-json\/wp\/v2\/types\/product"}],"replies":[{"embeddable":true,"href":"https:\/\/antcube.shop\/sk\/wp-json\/wp\/v2\/comments?post=4705"}],"wp:featuredmedia":[{"embeddable":true,"href":"https:\/\/antcube.shop\/sk\/wp-json\/wp\/v2\/media\/4973"}],"wp:attachment":[{"href":"https:\/\/antcube.shop\/sk\/wp-json\/wp\/v2\/media?parent=4705"}],"wp:term":[{"taxonomy":"product_brand","embeddable":true,"href":"https:\/\/antcube.shop\/sk\/wp-json\/wp\/v2\/product_brand?post=4705"},{"taxonomy":"product_cat","embeddable":true,"href":"https:\/\/antcube.shop\/sk\/wp-json\/wp\/v2\/product_cat?post=4705"},{"taxonomy":"product_tag","embeddable":true,"href":"https:\/\/antcube.shop\/sk\/wp-json\/wp\/v2\/product_tag?post=4705"}],"curies":[{"name":"wp","href":"https:\/\/api.w.org\/{rel}","templated":true}]}}