{"id":4701,"date":"2022-11-14T14:55:18","date_gmt":"2022-11-14T13:55:18","guid":{"rendered":"https:\/\/antcube.shop\/produkt\/antcube-korknest-30x30-stehend\/"},"modified":"2026-04-04T19:29:24","modified_gmt":"2026-04-04T17:29:24","slug":"antcube-cork-nest-30x30-standing","status":"publish","type":"product","link":"https:\/\/antcube.shop\/sk\/produkt\/antcube-cork-nest-30x30-standing\/","title":{"rendered":"ANTCUBE - Korkov\u00e9 hniezdo 30\u00d730 - stojace"},"content":{"rendered":"<p><strong>Rozmery:<\/strong> 283 x 240 x 20 mm<\/p>\n<p><strong>Materi\u00e1l:<\/strong> Korok (jemn\u00fd)<\/p>\n<p>Hod\u00ed sa len pre na\u0161e mravenisk\u00e1 ve\u013ekosti L<\/p>\n<p><strong>Popis: V s\u00fa\u010dasnosti je na trhu viac ako 10 000 zariaden\u00ed, ktor\u00e9 s\u00fa ur\u010den\u00e9 na predaj:<\/strong> Toto korkov\u00e9 hniezdo s prefabrikovan\u00fdmi chodbami a kom\u00f4rkami je vhodn\u00e9 pre r\u00f4zne druhy mravcov, najm\u00e4 pre druhy hniezdiace v (m\u0155tvom) dreve. M\u00e1 otvor na pr\u00edstup do hniezda.<br \/>\nKorok je chemicky neutr\u00e1lny. Jeho \u0161trukt\u00fara je nielen nepriepustn\u00e1 pre kvapaliny, ale nesp\u00f4sobuje ani \u017eiadne chemick\u00e9 reakcie, a preto sa nepo\u0161kodzuje. Pr\u00edli\u0161 ve\u013ek\u00e1 vlhkos\u0165 v\u0161ak m\u00f4\u017ee z dlhodob\u00e9ho h\u013eadiska sp\u00f4sobi\u0165 hnilobu a zn\u00ed\u017ei\u0165 \u017eivotnos\u0165 hniezda. Napriek tomu je korok ve\u013emi odoln\u00fd vo\u010di hnilobe, napadnutiu hubami a ples\u0148ami. Je to sp\u00f4soben\u00e9 jeho povrchom a \u0161trukt\u00farou, ktor\u00e9 neposkytuj\u00fa dobr\u00fa \u017eivn\u00fa p\u00f4du pre koloniz\u00e1ciu plesn\u00ed. Zvy\u0161ky potravy a v\u00fdkaly zvierat, ako aj in\u00e9 organick\u00e9 l\u00e1tky v\u0161ak m\u00f4\u017eu podporova\u0165 rast plesn\u00ed.<\/p>\n<p>Preto odpor\u00fa\u010dame v korku uchov\u00e1va\u0165 najm\u00e4 druhy zo such\u00fdch oblast\u00ed. Druhy z vlhk\u00fdch lokal\u00edt sa v\u0161ak v tejto sade m\u00f4\u017eu uchov\u00e1va\u0165, preto\u017ee hniloba nie je pre v\u00e4\u010d\u0161inu druhov probl\u00e9mom. Aj mnoh\u00e9 mravce zo severnej Eur\u00f3py, ako Camponotus herculeanus alebo Formica fusca, \u017eij\u00fa v zhnitom dreve.<\/p>","protected":false},"excerpt":{"rendered":"<p><strong>Ve\u013ekos\u0165:<\/strong> 283 x 240 x 20 mm<\/p>","protected":false},"featured_media":5013,"comment_status":"open","ping_status":"closed","template":"","meta":{"_acf_changed":false,"content-type":"","_monsterinsights_skip_tracking":false,"_monsterinsights_sitenote_active":false,"_monsterinsights_sitenote_note":"","_monsterinsights_sitenote_category":0},"product_brand":[],"product_cat":[87,89],"product_tag":[],"class_list":{"0":"post-4701","1":"product","2":"type-product","3":"status-publish","4":"has-post-thumbnail","6":"product_cat-nest-insets","7":"product_cat-cork","9":"first","10":"instock","11":"taxable","12":"shipping-taxable","13":"purchasable","14":"product-type-simple"},"acf":[],"aioseo_notices":[],"jetpack_sharing_enabled":true,"_links":{"self":[{"href":"https:\/\/antcube.shop\/sk\/wp-json\/wp\/v2\/product\/4701","targetHints":{"allow":["GET"]}}],"collection":[{"href":"https:\/\/antcube.shop\/sk\/wp-json\/wp\/v2\/product"}],"about":[{"href":"https:\/\/antcube.shop\/sk\/wp-json\/wp\/v2\/types\/product"}],"replies":[{"embeddable":true,"href":"https:\/\/antcube.shop\/sk\/wp-json\/wp\/v2\/comments?post=4701"}],"wp:featuredmedia":[{"embeddable":true,"href":"https:\/\/antcube.shop\/sk\/wp-json\/wp\/v2\/media\/5013"}],"wp:attachment":[{"href":"https:\/\/antcube.shop\/sk\/wp-json\/wp\/v2\/media?parent=4701"}],"wp:term":[{"taxonomy":"product_brand","embeddable":true,"href":"https:\/\/antcube.shop\/sk\/wp-json\/wp\/v2\/product_brand?post=4701"},{"taxonomy":"product_cat","embeddable":true,"href":"https:\/\/antcube.shop\/sk\/wp-json\/wp\/v2\/product_cat?post=4701"},{"taxonomy":"product_tag","embeddable":true,"href":"https:\/\/antcube.shop\/sk\/wp-json\/wp\/v2\/product_tag?post=4701"}],"curies":[{"name":"wp","href":"https:\/\/api.w.org\/{rel}","templated":true}]}}