{"id":4694,"date":"2022-11-14T14:53:29","date_gmt":"2022-11-14T13:53:29","guid":{"rendered":"https:\/\/antcube.shop\/produkt\/antcube-einbauarena-30x30x20\/"},"modified":"2026-04-02T09:54:48","modified_gmt":"2026-04-02T07:54:48","slug":"antcube-fitted-arena-30x30x20-2","status":"publish","type":"product","link":"https:\/\/antcube.shop\/sk\/produkt\/antcube-fitted-arena-30x30x20-2\/","title":{"rendered":"Vybaven\u00e1 ar\u00e9na ANTCUBE 30x30x20"},"content":{"rendered":"<p>Vybaven\u00e1 ar\u00e9na ANTCUBE 30x30x20 cm s otvorom 2x 27 mm.<\/p>\n<p><strong>Rozmery:<\/strong> 300 x 300 x 200 mm; hr\u00fabka skla 4 mm.<br \/>\n<strong>Materi\u00e1l:<\/strong> plaven\u00e9 sklo<\/p>\n<p><strong>Pripojenie:<\/strong> 2x otvor 27 mm<\/p>\n<p><strong>Popis: V s\u00fa\u010dasnosti je na trhu viac ako 10 000 zariaden\u00ed, ktor\u00e9 s\u00fa ur\u010den\u00e9 na predaj:<\/strong> Vstavan\u00e1 ar\u00e9na ANTCUBE bola vyvinut\u00e1 tak, aby ju bolo mo\u017en\u00e9 pohodlne umiestni\u0165 aj do men\u0161\u00edch policov\u00fdch priestorov. Napr\u00edklad sa dokonale hod\u00ed do police Kallax. Otvory (stredov\u00fd bod) s\u00fa umiestnen\u00e9 na prednej strane (v\u013eavo a vpravo) vo v\u00fd\u0161ke 3 cm a vo vzdialenosti 3 cm od vonkaj\u0161ieho okraja. V\u010faka umiestneniu 27 mm otvorov na prednej strane (namiesto na bo\u010dn\u00fdch okn\u00e1ch ako zvy\u010dajne) m\u00f4\u017eete \u013eahko prida\u0165 \u010fal\u0161ie ar\u00e9ny a mravenisk\u00e1 bez toho, aby ste stratili miesto na bo\u010dn\u00fdch stran\u00e1ch alebo zablokovali pr\u00edstup k portom. Kryt ar\u00e9ny, ochrann\u00fd r\u00e1m na prerazenie, spojovacie prvky, ako s\u00fa r\u00farky alebo hadicov\u00e9 spojky, s\u00fa k dispoz\u00edcii samostatne.<\/p>\n<p><strong>Pozn\u00e1mka:<\/strong> Sklo sa br\u00fasi pod\u013ea normy DIN 1249 s toleranciou +\/- 1 mm. V pr\u00edpade extr\u00e9mne mal\u00fdch druhov mravcov je nevyhnutn\u00e1 dodato\u010dn\u00e1 ochrana proti vylomeniu.<\/p>","protected":false},"excerpt":{"rendered":"<p>Pripojenie: 2x otvor 27 mm<\/p>","protected":false},"featured_media":5042,"comment_status":"open","ping_status":"closed","template":"","meta":{"_acf_changed":false,"content-type":"","_monsterinsights_skip_tracking":false,"_monsterinsights_sitenote_active":false,"_monsterinsights_sitenote_note":"","_monsterinsights_sitenote_category":0},"product_brand":[],"product_cat":[85,86],"product_tag":[],"class_list":{"0":"post-4694","1":"product","2":"type-product","3":"status-publish","4":"has-post-thumbnail","6":"product_cat-ant-arenas","7":"product_cat-formicariums","9":"first","10":"instock","11":"taxable","12":"shipping-taxable","13":"purchasable","14":"product-type-simple"},"acf":[],"aioseo_notices":[],"jetpack_sharing_enabled":true,"_links":{"self":[{"href":"https:\/\/antcube.shop\/sk\/wp-json\/wp\/v2\/product\/4694","targetHints":{"allow":["GET"]}}],"collection":[{"href":"https:\/\/antcube.shop\/sk\/wp-json\/wp\/v2\/product"}],"about":[{"href":"https:\/\/antcube.shop\/sk\/wp-json\/wp\/v2\/types\/product"}],"replies":[{"embeddable":true,"href":"https:\/\/antcube.shop\/sk\/wp-json\/wp\/v2\/comments?post=4694"}],"wp:featuredmedia":[{"embeddable":true,"href":"https:\/\/antcube.shop\/sk\/wp-json\/wp\/v2\/media\/5042"}],"wp:attachment":[{"href":"https:\/\/antcube.shop\/sk\/wp-json\/wp\/v2\/media?parent=4694"}],"wp:term":[{"taxonomy":"product_brand","embeddable":true,"href":"https:\/\/antcube.shop\/sk\/wp-json\/wp\/v2\/product_brand?post=4694"},{"taxonomy":"product_cat","embeddable":true,"href":"https:\/\/antcube.shop\/sk\/wp-json\/wp\/v2\/product_cat?post=4694"},{"taxonomy":"product_tag","embeddable":true,"href":"https:\/\/antcube.shop\/sk\/wp-json\/wp\/v2\/product_tag?post=4694"}],"curies":[{"name":"wp","href":"https:\/\/api.w.org\/{rel}","templated":true}]}}