{"id":4686,"date":"2022-11-14T14:51:24","date_gmt":"2022-11-14T13:51:24","guid":{"rendered":"https:\/\/antcube.shop\/produkt\/durchgangsregler-32mm\/"},"modified":"2026-03-03T09:59:11","modified_gmt":"2026-03-03T08:59:11","slug":"priechodovy-regulator-32mm","status":"publish","type":"product","link":"https:\/\/antcube.shop\/sk\/produkt\/priechodovy-regulator-32mm\/","title":{"rendered":"Regul\u00e1tor priechodu - 32 mm"},"content":{"rendered":"<p><strong>Rozmery (Dx\u0160xV):<\/strong> 73 x 58 x 19 mm<\/p>\n<p><strong>Materi\u00e1l:<\/strong> Akryl<\/p>\n<p><strong>Farba:<\/strong> Bezfarebn\u00fd \/ transparentn\u00fd \/ \u010d\u00edry<\/p>\n<p><strong>Obsah:<\/strong> 1 ks (pozost\u00e1va z 10 jednotliv\u00fdch dielov)<\/p>\n<p><strong>Popis: V s\u00fa\u010dasnosti je na trhu viac ako 10 000 zariaden\u00ed, ktor\u00e9 s\u00fa ur\u010den\u00e9 na predaj:<\/strong><br \/>\nRegul\u00e1tor priechodu je pripojen\u00fd na potrubie.<br \/>\nPriechod sa d\u00e1 otvori\u0165 alebo zatvori\u0165 ru\u010dne.<\/p>\n<p><strong>Pou\u017eitie:<\/strong><br \/>\nNa pripojenie akrylov\u00fdch r\u00farok s priemerom 32 mm<\/p>\n<p><strong>Tip:<\/strong><br \/>\nRegul\u00e1tor priechodu by mal by\u0165 pevne pripojen\u00fd k zodpovedaj\u00facej r\u00farke. Ak je pr\u00edli\u0161 vo\u013en\u00fd, trubica sa m\u00f4\u017ee zv\u00e4\u010d\u0161i\u0165 prieh\u013eadnou p\u00e1skou, aby sa zabezpe\u010dilo tesn\u00e9 pri\u013enutie.<\/p>","protected":false},"excerpt":{"rendered":"<p>Rozmery (Dx\u0160xV): 95x 76 x 20 mm Materi\u00e1l: Farba: bezfarebn\u00e1 \/ prieh\u013eadn\u00e1 \/ \u010d\u00edra Obsah: Obsah: 1 ks (sklad\u00e1 sa z 10 jednotliv\u00fdch dielov) Popis: 1 ks (sklad\u00e1 sa z 10 jednotliv\u00fdch dielov): Regul\u00e1tor priechodu sa prip\u00e1ja na potrubie. Priechod sa d\u00e1 otvori\u0165 alebo zatvori\u0165 rukou. Pou\u017eitie: Pom\u00f4cka: Regul\u00e1tor priechodu by mal by\u0165 pevne pripevnen\u00fd k akrylov\u00fdm r\u00faram s priemerom 50 mm.","protected":false},"featured_media":5074,"comment_status":"open","ping_status":"closed","template":"","meta":{"_acf_changed":false,"content-type":"","_monsterinsights_skip_tracking":false,"_monsterinsights_sitenote_active":false,"_monsterinsights_sitenote_note":"","_monsterinsights_sitenote_category":0},"product_brand":[],"product_cat":[345],"product_tag":[],"class_list":{"0":"post-4686","1":"product","2":"type-product","3":"status-publish","4":"has-post-thumbnail","6":"product_cat-pipe-connectors","8":"first","9":"instock","10":"taxable","11":"shipping-taxable","12":"purchasable","13":"product-type-simple"},"acf":[],"aioseo_notices":[],"jetpack_sharing_enabled":true,"_links":{"self":[{"href":"https:\/\/antcube.shop\/sk\/wp-json\/wp\/v2\/product\/4686","targetHints":{"allow":["GET"]}}],"collection":[{"href":"https:\/\/antcube.shop\/sk\/wp-json\/wp\/v2\/product"}],"about":[{"href":"https:\/\/antcube.shop\/sk\/wp-json\/wp\/v2\/types\/product"}],"replies":[{"embeddable":true,"href":"https:\/\/antcube.shop\/sk\/wp-json\/wp\/v2\/comments?post=4686"}],"wp:featuredmedia":[{"embeddable":true,"href":"https:\/\/antcube.shop\/sk\/wp-json\/wp\/v2\/media\/5074"}],"wp:attachment":[{"href":"https:\/\/antcube.shop\/sk\/wp-json\/wp\/v2\/media?parent=4686"}],"wp:term":[{"taxonomy":"product_brand","embeddable":true,"href":"https:\/\/antcube.shop\/sk\/wp-json\/wp\/v2\/product_brand?post=4686"},{"taxonomy":"product_cat","embeddable":true,"href":"https:\/\/antcube.shop\/sk\/wp-json\/wp\/v2\/product_cat?post=4686"},{"taxonomy":"product_tag","embeddable":true,"href":"https:\/\/antcube.shop\/sk\/wp-json\/wp\/v2\/product_tag?post=4686"}],"curies":[{"name":"wp","href":"https:\/\/api.w.org\/{rel}","templated":true}]}}