{"id":4679,"date":"2022-11-14T14:41:41","date_gmt":"2022-11-14T13:41:41","guid":{"rendered":"https:\/\/antcube.shop\/produkt\/lehmfarbe-beige-100ml\/"},"modified":"2026-04-11T13:18:12","modified_gmt":"2026-04-11T11:18:12","slug":"hlinka-bolava-bezova-100ml","status":"publish","type":"product","link":"https:\/\/antcube.shop\/sk\/produkt\/hlinka-bolava-bezova-100ml\/","title":{"rendered":"Hlinen\u00e1 farba - b\u00e9\u017eov\u00e1 - 100ml"},"content":{"rendered":"<p><strong>Mno\u017estvo:<\/strong> 100 ml<\/p>\n<p><strong>Popis: V s\u00fa\u010dasnosti je na trhu viac ako 10 000 zariaden\u00ed, ktor\u00e9 s\u00fa ur\u010den\u00e9 na predaj:<\/strong> T\u00e1to zmes je netoxick\u00e1 a relat\u00edvne vodotesn\u00e1 na omietku a bet\u00f3n, ale inak je rozpustn\u00e1 vo vode.<\/p>\n<p><strong>N\u00e1vod na pou\u017eitie:\u00a0<\/strong><br \/>\nT\u00e1to zmes je pripraven\u00e1 na pou\u017eitie a m\u00f4\u017ee sa ihne\u010f nan\u00e1\u0161a\u0165 \u0161tetcom na omietku alebo p\u00f3robet\u00f3n.<br \/>\n100 ml sta\u010d\u00ed na pribli\u017ene 1\/4 m\u00b2 p\u00f3robet\u00f3nu alebo 1\/2 m\u00b2 omietky.<br \/>\nZa mokra mo\u017eno povrch posypa\u0165 napr\u00edklad pieskom, aby sa dosiahol e\u0161te prirodzenej\u0161\u00ed vzh\u013ead.<\/p>\n<p>&nbsp;<\/p>\n<p>&nbsp;<\/p>","protected":false},"excerpt":{"rendered":"<p>Mno\u017estvo: Popis: 100 ml T\u00e1to zmes je netoxick\u00e1 a relat\u00edvne vodotesn\u00e1 na omietku a bet\u00f3n, ale inak je rozpustn\u00e1 vo vode. N\u00e1vod na pou\u017eitie: T\u00e1to zmes je pripraven\u00e1 na pou\u017eitie a m\u00f4\u017ee sa ihne\u010f aplikova\u0165 \u0161tetcom na omietku alebo p\u00f3robet\u00f3n. 100 ml sta\u010d\u00ed na pribli\u017ene 1\/4 m\u00b2 p\u00f3robet\u00f3nu alebo 1\/2 m\u00b2 omietky. Ke\u010f","protected":false},"featured_media":5004,"comment_status":"open","ping_status":"closed","template":"","meta":{"_acf_changed":false,"content-type":"","_monsterinsights_skip_tracking":false,"_monsterinsights_sitenote_active":false,"_monsterinsights_sitenote_note":"","_monsterinsights_sitenote_category":0},"product_brand":[],"product_cat":[237],"product_tag":[],"class_list":{"0":"post-4679","1":"product","2":"type-product","3":"status-publish","4":"has-post-thumbnail","6":"product_cat-tools","8":"first","9":"instock","10":"taxable","11":"shipping-taxable","12":"purchasable","13":"product-type-simple"},"acf":[],"aioseo_notices":[],"jetpack_sharing_enabled":true,"_links":{"self":[{"href":"https:\/\/antcube.shop\/sk\/wp-json\/wp\/v2\/product\/4679","targetHints":{"allow":["GET"]}}],"collection":[{"href":"https:\/\/antcube.shop\/sk\/wp-json\/wp\/v2\/product"}],"about":[{"href":"https:\/\/antcube.shop\/sk\/wp-json\/wp\/v2\/types\/product"}],"replies":[{"embeddable":true,"href":"https:\/\/antcube.shop\/sk\/wp-json\/wp\/v2\/comments?post=4679"}],"wp:featuredmedia":[{"embeddable":true,"href":"https:\/\/antcube.shop\/sk\/wp-json\/wp\/v2\/media\/5004"}],"wp:attachment":[{"href":"https:\/\/antcube.shop\/sk\/wp-json\/wp\/v2\/media?parent=4679"}],"wp:term":[{"taxonomy":"product_brand","embeddable":true,"href":"https:\/\/antcube.shop\/sk\/wp-json\/wp\/v2\/product_brand?post=4679"},{"taxonomy":"product_cat","embeddable":true,"href":"https:\/\/antcube.shop\/sk\/wp-json\/wp\/v2\/product_cat?post=4679"},{"taxonomy":"product_tag","embeddable":true,"href":"https:\/\/antcube.shop\/sk\/wp-json\/wp\/v2\/product_tag?post=4679"}],"curies":[{"name":"wp","href":"https:\/\/api.w.org\/{rel}","templated":true}]}}