{"id":4678,"date":"2022-11-14T14:41:24","date_gmt":"2022-11-14T13:41:24","guid":{"rendered":"https:\/\/antcube.shop\/produkt\/klebefilm-glasklar\/"},"modified":"2026-04-03T22:49:17","modified_gmt":"2026-04-03T20:49:17","slug":"lepiaca-krystalovo-cierna-folia","status":"publish","type":"product","link":"https:\/\/antcube.shop\/sk\/produkt\/lepiaca-krystalovo-cierna-folia\/","title":{"rendered":"Lepiaca f\u00f3lia kri\u0161t\u00e1\u013eovo \u010d\u00edra"},"content":{"rendered":"<p><strong>Rozmery (Dx\u0160xV):<\/strong> 10 m x19 mm<\/p>\n<p><strong>Materi\u00e1l:<\/strong> polypropyl\u00e9n<\/p>\n<p><strong>Farba:<\/strong> kri\u0161t\u00e1\u013eovo \u010dist\u00fd \/ prieh\u013eadn\u00fd<\/p>\n<p><strong>Obsah:<\/strong><br \/>\n1x rolka lepiacej f\u00f3lie<\/p>\n<p><strong>Popis: V s\u00fa\u010dasnosti je na trhu viac ako 10 000 zariaden\u00ed, ktor\u00e9 s\u00fa ur\u010den\u00e9 na predaj:<\/strong><br \/>\nIde\u00e1lne na pripevnenie \u010dervenej krycej f\u00f3lie alebo zadnej steny s fotografiou k formik\u00e1riu.<br \/>\nM\u00e1 vysok\u00fa odolnos\u0165 proti starnutiu, je ve\u013emi odoln\u00fd proti roztrhnutiu a m\u00e1 siln\u00fa lepiacu silu.<br \/>\nVhodn\u00e9 aj na lepenie sklenen\u00fdch tab\u00fa\u013e.<\/p>\n<p><strong>Pou\u017eitie:<\/strong><br \/>\nLepiacu p\u00e1sku m\u00f4\u017eete striha\u0165 no\u017enicami alebo no\u017eom.<br \/>\nPripevnite kryciu f\u00f3liu alebo fotografiu sp\u00e4\u0165 na sklo formik\u00e1ria a potom ju pripevnite lepiacou p\u00e1skou.<\/p>","protected":false},"excerpt":{"rendered":"<p>Rozmery (Dx\u0160xV): 10m x19 mm Materi\u00e1l: polypropyl\u00e9n Farba: kri\u0161t\u00e1\u013eovo \u010dist\u00e1 \/ prieh\u013eadn\u00e1 Obsah: Obsah: 1x rolka samolepiacej f\u00f3lie Popis: Ide\u00e1lna na pripevnenie \u010dervenej krycej f\u00f3lie alebo zadnej steny s fotografiou na formik\u00e1rium. M\u00e1 vysok\u00fa odolnos\u0165 proti starnutiu, je ve\u013emi odoln\u00e1 proti roztrhnutiu a m\u00e1 siln\u00fa lepiacu silu. Vhodn\u00e1 aj na lepenie sklenen\u00fdch tab\u00fa\u013e. Pou\u017eitie: V pr\u00edpade potreby je mo\u017en\u00e9 pou\u017ei\u0165 aj na in\u00e9 \u00fa\u010dely, ako je napr:","protected":false},"featured_media":5007,"comment_status":"open","ping_status":"closed","template":"","meta":{"_acf_changed":false,"content-type":"","_monsterinsights_skip_tracking":false,"_monsterinsights_sitenote_active":false,"_monsterinsights_sitenote_note":"","_monsterinsights_sitenote_category":0},"product_brand":[],"product_cat":[237],"product_tag":[],"class_list":{"0":"post-4678","1":"product","2":"type-product","3":"status-publish","4":"has-post-thumbnail","6":"product_cat-tools","8":"first","9":"instock","10":"taxable","11":"shipping-taxable","12":"purchasable","13":"product-type-simple"},"acf":[],"aioseo_notices":[],"jetpack_sharing_enabled":true,"_links":{"self":[{"href":"https:\/\/antcube.shop\/sk\/wp-json\/wp\/v2\/product\/4678","targetHints":{"allow":["GET"]}}],"collection":[{"href":"https:\/\/antcube.shop\/sk\/wp-json\/wp\/v2\/product"}],"about":[{"href":"https:\/\/antcube.shop\/sk\/wp-json\/wp\/v2\/types\/product"}],"replies":[{"embeddable":true,"href":"https:\/\/antcube.shop\/sk\/wp-json\/wp\/v2\/comments?post=4678"}],"wp:featuredmedia":[{"embeddable":true,"href":"https:\/\/antcube.shop\/sk\/wp-json\/wp\/v2\/media\/5007"}],"wp:attachment":[{"href":"https:\/\/antcube.shop\/sk\/wp-json\/wp\/v2\/media?parent=4678"}],"wp:term":[{"taxonomy":"product_brand","embeddable":true,"href":"https:\/\/antcube.shop\/sk\/wp-json\/wp\/v2\/product_brand?post=4678"},{"taxonomy":"product_cat","embeddable":true,"href":"https:\/\/antcube.shop\/sk\/wp-json\/wp\/v2\/product_cat?post=4678"},{"taxonomy":"product_tag","embeddable":true,"href":"https:\/\/antcube.shop\/sk\/wp-json\/wp\/v2\/product_tag?post=4678"}],"curies":[{"name":"wp","href":"https:\/\/api.w.org\/{rel}","templated":true}]}}