{"id":4674,"date":"2022-11-14T14:40:20","date_gmt":"2022-11-14T13:40:20","guid":{"rendered":"https:\/\/antcube.shop\/produkt\/zapfen-mittel-10-stuck\/"},"modified":"2026-03-24T18:13:05","modified_gmt":"2026-03-24T17:13:05","slug":"kuzele-stredne-10-kusov","status":"publish","type":"product","link":"https:\/\/antcube.shop\/sk\/produkt\/kuzele-stredne-10-kusov\/","title":{"rendered":"ku\u017eele - stredn\u00e9 - 10 kusov"},"content":{"rendered":"<p><strong>Ve\u013ekos\u0165:<\/strong> pribli\u017ene 2-3 cm<br \/>\n<strong>Obsah:<\/strong> 10 kusov<\/p>\n<p><strong>Inform\u00e1cie:<\/strong><br \/>\nPodobn\u00fd ako na obr\u00e1zku, preto\u017ee ide o pr\u00edrodn\u00fd produkt<\/p>\n<p><strong>Pou\u017eitie:<\/strong><br \/>\nDutiny poskytuj\u00fa mravcom ide\u00e1lne mo\u017enosti na \u00fakryt a hniezdenie.<\/p>","protected":false},"excerpt":{"rendered":"<p><strong>Ve\u013ekos\u0165: <\/strong>cca. 2-3 cm<\/p>","protected":false},"featured_media":5145,"comment_status":"open","ping_status":"closed","template":"","meta":{"_acf_changed":false,"content-type":"","_monsterinsights_skip_tracking":false,"_monsterinsights_sitenote_active":false,"_monsterinsights_sitenote_note":"","_monsterinsights_sitenote_category":0},"product_brand":[],"product_cat":[98,101,102],"product_tag":[],"class_list":{"0":"post-4674","1":"product","2":"type-product","3":"status-publish","4":"has-post-thumbnail","6":"product_cat-decoration","7":"product_cat-forest","8":"product_cat-meadow","10":"first","11":"instock","12":"taxable","13":"shipping-taxable","14":"purchasable","15":"product-type-simple"},"acf":[],"aioseo_notices":[],"jetpack_sharing_enabled":true,"_links":{"self":[{"href":"https:\/\/antcube.shop\/sk\/wp-json\/wp\/v2\/product\/4674","targetHints":{"allow":["GET"]}}],"collection":[{"href":"https:\/\/antcube.shop\/sk\/wp-json\/wp\/v2\/product"}],"about":[{"href":"https:\/\/antcube.shop\/sk\/wp-json\/wp\/v2\/types\/product"}],"replies":[{"embeddable":true,"href":"https:\/\/antcube.shop\/sk\/wp-json\/wp\/v2\/comments?post=4674"}],"wp:featuredmedia":[{"embeddable":true,"href":"https:\/\/antcube.shop\/sk\/wp-json\/wp\/v2\/media\/5145"}],"wp:attachment":[{"href":"https:\/\/antcube.shop\/sk\/wp-json\/wp\/v2\/media?parent=4674"}],"wp:term":[{"taxonomy":"product_brand","embeddable":true,"href":"https:\/\/antcube.shop\/sk\/wp-json\/wp\/v2\/product_brand?post=4674"},{"taxonomy":"product_cat","embeddable":true,"href":"https:\/\/antcube.shop\/sk\/wp-json\/wp\/v2\/product_cat?post=4674"},{"taxonomy":"product_tag","embeddable":true,"href":"https:\/\/antcube.shop\/sk\/wp-json\/wp\/v2\/product_tag?post=4674"}],"curies":[{"name":"wp","href":"https:\/\/api.w.org\/{rel}","templated":true}]}}