{"id":4668,"date":"2022-11-14T14:38:40","date_gmt":"2022-11-14T13:38:40","guid":{"rendered":"https:\/\/antcube.shop\/produkt\/fotoruckwand-wald-30x30-cube\/"},"modified":"2026-03-18T13:10:28","modified_gmt":"2026-03-18T12:10:28","slug":"foto-zadna-stena-les-30x30-kocka","status":"publish","type":"product","link":"https:\/\/antcube.shop\/sk\/produkt\/foto-zadna-stena-les-30x30-kocka\/","title":{"rendered":"Fotostena - Forest - 30\u00d730 - Cube"},"content":{"rendered":"<p><strong>Rozmery:<\/strong> 30x30cm<\/p>\n<p><strong>Materi\u00e1l:<\/strong> Leskl\u00fd f\u00f3liov\u00fd papier<\/p>\n<p><strong>Obsah:<\/strong> 1x zadn\u00e1 stena s fotografiou<\/p>\n<p><strong>Popis: V s\u00fa\u010dasnosti je na trhu viac ako 10 000 zariaden\u00ed, ktor\u00e9 s\u00fa ur\u010den\u00e9 na predaj:<\/strong> T\u00e1to fotostena je prilepen\u00e1 na zadn\u00fa stenu formik\u00e1ria z vonkaj\u0161ej strany, aby vytv\u00e1rala dojem prostredia, ktor\u00e9 zodpoved\u00e1 prirodzen\u00e9mu prostrediu mravcov.<\/p>","protected":false},"excerpt":{"rendered":"<p>Materi\u00e1l: Leskl\u00fd f\u00f3liov\u00fd papier<\/p>","protected":false},"featured_media":3135,"comment_status":"open","ping_status":"closed","template":"","meta":{"_acf_changed":false,"content-type":"","_monsterinsights_skip_tracking":false,"_monsterinsights_sitenote_active":false,"_monsterinsights_sitenote_note":"","_monsterinsights_sitenote_category":0},"product_brand":[],"product_cat":[97,105],"product_tag":[],"class_list":{"0":"post-4668","1":"product","2":"type-product","3":"status-publish","4":"has-post-thumbnail","6":"product_cat-photo-backwalls","7":"product_cat-forest-photo-backwall","9":"first","10":"instock","11":"taxable","12":"shipping-taxable","13":"purchasable","14":"product-type-simple"},"acf":[],"aioseo_notices":[],"jetpack_sharing_enabled":true,"_links":{"self":[{"href":"https:\/\/antcube.shop\/sk\/wp-json\/wp\/v2\/product\/4668","targetHints":{"allow":["GET"]}}],"collection":[{"href":"https:\/\/antcube.shop\/sk\/wp-json\/wp\/v2\/product"}],"about":[{"href":"https:\/\/antcube.shop\/sk\/wp-json\/wp\/v2\/types\/product"}],"replies":[{"embeddable":true,"href":"https:\/\/antcube.shop\/sk\/wp-json\/wp\/v2\/comments?post=4668"}],"wp:featuredmedia":[{"embeddable":true,"href":"https:\/\/antcube.shop\/sk\/wp-json\/wp\/v2\/media\/3135"}],"wp:attachment":[{"href":"https:\/\/antcube.shop\/sk\/wp-json\/wp\/v2\/media?parent=4668"}],"wp:term":[{"taxonomy":"product_brand","embeddable":true,"href":"https:\/\/antcube.shop\/sk\/wp-json\/wp\/v2\/product_brand?post=4668"},{"taxonomy":"product_cat","embeddable":true,"href":"https:\/\/antcube.shop\/sk\/wp-json\/wp\/v2\/product_cat?post=4668"},{"taxonomy":"product_tag","embeddable":true,"href":"https:\/\/antcube.shop\/sk\/wp-json\/wp\/v2\/product_tag?post=4668"}],"curies":[{"name":"wp","href":"https:\/\/api.w.org\/{rel}","templated":true}]}}