{"id":4667,"date":"2022-11-14T14:38:23","date_gmt":"2022-11-14T13:38:23","guid":{"rendered":"https:\/\/antcube.shop\/produkt\/fotoruckwand-regenwald-20x40-hoch\/"},"modified":"2026-03-19T13:38:59","modified_gmt":"2026-03-19T12:38:59","slug":"foto-zadna-stena-dazdovy-les-20x40-vysoke","status":"publish","type":"product","link":"https:\/\/antcube.shop\/sk\/produkt\/foto-zadna-stena-dazdovy-les-20x40-vysoke\/","title":{"rendered":"Fotostena - Rainforest - 20\u00d740 - vysok\u00e1"},"content":{"rendered":"<p><strong>Rozmery:<\/strong> 20x40cm<\/p>\n<p><strong>Materi\u00e1l:<\/strong> Leskl\u00fd f\u00f3liov\u00fd papier<\/p>\n<p><strong>Obsah:<\/strong> 1x zadn\u00e1 stena s fotografiou<\/p>\n<p><strong>Popis: V s\u00fa\u010dasnosti je na trhu viac ako 10 000 zariaden\u00ed, ktor\u00e9 s\u00fa ur\u010den\u00e9 na predaj:<\/strong> T\u00e1to fotostena je prilepen\u00e1 na zadn\u00fa stenu formik\u00e1ria z vonkaj\u0161ej strany, aby vytv\u00e1rala dojem prostredia, ktor\u00e9 zodpoved\u00e1 prirodzen\u00e9mu prostrediu mravcov.<\/p>","protected":false},"excerpt":{"rendered":"<p>Materi\u00e1l: Leskl\u00fd f\u00f3liov\u00fd papier<\/p>","protected":false},"featured_media":5158,"comment_status":"open","ping_status":"closed","template":"","meta":{"_acf_changed":false,"content-type":"","_monsterinsights_skip_tracking":false,"_monsterinsights_sitenote_active":false,"_monsterinsights_sitenote_note":"","_monsterinsights_sitenote_category":0},"product_brand":[],"product_cat":[97,106],"product_tag":[],"class_list":{"0":"post-4667","1":"product","2":"type-product","3":"status-publish","4":"has-post-thumbnail","6":"product_cat-photo-backwalls","7":"product_cat-rainforest-photo-backwall","9":"first","10":"instock","11":"taxable","12":"shipping-taxable","13":"purchasable","14":"product-type-simple"},"acf":[],"aioseo_notices":[],"jetpack_sharing_enabled":true,"_links":{"self":[{"href":"https:\/\/antcube.shop\/sk\/wp-json\/wp\/v2\/product\/4667","targetHints":{"allow":["GET"]}}],"collection":[{"href":"https:\/\/antcube.shop\/sk\/wp-json\/wp\/v2\/product"}],"about":[{"href":"https:\/\/antcube.shop\/sk\/wp-json\/wp\/v2\/types\/product"}],"replies":[{"embeddable":true,"href":"https:\/\/antcube.shop\/sk\/wp-json\/wp\/v2\/comments?post=4667"}],"wp:featuredmedia":[{"embeddable":true,"href":"https:\/\/antcube.shop\/sk\/wp-json\/wp\/v2\/media\/5158"}],"wp:attachment":[{"href":"https:\/\/antcube.shop\/sk\/wp-json\/wp\/v2\/media?parent=4667"}],"wp:term":[{"taxonomy":"product_brand","embeddable":true,"href":"https:\/\/antcube.shop\/sk\/wp-json\/wp\/v2\/product_brand?post=4667"},{"taxonomy":"product_cat","embeddable":true,"href":"https:\/\/antcube.shop\/sk\/wp-json\/wp\/v2\/product_cat?post=4667"},{"taxonomy":"product_tag","embeddable":true,"href":"https:\/\/antcube.shop\/sk\/wp-json\/wp\/v2\/product_tag?post=4667"}],"curies":[{"name":"wp","href":"https:\/\/api.w.org\/{rel}","templated":true}]}}