{"id":4660,"date":"2022-11-14T14:36:25","date_gmt":"2022-11-14T13:36:25","guid":{"rendered":"https:\/\/antcube.shop\/produkt\/wassergel-500ml-gebrauchsfertig\/"},"modified":"2026-04-16T16:06:26","modified_gmt":"2026-04-16T14:06:26","slug":"wassergel-500ml-gebrauchsfertig-2","status":"publish","type":"product","link":"https:\/\/antcube.shop\/sk\/produkt\/wassergel-500ml-gebrauchsfertig-2\/","title":{"rendered":"Vodn\u00fd g\u00e9l 500 ml - pripraven\u00fd na pou\u017eitie"},"content":{"rendered":"<p><strong>Obsah:<\/strong> 500 ml<\/p>\n<p><strong>Popis: V s\u00fa\u010dasnosti je na trhu viac ako 10 000 zariaden\u00ed, ktor\u00e9 s\u00fa ur\u010den\u00e9 na predaj:<\/strong> Vodn\u00fd g\u00e9l je voda vo forme g\u00e9lu, a preto sa ve\u013emi \u013eahko a flexibilne pou\u017e\u00edva. Nepotrebujete misku na vodu, ktor\u00fa by zvierat\u00e1 mohli za\u0161pini\u0165 a utopi\u0165 sa v nej, ale aj tak im m\u00f4\u017eete s t\u00fdmto g\u00e9lom poskytn\u00fa\u0165 dostatok vlhkosti. Vodn\u00fd g\u00e9l m\u00f4\u017eete pou\u017ei\u0165 aj na k\u0155menie zvierat, ktor\u00e9 ich udr\u017e\u00ed dlh\u0161ie pri \u017eivote.<\/p>","protected":false},"excerpt":{"rendered":"<p>Obsah: Obsah: 500 ml Popis: Vodn\u00fd g\u00e9l je voda vo forme g\u00e9lu, a preto sa ve\u013emi \u013eahko a flexibilne pou\u017e\u00edva. Nepotrebujete misku na vodu, ktor\u00fa by zvierat\u00e1 mohli za\u0161pini\u0165 a utopi\u0165 sa v nej, ale aj tak im m\u00f4\u017eete s t\u00fdmto g\u00e9lom poskytn\u00fa\u0165 dostatok vlhkosti. Vodn\u00fd g\u00e9l mo\u017eno pou\u017ei\u0165 aj na k\u0155menie zvierat,","protected":false},"featured_media":5038,"comment_status":"open","ping_status":"closed","template":"","meta":{"_acf_changed":false,"content-type":"","_monsterinsights_skip_tracking":false,"_monsterinsights_sitenote_active":false,"_monsterinsights_sitenote_note":"","_monsterinsights_sitenote_category":0},"product_brand":[],"product_cat":[115,116],"product_tag":[],"class_list":{"0":"post-4660","1":"product","2":"type-product","3":"status-publish","4":"has-post-thumbnail","6":"product_cat-food-and-feeding","7":"product_cat-food","9":"first","10":"instock","11":"taxable","12":"shipping-taxable","13":"purchasable","14":"product-type-simple"},"acf":[],"aioseo_notices":[],"jetpack_sharing_enabled":true,"_links":{"self":[{"href":"https:\/\/antcube.shop\/sk\/wp-json\/wp\/v2\/product\/4660","targetHints":{"allow":["GET"]}}],"collection":[{"href":"https:\/\/antcube.shop\/sk\/wp-json\/wp\/v2\/product"}],"about":[{"href":"https:\/\/antcube.shop\/sk\/wp-json\/wp\/v2\/types\/product"}],"replies":[{"embeddable":true,"href":"https:\/\/antcube.shop\/sk\/wp-json\/wp\/v2\/comments?post=4660"}],"wp:featuredmedia":[{"embeddable":true,"href":"https:\/\/antcube.shop\/sk\/wp-json\/wp\/v2\/media\/5038"}],"wp:attachment":[{"href":"https:\/\/antcube.shop\/sk\/wp-json\/wp\/v2\/media?parent=4660"}],"wp:term":[{"taxonomy":"product_brand","embeddable":true,"href":"https:\/\/antcube.shop\/sk\/wp-json\/wp\/v2\/product_brand?post=4660"},{"taxonomy":"product_cat","embeddable":true,"href":"https:\/\/antcube.shop\/sk\/wp-json\/wp\/v2\/product_cat?post=4660"},{"taxonomy":"product_tag","embeddable":true,"href":"https:\/\/antcube.shop\/sk\/wp-json\/wp\/v2\/product_tag?post=4660"}],"curies":[{"name":"wp","href":"https:\/\/api.w.org\/{rel}","templated":true}]}}