{"id":4658,"date":"2022-11-14T14:35:52","date_gmt":"2022-11-14T13:35:52","guid":{"rendered":"https:\/\/antcube.shop\/produkt\/waldhonig-wa-nachfullpack-10ml\/"},"modified":"2026-03-31T18:19:09","modified_gmt":"2026-03-31T16:19:09","slug":"waldhonig-wa-nachfullpack-10ml","status":"publish","type":"product","link":"https:\/\/antcube.shop\/sk\/produkt\/waldhonig-wa-nachfullpack-10ml\/","title":{"rendered":"Lesn\u00fd med (Wa) - n\u00e1pl\u0148 10ml"},"content":{"rendered":"<p><strong>Obsah:<\/strong> 10 ml<\/p>\n<p><strong>Popis: V s\u00fa\u010dasnosti je na trhu viac ako 10 000 zariaden\u00ed, ktor\u00e9 s\u00fa ur\u010den\u00e9 na predaj:<\/strong> Ide o \u010disto pr\u00edrodn\u00fd produkt. Med poch\u00e1dza z lesov, a preto je ide\u00e1lny pre druhy mravcov, ktor\u00e9 \u017eij\u00fa v lesoch.<\/p>\n<p><strong>Pou\u017eitie:<\/strong> K\u0155mnu hadi\u010dku mo\u017eno umiestni\u0165 do formik\u00e1ria vcelku, pr\u00edpadne prida\u0165 men\u0161ie mno\u017estvo do k\u0155mnej misky pod\u013ea potreby\/pod\u013ea ve\u013ekosti kol\u00f3nie. Mno\u017estvo krmiva by sa malo spotrebova\u0165 pribli\u017ene do 3 dn\u00ed, inak hroz\u00ed riziko vzniku plesn\u00ed, a z rovnak\u00e9ho d\u00f4vodu pred doplnen\u00edm krmiva misku vy\u010distite.<\/p>\n<p><strong>Pou\u017eitie:<\/strong><br \/>\nP\u00fa\u0161tny med = pre medojedov (Meliphagidae).<br \/>\nIde o doplnkov\u00e9 krmivo (jednorazov\u00e9 krmivo)<br \/>\nM\u00f4\u017ee sa pon\u00faka\u0165 zvierat\u00e1m v dodanom stave. Ke\u010f\u017ee vlhkos\u0165 zni\u017euje koncentr\u00e1ciu cukru a za\u010d\u00edna sa proces kvasenia, krmivo by sa malo vymie\u0148a\u0165 ka\u017ed\u00e9 3 dni. Pred op\u00e4tovn\u00fdm pou\u017eit\u00edm d\u00f4kladne vy\u010distite misku s krmivom\/tubu.<br \/>\nOtvoren\u00e9 balenie by sa malo pou\u017e\u00edva\u0165 pevne uzavret\u00e9 a\u017e do uveden\u00e9ho d\u00e1tumu spotreby.<\/p>\n<p><strong>Obsahuje:<\/strong> Zlo\u017eenie medu vo v\u0161eobecnosti, pomery sa l\u00ed\u0161ia v z\u00e1vislosti od druhu medu.<br \/>\n- pribli\u017ene 38 % ovocn\u00e9ho cukru (frukt\u00f3zy)<br \/>\n- pribli\u017ene 32 % dextr\u00f3zy (gluk\u00f3zy)<br \/>\n- pribli\u017ene 20 % vody<br \/>\n- pribli\u017ene 5 % viacn\u00e1sobn\u00fdch cukrov<br \/>\n- pribli\u017ene 5 vitam\u00ednov % (B1, B2, B6, C, H)<br \/>\nMiner\u00e1lne l\u00e1tky (drasl\u00edk, v\u00e1pnik, me\u010f, \u017eelezo, sod\u00edk, hor\u010d\u00edk, fosfor, zinok a in\u00e9 stopov\u00e9 prvky) Aminokyseliny (prol\u00edn, leuc\u00edn, fenylalan\u00edn, alan\u00edn, histid\u00edn, izoleuc\u00edn, kyselina glut\u00e1mov\u00e1, argin\u00edn, kyselina aspar\u00e1gov\u00e1 at\u010f.<\/p>\n<p><strong>Skladovanie:<\/strong> aby sa zabezpe\u010dila kvalita krmiva, malo by sa skladova\u0165 na tmavom a suchom mieste.<\/p>\n<p><strong>Upozornenie:<\/strong><br \/>\nInform\u00e1cie o pou\u017e\u00edvan\u00ed pr\u00edvodn\u00fdch r\u00farok n\u00e1jdete tu: Odkaz<br \/>\nDoplnkov\u00e9 krmivo pre mravce \u017eiviace sa medom.<br \/>\nZlo\u017eenie, analytick\u00e9 zlo\u017eky, d\u00e1tum minim\u00e1lnej trvanlivosti a \u010d\u00edslo \u0161ar\u017ee n\u00e1jdete v pr\u00edbalovom let\u00e1ku.<\/p>\n<p>Informa\u010dn\u00e1 linka +49 30 439703870<\/p>\n<p>Zodpovedn\u00fd org\u00e1n veterin\u00e1rneho a potravinov\u00e9ho dozoru:<br \/>\nVeterin\u00e1rna kancel\u00e1ria Steglitz<br \/>\nK\u00f6nigin-Luise-Str. 92<br \/>\n14195 Berl\u00edn<\/p>","protected":false},"excerpt":{"rendered":"<p>Doplnkov\u00e9 potraviny<\/p>","protected":false},"featured_media":5050,"comment_status":"open","ping_status":"closed","template":"","meta":{"_acf_changed":false,"content-type":"","_monsterinsights_skip_tracking":false,"_monsterinsights_sitenote_active":false,"_monsterinsights_sitenote_note":"","_monsterinsights_sitenote_category":0},"product_brand":[],"product_cat":[115,116],"product_tag":[],"class_list":{"0":"post-4658","1":"product","2":"type-product","3":"status-publish","4":"has-post-thumbnail","6":"product_cat-food-and-feeding","7":"product_cat-food","9":"first","10":"instock","11":"taxable","12":"shipping-taxable","13":"purchasable","14":"product-type-simple"},"acf":[],"aioseo_notices":[],"jetpack_sharing_enabled":true,"_links":{"self":[{"href":"https:\/\/antcube.shop\/sk\/wp-json\/wp\/v2\/product\/4658","targetHints":{"allow":["GET"]}}],"collection":[{"href":"https:\/\/antcube.shop\/sk\/wp-json\/wp\/v2\/product"}],"about":[{"href":"https:\/\/antcube.shop\/sk\/wp-json\/wp\/v2\/types\/product"}],"replies":[{"embeddable":true,"href":"https:\/\/antcube.shop\/sk\/wp-json\/wp\/v2\/comments?post=4658"}],"wp:featuredmedia":[{"embeddable":true,"href":"https:\/\/antcube.shop\/sk\/wp-json\/wp\/v2\/media\/5050"}],"wp:attachment":[{"href":"https:\/\/antcube.shop\/sk\/wp-json\/wp\/v2\/media?parent=4658"}],"wp:term":[{"taxonomy":"product_brand","embeddable":true,"href":"https:\/\/antcube.shop\/sk\/wp-json\/wp\/v2\/product_brand?post=4658"},{"taxonomy":"product_cat","embeddable":true,"href":"https:\/\/antcube.shop\/sk\/wp-json\/wp\/v2\/product_cat?post=4658"},{"taxonomy":"product_tag","embeddable":true,"href":"https:\/\/antcube.shop\/sk\/wp-json\/wp\/v2\/product_tag?post=4658"}],"curies":[{"name":"wp","href":"https:\/\/api.w.org\/{rel}","templated":true}]}}