{"id":4655,"date":"2022-11-14T14:35:04","date_gmt":"2022-11-14T13:35:04","guid":{"rendered":"https:\/\/antcube.shop\/produkt\/zucker-honiglosung-zh-nachfullpack-10ml\/"},"modified":"2026-04-03T11:58:54","modified_gmt":"2026-04-03T09:58:54","slug":"cukrovy-medovy-roztok-napln-balenie-10-ml","status":"publish","type":"product","link":"https:\/\/antcube.shop\/sk\/produkt\/cukrovy-medovy-roztok-napln-balenie-10-ml\/","title":{"rendered":"Roztok cukrov\u00e9ho medu (ZH) - n\u00e1pl\u0148 10 ml"},"content":{"rendered":"<p><strong>Obsah:<\/strong> 10 ml<\/p>\n<p><strong>Popis: V s\u00fa\u010dasnosti je na trhu viac ako 10 000 zariaden\u00ed, ktor\u00e9 s\u00fa ur\u010den\u00e9 na predaj:<\/strong> Ide o v\u00fdrobok pozost\u00e1vaj\u00faci z r\u00f4znych sacharidov (napr\u00edklad medu a cukru).<\/p>\n<p><strong>Pou\u017eitie:<\/strong> Potravn\u00fa r\u00farku mo\u017eno umiestni\u0165 do formik\u00e1ria vcelku, pr\u00edpadne prida\u0165 men\u0161ie mno\u017estvo do misky s potravou pod\u013ea potreby\/pod\u013ea ve\u013ekosti kol\u00f3nie. Mno\u017estvo potravy by sa malo spotrebova\u0165 pribli\u017ene do 3 dn\u00ed, inak hroz\u00ed riziko vzniku plesn\u00ed, a z rovnak\u00e9ho d\u00f4vodu pred doplnen\u00edm potravy misku vy\u010distite.<\/p>\n<p><strong>Pou\u017eitie:<\/strong><br \/>\nSacharidov\u00e1 potrava = pre druhy mravcov \u017eiviace sa cukrom\/medom<br \/>\nJe to doplnkov\u00e9 krmivo (k\u0155mna zmes)<br \/>\nM\u00f4\u017ee sa zmie\u0161a\u0165 s kvapkou vody a po navlh\u010den\u00ed vydr\u017e\u00ed 3 dni. Pred op\u00e4tovn\u00fdm pou\u017eit\u00edm d\u00f4kladne vy\u010distite k\u0155mnu misku\/r\u00farku.<br \/>\nOtvoren\u00e9 balenie by sa malo pou\u017e\u00edva\u0165 tesne uzavret\u00e9 (ak je skladovan\u00e9 v suchu) a\u017e do uveden\u00e9ho d\u00e1tumu (d\u00e1tum minim\u00e1lnej trvanlivosti).<\/p>\n<p><strong>Obsahuje:<\/strong><br \/>\nFrukt\u00f3za 27 a\u017e 44%,<br \/>\nGluk\u00f3za 22 a\u017e 41%,<br \/>\nSachar\u00f3za do 5%,<br \/>\nmalt\u00f3zy 4 a\u017e 14%,<br \/>\nin\u00e9 viacn\u00e1sobn\u00e9 cukry 1 a\u017e 14%.<br \/>\n<strong>Tuk:<\/strong> 0g<br \/>\n<strong>Sacharidy:<\/strong> 92g<br \/>\n<strong>Prote\u00edn:<\/strong> 0g<br \/>\n<strong>So\u013e:<\/strong> 0g<\/p>\n<p>Skladovanie: aby sa zabezpe\u010dila kvalita krmiva, malo by sa skladova\u0165 na tmavom a suchom mieste.<\/p>\n<p><strong>Upozornenie:<\/strong><br \/>\nInform\u00e1cie o pou\u017e\u00edvan\u00ed pr\u00edvodn\u00fdch r\u00farok n\u00e1jdete tu: Odkaz<br \/>\nZlo\u017eenie, analytick\u00e9 zlo\u017eky, d\u00e1tum minim\u00e1lnej trvanlivosti a \u010d\u00edslo \u0161ar\u017ee n\u00e1jdete v pr\u00edbalovom let\u00e1ku.<\/p>\n<p>Informa\u010dn\u00e1 linka +49 30 439703870<\/p>\n<p>Zodpovedn\u00fd org\u00e1n veterin\u00e1rneho a potravinov\u00e9ho dozoru:<br \/>\nVeterin\u00e1rna kancel\u00e1ria Steglitz<br \/>\nK\u00f6nigin-Luise-Str. 92<br \/>\n14195 Berl\u00edn<\/p>","protected":false},"excerpt":{"rendered":"<p>Doplnkov\u00e9 potraviny<\/p>","protected":false},"featured_media":5058,"comment_status":"open","ping_status":"closed","template":"","meta":{"_acf_changed":false,"content-type":"","_monsterinsights_skip_tracking":false,"_monsterinsights_sitenote_active":false,"_monsterinsights_sitenote_note":"","_monsterinsights_sitenote_category":0},"product_brand":[],"product_cat":[115,116],"product_tag":[],"class_list":{"0":"post-4655","1":"product","2":"type-product","3":"status-publish","4":"has-post-thumbnail","6":"product_cat-food-and-feeding","7":"product_cat-food","9":"first","10":"instock","11":"taxable","12":"shipping-taxable","13":"purchasable","14":"product-type-simple"},"acf":[],"aioseo_notices":[],"jetpack_sharing_enabled":true,"_links":{"self":[{"href":"https:\/\/antcube.shop\/sk\/wp-json\/wp\/v2\/product\/4655","targetHints":{"allow":["GET"]}}],"collection":[{"href":"https:\/\/antcube.shop\/sk\/wp-json\/wp\/v2\/product"}],"about":[{"href":"https:\/\/antcube.shop\/sk\/wp-json\/wp\/v2\/types\/product"}],"replies":[{"embeddable":true,"href":"https:\/\/antcube.shop\/sk\/wp-json\/wp\/v2\/comments?post=4655"}],"wp:featuredmedia":[{"embeddable":true,"href":"https:\/\/antcube.shop\/sk\/wp-json\/wp\/v2\/media\/5058"}],"wp:attachment":[{"href":"https:\/\/antcube.shop\/sk\/wp-json\/wp\/v2\/media?parent=4655"}],"wp:term":[{"taxonomy":"product_brand","embeddable":true,"href":"https:\/\/antcube.shop\/sk\/wp-json\/wp\/v2\/product_brand?post=4655"},{"taxonomy":"product_cat","embeddable":true,"href":"https:\/\/antcube.shop\/sk\/wp-json\/wp\/v2\/product_cat?post=4655"},{"taxonomy":"product_tag","embeddable":true,"href":"https:\/\/antcube.shop\/sk\/wp-json\/wp\/v2\/product_tag?post=4655"}],"curies":[{"name":"wp","href":"https:\/\/api.w.org\/{rel}","templated":true}]}}