{"id":4649,"date":"2022-11-14T14:33:30","date_gmt":"2022-11-14T13:33:30","guid":{"rendered":"https:\/\/antcube.shop\/produkt\/blutenpollen-b-nachfullpack-20ml\/"},"modified":"2026-04-01T09:55:57","modified_gmt":"2026-04-01T07:55:57","slug":"kvetinovy-pel-napln-balenie-20ml-2","status":"publish","type":"product","link":"https:\/\/antcube.shop\/sk\/produkt\/kvetinovy-pel-napln-balenie-20ml-2\/","title":{"rendered":"Kvetinov\u00fd pe\u013e (B) - n\u00e1pl\u0148 20 ml"},"content":{"rendered":"<p><strong>Obsah:<\/strong> 20 ml (zodpoved\u00e1 pribli\u017ene 14 g).<\/p>\n<p><strong>Popis: V s\u00fa\u010dasnosti je na trhu viac ako 10 000 zariaden\u00ed, ktor\u00e9 s\u00fa ur\u010den\u00e9 na predaj:<\/strong> Kvetinov\u00fd pe\u013e obsahuje r\u00f4zne aminokyseliny, ako aj mnoho vitam\u00ednov a miner\u00e1lov, ktor\u00e9 s\u00fa bohat\u00fdm zdrojom potravy pre v\u00e4\u010d\u0161inu mravcov.<\/p>\n<p><strong>Upozornenie:<\/strong><br \/>\nInform\u00e1cie o tom, ako pou\u017e\u00edva\u0165 k\u0155mne hadi\u010dky, n\u00e1jdete tu: Odkaz<br \/>\nDoplnkov\u00e1 potrava pre mravce \u017eiviace sa pe\u013eom kvetov.<br \/>\nZlo\u017eenie, analytick\u00e9 zlo\u017eky, d\u00e1tum minim\u00e1lnej trvanlivosti a \u010d\u00edslo \u0161ar\u017ee n\u00e1jdete v pr\u00edbalovom let\u00e1ku.<\/p>\n<p>Informa\u010dn\u00e1 linka +49 30 439703870<\/p>\n<p>Zodpovedn\u00fd org\u00e1n veterin\u00e1rneho a potravinov\u00e9ho dozoru:<br \/>\nVeterin\u00e1rna kancel\u00e1ria Steglitz<br \/>\nK\u00f6nigin-Luise-Str. 92<br \/>\n14195 Berl\u00edn<\/p>","protected":false},"excerpt":{"rendered":"<p>Doplnkov\u00e9 potraviny<\/p>","protected":false},"featured_media":5721,"comment_status":"open","ping_status":"closed","template":"","meta":{"_acf_changed":false,"content-type":"","_monsterinsights_skip_tracking":false,"_monsterinsights_sitenote_active":false,"_monsterinsights_sitenote_note":"","_monsterinsights_sitenote_category":0},"product_brand":[],"product_cat":[115,116],"product_tag":[],"class_list":{"0":"post-4649","1":"product","2":"type-product","3":"status-publish","4":"has-post-thumbnail","6":"product_cat-food-and-feeding","7":"product_cat-food","9":"first","10":"instock","11":"taxable","12":"shipping-taxable","13":"purchasable","14":"product-type-simple"},"acf":[],"aioseo_notices":[],"jetpack_sharing_enabled":true,"_links":{"self":[{"href":"https:\/\/antcube.shop\/sk\/wp-json\/wp\/v2\/product\/4649","targetHints":{"allow":["GET"]}}],"collection":[{"href":"https:\/\/antcube.shop\/sk\/wp-json\/wp\/v2\/product"}],"about":[{"href":"https:\/\/antcube.shop\/sk\/wp-json\/wp\/v2\/types\/product"}],"replies":[{"embeddable":true,"href":"https:\/\/antcube.shop\/sk\/wp-json\/wp\/v2\/comments?post=4649"}],"wp:featuredmedia":[{"embeddable":true,"href":"https:\/\/antcube.shop\/sk\/wp-json\/wp\/v2\/media\/5721"}],"wp:attachment":[{"href":"https:\/\/antcube.shop\/sk\/wp-json\/wp\/v2\/media?parent=4649"}],"wp:term":[{"taxonomy":"product_brand","embeddable":true,"href":"https:\/\/antcube.shop\/sk\/wp-json\/wp\/v2\/product_brand?post=4649"},{"taxonomy":"product_cat","embeddable":true,"href":"https:\/\/antcube.shop\/sk\/wp-json\/wp\/v2\/product_cat?post=4649"},{"taxonomy":"product_tag","embeddable":true,"href":"https:\/\/antcube.shop\/sk\/wp-json\/wp\/v2\/product_tag?post=4649"}],"curies":[{"name":"wp","href":"https:\/\/api.w.org\/{rel}","templated":true}]}}