{"id":4648,"date":"2022-11-14T14:33:14","date_gmt":"2022-11-14T13:33:14","guid":{"rendered":"https:\/\/antcube.shop\/produkt\/himbeerblatter-100g-getrocknet\/"},"modified":"2026-04-08T08:47:44","modified_gmt":"2026-04-08T06:47:44","slug":"malinove-listy-100g-susene","status":"publish","type":"product","link":"https:\/\/antcube.shop\/sk\/produkt\/malinove-listy-100g-susene\/","title":{"rendered":"Malinov\u00e9 listy 100g - su\u0161en\u00e9"},"content":{"rendered":"<p><strong>Obsah:<\/strong><br \/>\n100 g su\u0161en\u00fdch malinov\u00fdch listov<\/p>\n<p><strong>Popis: V s\u00fa\u010dasnosti je na trhu viac ako 10 000 zariaden\u00ed, ktor\u00e9 s\u00fa ur\u010den\u00e9 na predaj:<\/strong><br \/>\nListy mal\u00edn ako \u017eivn\u00e1 p\u00f4da pre druhy mravcov pestuj\u00facich huby. Je to \u010disto pr\u00edrodn\u00fd produkt.<\/p>\n<p><strong>Pou\u017eitie:<\/strong><br \/>\nMalinov\u00e9 listy = pre druhy mravcov, ktor\u00e9 sa mno\u017eia hubami.<br \/>\nSuch\u00e9 listy sl\u00fa\u017eia len ako \u017eivn\u00e1 p\u00f4da pre huby mravcov listn\u00e1\u010dov (odpor\u00fa\u010da sa s\u00fa\u010dasne pon\u00faknu\u0165 sladk\u00e9 tekutiny, ktor\u00e9 nahradia ch\u00fdbaj\u00face rastlinn\u00e9 \u0161\u0165avy). Listy ur\u010den\u00e9 na k\u0155menie jednoducho umiestnite do komory so suchou potravou. Zvierat\u00e1 v\u0161ak uprednost\u0148uj\u00fa \u010derstv\u00e9 listy. Su\u0161en\u00e9 listy s\u00fa preto najvhodnej\u0161ie na preklenutie obdobia, ke\u010f nie je mo\u017en\u00e9 \u017eiadne pon\u00faknu\u0165.<\/p>\n<p><strong>Skladovanie:<\/strong><br \/>\nV suchom prostred\u00ed<\/p>\n<p><strong>Obsahuje:<\/strong><br \/>\n100% su\u0161en\u00e9 malinov\u00e9 listy<\/p>","protected":false},"excerpt":{"rendered":"<p>Doplnkov\u00e9 potraviny<\/p>","protected":false},"featured_media":5115,"comment_status":"open","ping_status":"closed","template":"","meta":{"_acf_changed":false,"content-type":"","_monsterinsights_skip_tracking":false,"_monsterinsights_sitenote_active":false,"_monsterinsights_sitenote_note":"","_monsterinsights_sitenote_category":0},"product_brand":[],"product_cat":[115,116],"product_tag":[],"class_list":{"0":"post-4648","1":"product","2":"type-product","3":"status-publish","4":"has-post-thumbnail","6":"product_cat-food-and-feeding","7":"product_cat-food","9":"first","10":"instock","11":"taxable","12":"shipping-taxable","13":"purchasable","14":"product-type-simple"},"acf":[],"aioseo_notices":[],"jetpack_sharing_enabled":true,"_links":{"self":[{"href":"https:\/\/antcube.shop\/sk\/wp-json\/wp\/v2\/product\/4648","targetHints":{"allow":["GET"]}}],"collection":[{"href":"https:\/\/antcube.shop\/sk\/wp-json\/wp\/v2\/product"}],"about":[{"href":"https:\/\/antcube.shop\/sk\/wp-json\/wp\/v2\/types\/product"}],"replies":[{"embeddable":true,"href":"https:\/\/antcube.shop\/sk\/wp-json\/wp\/v2\/comments?post=4648"}],"wp:featuredmedia":[{"embeddable":true,"href":"https:\/\/antcube.shop\/sk\/wp-json\/wp\/v2\/media\/5115"}],"wp:attachment":[{"href":"https:\/\/antcube.shop\/sk\/wp-json\/wp\/v2\/media?parent=4648"}],"wp:term":[{"taxonomy":"product_brand","embeddable":true,"href":"https:\/\/antcube.shop\/sk\/wp-json\/wp\/v2\/product_brand?post=4648"},{"taxonomy":"product_cat","embeddable":true,"href":"https:\/\/antcube.shop\/sk\/wp-json\/wp\/v2\/product_cat?post=4648"},{"taxonomy":"product_tag","embeddable":true,"href":"https:\/\/antcube.shop\/sk\/wp-json\/wp\/v2\/product_tag?post=4648"}],"curies":[{"name":"wp","href":"https:\/\/api.w.org\/{rel}","templated":true}]}}