{"id":4642,"date":"2022-11-14T14:31:41","date_gmt":"2022-11-14T13:31:41","guid":{"rendered":"https:\/\/antcube.shop\/produkt\/jelly-food-brauner-zucker-16g\/"},"modified":"2026-04-27T09:15:44","modified_gmt":"2026-04-27T07:15:44","slug":"zele-food-hnedy-cukor-16g","status":"publish","type":"product","link":"https:\/\/antcube.shop\/sk\/produkt\/zele-food-hnedy-cukor-16g\/","title":{"rendered":"\u017del\u00e9 Potravinov\u00fd hned\u00fd cukor 16g"},"content":{"rendered":"<p><strong>Mno\u017estvo:<\/strong> 16g<\/p>\n<p><strong>Popis: V s\u00fa\u010dasnosti je na trhu viac ako 10 000 zariaden\u00ed, ktor\u00e9 s\u00fa ur\u010den\u00e9 na predaj:<\/strong><br \/>\nVitam\u00edny a bielkoviny s\u00fa z\u00e1kladn\u00fdmi stavebn\u00fdmi prvkami ka\u017ed\u00e9ho tela. Niektor\u00e9 si telo dok\u00e1\u017ee vyrobi\u0165 samo, in\u00e9 mus\u00ed prija\u0165 potravou.<br \/>\nMilovn\u00edci hmyzu na celom svete oce\u0148uj\u00fa tento pr\u00edpravok na podporu rozmno\u017eovania a pred\u013a\u017eenie \u017eivota prostredn\u00edctvom vyv\u00e1\u017eenej v\u00fd\u017eivy svojich \"mil\u00e1\u010dikov\".<\/p>\n<p><strong>Zlo\u017eenie:<\/strong><br \/>\nZlo\u017eenie: voda, frukt\u00f3zov\u00fd sirup, cukor<br \/>\nAnalytick\u00e9 zlo\u017eky: Vlhkos\u0165 65%<\/p>\n<p><strong>Pou\u017eitie:<\/strong><br \/>\nPre druhy mravcov \u017eiviace sa ovoc\u00edm.<br \/>\nK\u0155mne zmesi ako doplnkov\u00e9 krmivo<br \/>\nMravcom, ktor\u00ed sa \u017eivia ovoc\u00edm, by sa mal pon\u00faka\u0165 2-3-kr\u00e1t t\u00fd\u017edenne.<br \/>\nM\u00f4\u017ee sa pon\u00faka\u0165 zvierat\u00e1m v dodanom stave. Pri izbovej teplote m\u00f4\u017ee \u017eel\u00e9 r\u00fdchlo splesnivie\u0165. Preto by sa malo krmivo vymie\u0148a\u0165 aspo\u0148 ka\u017ed\u00e9 3 dni. Pred op\u00e4tovn\u00fdm pou\u017eit\u00edm misku s krmivom d\u00f4kladne vy\u010distite.<\/p>\n<p><strong>Trvanlivos\u0165:<\/strong><br \/>\nUzavret\u00e9 \u017eel\u00e9 m\u00e1 trvanlivos\u0165 najmenej 1 rok (pozri d\u00e1tum minim\u00e1lnej trvanlivosti na obale); po otvoren\u00ed by sa malo skladova\u0165 v chladni\u010dke a spotrebova\u0165 do 5-7 dn\u00ed. M\u00f4\u017eete ho tie\u017e zamrazi\u0165 v mrazni\u010dke a rozmrazi\u0165 mal\u00e9 mno\u017estvo pod\u013ea potreby.<\/p>\n<p><strong>Upozornenie:<\/strong><br \/>\nZlo\u017eenie, analytick\u00e9 zlo\u017eky, identifika\u010dn\u00e9 \u010d\u00edslo \u0161ar\u017ee a d\u00e1tum minim\u00e1lnej trvanlivosti (BBD) n\u00e1jdete v pr\u00edbalovom let\u00e1ku.<\/p>\n<p>Informa\u010dn\u00e1 linka (fax): +49 2065-67290<\/p>\n<p>Zodpovedn\u00fd veterin\u00e1rny a potravinov\u00fd in\u0161pektor\u00e1t:<br \/>\n\u00daradn\u00fd veterin\u00e1rny lek\u00e1r \/ veterin\u00e1rny expert.<br \/>\nV re\u0161taur\u00e1cii Schnabelhuck 6<br \/>\n47049 Duisburg<\/p>","protected":false},"excerpt":{"rendered":"<p>Doplnkov\u00e9 potraviny<\/p>","protected":false},"featured_media":5094,"comment_status":"open","ping_status":"closed","template":"","meta":{"_acf_changed":false,"content-type":"","_monsterinsights_skip_tracking":false,"_monsterinsights_sitenote_active":false,"_monsterinsights_sitenote_note":"","_monsterinsights_sitenote_category":0},"product_brand":[],"product_cat":[115,116],"product_tag":[],"class_list":{"0":"post-4642","1":"product","2":"type-product","3":"status-publish","4":"has-post-thumbnail","6":"product_cat-food-and-feeding","7":"product_cat-food","9":"first","10":"instock","11":"taxable","12":"shipping-taxable","13":"purchasable","14":"product-type-simple"},"acf":[],"aioseo_notices":[],"jetpack_sharing_enabled":true,"_links":{"self":[{"href":"https:\/\/antcube.shop\/sk\/wp-json\/wp\/v2\/product\/4642","targetHints":{"allow":["GET"]}}],"collection":[{"href":"https:\/\/antcube.shop\/sk\/wp-json\/wp\/v2\/product"}],"about":[{"href":"https:\/\/antcube.shop\/sk\/wp-json\/wp\/v2\/types\/product"}],"replies":[{"embeddable":true,"href":"https:\/\/antcube.shop\/sk\/wp-json\/wp\/v2\/comments?post=4642"}],"wp:featuredmedia":[{"embeddable":true,"href":"https:\/\/antcube.shop\/sk\/wp-json\/wp\/v2\/media\/5094"}],"wp:attachment":[{"href":"https:\/\/antcube.shop\/sk\/wp-json\/wp\/v2\/media?parent=4642"}],"wp:term":[{"taxonomy":"product_brand","embeddable":true,"href":"https:\/\/antcube.shop\/sk\/wp-json\/wp\/v2\/product_brand?post=4642"},{"taxonomy":"product_cat","embeddable":true,"href":"https:\/\/antcube.shop\/sk\/wp-json\/wp\/v2\/product_cat?post=4642"},{"taxonomy":"product_tag","embeddable":true,"href":"https:\/\/antcube.shop\/sk\/wp-json\/wp\/v2\/product_tag?post=4642"}],"curies":[{"name":"wp","href":"https:\/\/api.w.org\/{rel}","templated":true}]}}