{"id":4639,"date":"2022-11-14T14:30:55","date_gmt":"2022-11-14T13:30:55","guid":{"rendered":"https:\/\/antcube.shop\/produkt\/durchgangsschieber-s\/"},"modified":"2026-03-02T12:58:53","modified_gmt":"2026-03-02T11:58:53","slug":"priechodny-ventil-s","status":"publish","type":"product","link":"https:\/\/antcube.shop\/sk\/produkt\/priechodny-ventil-s\/","title":{"rendered":"Priechodn\u00e9 \u0161up\u00e1tko - S"},"content":{"rendered":"<p><strong>Rozmery:<\/strong> 78 x 12 x 52 mm pre r\u00farky 10\/6 mm alebo ve\u013ekos\u0165 mraveniska S<\/p>\n<p><strong>Materi\u00e1l:<\/strong> PMMA<\/p>\n<p><strong>Farby:<\/strong> prieh\u013eadn\u00fd, siv\u00fd<\/p>\n<p><strong>Obsah:<\/strong> 1x posuvn\u00edk priechodu<\/p>\n<p><strong>Popis: V s\u00fa\u010dasnosti je na trhu viac ako 10 000 zariaden\u00ed, ktor\u00e9 s\u00fa ur\u010den\u00e9 na predaj:<\/strong> Posuvn\u00edk priechodu uzatv\u00e1ra alebo otv\u00e1ra priechod mravcov v r\u00farke alebo medzi dvoma formik\u00e1riami.<br \/>\nJe prieh\u013eadn\u00fd, tak\u017ee pri \"zatv\u00e1ran\u00ed\" m\u00f4\u017eete skontrolova\u0165, \u010di s\u00fa medzi nimi mravce. \u0160up\u00e1tko sa pou\u017e\u00edva aj na kontrolu a regul\u00e1ciu mrav\u010d\u00edch dr\u00e1h v hadiciach.<\/p>\n<p><strong>Pozn\u00e1mka k \u017eiadosti<\/strong><br \/>\nVzh\u013eadom na filigr\u00e1nsku kon\u0161trukciu je potrebn\u00e9 pri prip\u00e1jan\u00ed alebo odp\u00e1jan\u00ed had\u00edc dodr\u017eiava\u0165 nasleduj\u00face pokyny:<br \/>\nAk sa r\u00farka ve\u013emi \u0165a\u017eko nasadzuje na puzdro konektora, puzdro by sa malo z\u013eahka potrie\u0165 kvapkou n\u00e1\u0161ho oleja alebo pr\u00e1\u0161ku na ochranu proti vylomeniu. Hadica by sa potom mala nasun\u00fa\u0165 na puzdro kr\u00fativ\u00fdmi alebo skrutkovac\u00edmi pohybmi, pri\u010dom sa nesmie nam\u00e1ha\u0165 pohybmi nahor a nadol. To ist\u00e9 plat\u00ed aj pri odstra\u0148ovan\u00ed had\u00edc z pripojovacieho puzdra. Pros\u00edme, aby ste ju jednoducho neodtrh\u00e1vali!<\/p>","protected":false},"excerpt":{"rendered":"<p>Rozmery: Materi\u00e1l: 78 x 17 x 53 mm pre r\u00farky 14\/10 mm alebo mravenisko ve\u013ekosti M: PMMA Farby: prieh\u013eadn\u00e1, siv\u00e1 Obsah: Popis: 1x priechodn\u00fd jazdec: Priechodov\u00fd pos\u00fava\u010d uzatv\u00e1ra alebo otv\u00e1ra priechod mravcov v trubici alebo medzi dvoma formik\u00e1riami. Je prieh\u013eadn\u00fd, tak\u017ee m\u00f4\u017eete skontrolova\u0165, \u010di s\u00fa medzi nimi mravce.","protected":false},"featured_media":5170,"comment_status":"open","ping_status":"closed","template":"","meta":{"_acf_changed":false,"content-type":"","_monsterinsights_skip_tracking":false,"_monsterinsights_sitenote_active":false,"_monsterinsights_sitenote_note":"","_monsterinsights_sitenote_category":0},"product_brand":[],"product_cat":[121],"product_tag":[],"class_list":{"0":"post-4639","1":"product","2":"type-product","3":"status-publish","4":"has-post-thumbnail","6":"product_cat-connectors","8":"first","9":"instock","10":"taxable","11":"shipping-taxable","12":"purchasable","13":"product-type-simple"},"acf":[],"aioseo_notices":[],"jetpack_sharing_enabled":true,"_links":{"self":[{"href":"https:\/\/antcube.shop\/sk\/wp-json\/wp\/v2\/product\/4639","targetHints":{"allow":["GET"]}}],"collection":[{"href":"https:\/\/antcube.shop\/sk\/wp-json\/wp\/v2\/product"}],"about":[{"href":"https:\/\/antcube.shop\/sk\/wp-json\/wp\/v2\/types\/product"}],"replies":[{"embeddable":true,"href":"https:\/\/antcube.shop\/sk\/wp-json\/wp\/v2\/comments?post=4639"}],"wp:featuredmedia":[{"embeddable":true,"href":"https:\/\/antcube.shop\/sk\/wp-json\/wp\/v2\/media\/5170"}],"wp:attachment":[{"href":"https:\/\/antcube.shop\/sk\/wp-json\/wp\/v2\/media?parent=4639"}],"wp:term":[{"taxonomy":"product_brand","embeddable":true,"href":"https:\/\/antcube.shop\/sk\/wp-json\/wp\/v2\/product_brand?post=4639"},{"taxonomy":"product_cat","embeddable":true,"href":"https:\/\/antcube.shop\/sk\/wp-json\/wp\/v2\/product_cat?post=4639"},{"taxonomy":"product_tag","embeddable":true,"href":"https:\/\/antcube.shop\/sk\/wp-json\/wp\/v2\/product_tag?post=4639"}],"curies":[{"name":"wp","href":"https:\/\/api.w.org\/{rel}","templated":true}]}}