{"id":4637,"date":"2022-11-14T14:30:23","date_gmt":"2022-11-14T13:30:23","guid":{"rendered":"https:\/\/antcube.shop\/produkt\/durchgangsschieber-l\/"},"modified":"2026-03-30T12:22:09","modified_gmt":"2026-03-30T10:22:09","slug":"priechodny-ventil-l","status":"publish","type":"product","link":"https:\/\/antcube.shop\/sk\/produkt\/priechodny-ventil-l\/","title":{"rendered":"Priechodn\u00fd \u0161up\u00e1tkov\u00fd ventil - L"},"content":{"rendered":"<p><strong>Rozmery:<\/strong> 78 x 27 x 53 mm pre r\u00farky 14\/16\/18\/20 mm alebo mravenisko ve\u013ekosti L<\/p>\n<p>Hadi\u010dka 14\/10 je pevne zasunut\u00e1 do 14 mm z\u00e1suvky<br \/>\nR\u00farka 20\/16 je upevnen\u00e1 na prvom 16 mm kroku<br \/>\nR\u00farka 22\/18 je upevnen\u00e1 na druhom 20 mm stupni<br \/>\nR\u00farka 24\/20 je vo\u013ene pripevnen\u00e1 na druhom 20 mm stupni<\/p>\n<p><strong>Materi\u00e1l:<\/strong> PMMA<\/p>\n<p><strong>Farby:<\/strong> kri\u0161t\u00e1\u013eovo \u010dist\u00fd, siv\u00fd<\/p>\n<p><strong>Obsah:<\/strong> 1x priechodn\u00fd posuvn\u00edk<\/p>\n<p><strong>Popis: V s\u00fa\u010dasnosti je na trhu viac ako 10 000 zariaden\u00ed, ktor\u00e9 s\u00fa ur\u010den\u00e9 na predaj:<\/strong> Priechodov\u00fd pos\u00fava\u010d blokuje alebo otv\u00e1ra priechod mravcov v r\u00farke alebo medzi dvoma formik\u00e1riami.<br \/>\nJe prieh\u013eadn\u00fd, tak\u017ee pri \"zatv\u00e1ran\u00ed\" m\u00f4\u017eete skontrolova\u0165, \u010di s\u00fa medzi nimi mravce. \u0160up\u00e1tko sa pou\u017e\u00edva aj na kontrolu a regul\u00e1ciu toku mravcov v r\u00farkach.<\/p>\n<p>Pozn\u00e1mka k \u017eiadosti<br \/>\nVzh\u013eadom na filigr\u00e1nov\u00fa kon\u0161trukciu je potrebn\u00e9 pri prip\u00e1jan\u00ed alebo odp\u00e1jan\u00ed had\u00edc dodr\u017eiava\u0165 nasleduj\u00face pokyny:<br \/>\nAk sa r\u00farka ve\u013emi \u0165a\u017eko nasadzuje na puzdro konektora, puzdro by sa malo z\u013eahka potrie\u0165 kvapkou n\u00e1\u0161ho oleja alebo pr\u00e1\u0161ku na ochranu proti vylomeniu. Hadica by sa potom mala nasun\u00fa\u0165 na puzdro kr\u00fativ\u00fdmi alebo skrutkovac\u00edmi pohybmi, pri\u010dom sa nesmie nam\u00e1ha\u0165 pohybmi nahor a nadol. To ist\u00e9 plat\u00ed aj pri odstra\u0148ovan\u00ed had\u00edc z pripojovacieho puzdra. Pros\u00edme, aby ste ju jednoducho neodtrh\u00e1vali!<\/p>\n<p><strong>Aktualiz\u00e1cia:<\/strong><br \/>\n15.12.2020 Zlep\u0161enie produktu: Ty\u010de boli zosilnen\u00e9 o 3 mm.<\/p>","protected":false},"excerpt":{"rendered":"<p>Rozmery: 14\/10 sa pevne zasunie do 14 mm obj\u00edmky 20\/16 sa upevn\u00ed na prv\u00fd 16 mm krok 22\/18 sa upevn\u00ed na druh\u00fd 20 mm krok 24\/20 sa vo\u013ene nasad\u00ed na druh\u00fd 20 mm krok Materi\u00e1l: 78 x 27 x 53 mm pre r\u00farky 14\/16\/18\/20 mm alebo ant farm ve\u013ekos\u0165 L PMMA Farby: kry\u0161t\u00e1l","protected":false},"featured_media":5606,"comment_status":"open","ping_status":"closed","template":"","meta":{"_acf_changed":false,"content-type":"","_monsterinsights_skip_tracking":false,"_monsterinsights_sitenote_active":false,"_monsterinsights_sitenote_note":"","_monsterinsights_sitenote_category":0},"product_brand":[],"product_cat":[121],"product_tag":[],"class_list":{"0":"post-4637","1":"product","2":"type-product","3":"status-publish","4":"has-post-thumbnail","6":"product_cat-connectors","8":"first","9":"instock","10":"taxable","11":"shipping-taxable","12":"purchasable","13":"product-type-simple"},"acf":[],"aioseo_notices":[],"jetpack_sharing_enabled":true,"_links":{"self":[{"href":"https:\/\/antcube.shop\/sk\/wp-json\/wp\/v2\/product\/4637","targetHints":{"allow":["GET"]}}],"collection":[{"href":"https:\/\/antcube.shop\/sk\/wp-json\/wp\/v2\/product"}],"about":[{"href":"https:\/\/antcube.shop\/sk\/wp-json\/wp\/v2\/types\/product"}],"replies":[{"embeddable":true,"href":"https:\/\/antcube.shop\/sk\/wp-json\/wp\/v2\/comments?post=4637"}],"wp:featuredmedia":[{"embeddable":true,"href":"https:\/\/antcube.shop\/sk\/wp-json\/wp\/v2\/media\/5606"}],"wp:attachment":[{"href":"https:\/\/antcube.shop\/sk\/wp-json\/wp\/v2\/media?parent=4637"}],"wp:term":[{"taxonomy":"product_brand","embeddable":true,"href":"https:\/\/antcube.shop\/sk\/wp-json\/wp\/v2\/product_brand?post=4637"},{"taxonomy":"product_cat","embeddable":true,"href":"https:\/\/antcube.shop\/sk\/wp-json\/wp\/v2\/product_cat?post=4637"},{"taxonomy":"product_tag","embeddable":true,"href":"https:\/\/antcube.shop\/sk\/wp-json\/wp\/v2\/product_tag?post=4637"}],"curies":[{"name":"wp","href":"https:\/\/api.w.org\/{rel}","templated":true}]}}