{"id":4636,"date":"2022-11-14T14:30:07","date_gmt":"2022-11-14T13:30:07","guid":{"rendered":"https:\/\/antcube.shop\/produkt\/adapterkappe-16mm-zu-10mm\/"},"modified":"2026-04-02T16:20:16","modified_gmt":"2026-04-02T14:20:16","slug":"adapter-cap-16mm-to-10mm","status":"publish","type":"product","link":"https:\/\/antcube.shop\/sk\/produkt\/adapter-cap-16mm-to-10mm\/","title":{"rendered":"Adapt\u00e9rov\u00fd uz\u00e1ver 16 mm na 10 mm"},"content":{"rendered":"<div class=\"tab-body active\">\n<p><strong>Mno\u017estvo:<\/strong> 1 kus<\/p>\n<p><strong>Rozmery:<\/strong> 20 x 15 mm<\/p>\n<p><strong>Materi\u00e1l:<\/strong> PE plast<\/p>\n<p><strong>Farba:<\/strong> prieh\u013eadn\u00fd, mlie\u010dny<\/p>\n<p><strong>Popis: V s\u00fa\u010dasnosti je na trhu viac ako 10 000 zariaden\u00ed, ktor\u00e9 s\u00fa ur\u010den\u00e9 na predaj:<\/strong> Ako adapt\u00e9r pre hadicov\u00fa spojku 27 mm - 14,16,20 mm - prieh\u013eadn\u00fa (obj. \u010d. 1001694), aby bolo mo\u017en\u00e9 pripoji\u0165 aj hadicu 10\/06 mm (obj. \u010d. 1001273) pre S-Farms.<\/p>\n<\/div>","protected":false},"excerpt":{"rendered":"<p>Mno\u017estvo: Rozmery: 1 ks 20 x 15 mm Materi\u00e1l: farba: prieh\u013eadn\u00e1, mlie\u010dna Ako adapt\u00e9r pre hadicov\u00fa spojku 27 mm - 14,16,20 mm - transparentn\u00e1 (Art. 1001694), aby bolo mo\u017en\u00e9 pripoji\u0165 aj hadicu 10\/06 mm (Art. 1001273) pre S-Farms.<\/p>","protected":false},"featured_media":5112,"comment_status":"open","ping_status":"closed","template":"","meta":{"_acf_changed":false,"content-type":"","_monsterinsights_skip_tracking":false,"_monsterinsights_sitenote_active":false,"_monsterinsights_sitenote_note":"","_monsterinsights_sitenote_category":0},"product_brand":[],"product_cat":[121],"product_tag":[],"class_list":{"0":"post-4636","1":"product","2":"type-product","3":"status-publish","4":"has-post-thumbnail","6":"product_cat-connectors","8":"first","9":"instock","10":"taxable","11":"shipping-taxable","12":"purchasable","13":"product-type-simple"},"acf":[],"aioseo_notices":[],"jetpack_sharing_enabled":true,"_links":{"self":[{"href":"https:\/\/antcube.shop\/sk\/wp-json\/wp\/v2\/product\/4636","targetHints":{"allow":["GET"]}}],"collection":[{"href":"https:\/\/antcube.shop\/sk\/wp-json\/wp\/v2\/product"}],"about":[{"href":"https:\/\/antcube.shop\/sk\/wp-json\/wp\/v2\/types\/product"}],"replies":[{"embeddable":true,"href":"https:\/\/antcube.shop\/sk\/wp-json\/wp\/v2\/comments?post=4636"}],"wp:featuredmedia":[{"embeddable":true,"href":"https:\/\/antcube.shop\/sk\/wp-json\/wp\/v2\/media\/5112"}],"wp:attachment":[{"href":"https:\/\/antcube.shop\/sk\/wp-json\/wp\/v2\/media?parent=4636"}],"wp:term":[{"taxonomy":"product_brand","embeddable":true,"href":"https:\/\/antcube.shop\/sk\/wp-json\/wp\/v2\/product_brand?post=4636"},{"taxonomy":"product_cat","embeddable":true,"href":"https:\/\/antcube.shop\/sk\/wp-json\/wp\/v2\/product_cat?post=4636"},{"taxonomy":"product_tag","embeddable":true,"href":"https:\/\/antcube.shop\/sk\/wp-json\/wp\/v2\/product_tag?post=4636"}],"curies":[{"name":"wp","href":"https:\/\/api.w.org\/{rel}","templated":true}]}}