{"id":4629,"date":"2022-11-14T14:28:18","date_gmt":"2022-11-14T13:28:18","guid":{"rendered":"https:\/\/antcube.shop\/produkt\/antcube-ameisenfarm-l-30x30-wand\/"},"modified":"2026-03-23T17:45:00","modified_gmt":"2026-03-23T16:45:00","slug":"antcube-ameisenfarm-l-30x30-wand","status":"publish","type":"product","link":"https:\/\/antcube.shop\/sk\/produkt\/antcube-ameisenfarm-l-30x30-wand\/","title":{"rendered":"ANTCUBE - Mravenisko - L - 30\u00d730 - stena"},"content":{"rendered":"<p><strong>Vonku:<\/strong> 32,5 x 32,5 cm \/ Vn\u00fatri: 29,2 x 29,2 cm<\/p>\n<p><strong>Materi\u00e1l:<\/strong><br \/>\nPlav\u00e1kov\u00e9 sklo, drevo, PMMA<\/p>\n<p><strong>Farba:<\/strong><br \/>\nkri\u0161t\u00e1\u013eovo \u010dist\u00e1, biela<\/p>\n<p><strong>Obsah:<\/strong><br \/>\n1x mravenisko s rozstupom dosiek 20 mm s mont\u00e1\u017eou na stenu.<br \/>\n1x kryt<br \/>\n1x dreven\u00fd r\u00e1m bielej farby so z\u00e1mkom na magnet<br \/>\n2x di\u0161tan\u010dn\u00e9 ty\u010de pre hniezdne vlo\u017eky<br \/>\n6x skrutky a hmo\u017edinky (do dreva \/ kamennej steny)<\/p>\n<p><strong>pripojenie:<\/strong><br \/>\n2x 14\/16\/18\/20 x 20 mm z\u00e1suvka<\/p>\n<p>Hadica 14\/10 sa zas\u00fava do 14 mm n\u00e1trubku s tesn\u00fdm uchyten\u00edm<br \/>\nHadica 20\/16 je pevne pripojen\u00e1 k prv\u00e9mu 16 mm kroku<\/p>\n<p><strong>Popis: V s\u00fa\u010dasnosti je na trhu viac ako 10 000 zariaden\u00ed, ktor\u00e9 s\u00fa ur\u010den\u00e9 na predaj:<\/strong><br \/>\nTieto mravenisk\u00e1 s\u00fa ur\u010den\u00e9 na mont\u00e1\u017e na stenu a mo\u017eno ich \u013eahko namontova\u0165 na dreven\u00e9 a kamenn\u00e9 steny.<br \/>\nR\u00e1m je vyroben\u00fd z prav\u00e9ho pr\u00edrodn\u00e9ho dreva s bielou povrchovou \u00fapravou v modernom nad\u010dasovom dizajne.<br \/>\nTento r\u00e1m sa d\u00e1 odobra\u0165, aby sa farma otvorila, a pomocou magnetick\u00e9ho dr\u017eiaka sa d\u00e1 op\u00e4\u0165 pripevni\u0165 k farme.<\/p>\n<p><strong>Pokyny na mont\u00e1\u017e:<\/strong><br \/>\nNa upevnenie 6 hmo\u017ediniek \"S6\" do steny potrebujete v\u0155ta\u010dku s vrt\u00e1kom 6 mm (do dreva alebo kame\u0148a v z\u00e1vislosti od materi\u00e1lu).<br \/>\nDo steny sa musia vyv\u0155ta\u0165 otvory hlbok\u00e9 40 mm, aby sa mohli zapusti\u0165 hmo\u017edinky so skrutkami 4x30 mm.<\/p>\n<p><strong>Pozn\u00e1mky k v\u00fdrobe<\/strong><br \/>\nSklo sa br\u00fasi pod\u013ea normy DIN 1249 s toleranciou +\/- 1 mm. V pr\u00edpade extr\u00e9mne mal\u00fdch druhov mravcov je nevyhnutn\u00e1 dodato\u010dn\u00e1 ochrana proti vylomeniu.<\/p>\n<p><strong>Pozn\u00e1mka k farme<\/strong><br \/>\nPri prip\u00e1jan\u00ed alebo odoberan\u00ed had\u00edc dbajte na nasleduj\u00face pokyny:<br \/>\nAk sa r\u00farka ve\u013emi \u0165a\u017eko nasadzuje na puzdro konektora, puzdro by sa malo z\u013eahka potrie\u0165 kvapkou n\u00e1\u0161ho oleja alebo pr\u00e1\u0161ku na ochranu proti vylomeniu. Hadica by sa potom mala nasun\u00fa\u0165 na puzdro kr\u00fativ\u00fdmi alebo skrutkovac\u00edmi pohybmi, pri\u010dom sa nesmie nam\u00e1ha\u0165 pohybmi nahor a nadol. To ist\u00e9 plat\u00ed aj pri odstra\u0148ovan\u00ed had\u00edc z pripojovacieho puzdra farmy. Pros\u00edme, aby ste ju jednoducho neodtrh\u00e1vali!<\/p>","protected":false},"excerpt":{"rendered":"<p><strong>Pripojenie:<\/strong> z\u00e1suvka 2x 14\/16 x 20 mm; <strong>vzdialenos\u0165 medzi doskami:<\/strong> vn\u00fatri 20 mm<br \/>\n<strong>Ve\u013ekos\u0165:<\/strong> <span style=\"color: #0000ff;\"><strong>L<\/strong> <\/span><\/p>","protected":false},"featured_media":5188,"comment_status":"open","ping_status":"closed","template":"","meta":{"_acf_changed":false,"content-type":"","_monsterinsights_skip_tracking":false,"_monsterinsights_sitenote_active":false,"_monsterinsights_sitenote_note":"","_monsterinsights_sitenote_category":0},"product_brand":[],"product_cat":[80,83],"product_tag":[],"class_list":{"0":"post-4629","1":"product","2":"type-product","3":"status-publish","4":"has-post-thumbnail","6":"product_cat-antfarms","7":"product_cat-antfarms-l","9":"first","10":"instock","11":"taxable","12":"shipping-taxable","13":"purchasable","14":"product-type-simple"},"acf":[],"aioseo_notices":[],"jetpack_sharing_enabled":true,"_links":{"self":[{"href":"https:\/\/antcube.shop\/sk\/wp-json\/wp\/v2\/product\/4629","targetHints":{"allow":["GET"]}}],"collection":[{"href":"https:\/\/antcube.shop\/sk\/wp-json\/wp\/v2\/product"}],"about":[{"href":"https:\/\/antcube.shop\/sk\/wp-json\/wp\/v2\/types\/product"}],"replies":[{"embeddable":true,"href":"https:\/\/antcube.shop\/sk\/wp-json\/wp\/v2\/comments?post=4629"}],"wp:featuredmedia":[{"embeddable":true,"href":"https:\/\/antcube.shop\/sk\/wp-json\/wp\/v2\/media\/5188"}],"wp:attachment":[{"href":"https:\/\/antcube.shop\/sk\/wp-json\/wp\/v2\/media?parent=4629"}],"wp:term":[{"taxonomy":"product_brand","embeddable":true,"href":"https:\/\/antcube.shop\/sk\/wp-json\/wp\/v2\/product_brand?post=4629"},{"taxonomy":"product_cat","embeddable":true,"href":"https:\/\/antcube.shop\/sk\/wp-json\/wp\/v2\/product_cat?post=4629"},{"taxonomy":"product_tag","embeddable":true,"href":"https:\/\/antcube.shop\/sk\/wp-json\/wp\/v2\/product_tag?post=4629"}],"curies":[{"name":"wp","href":"https:\/\/api.w.org\/{rel}","templated":true}]}}