{"id":4627,"date":"2022-11-14T14:27:46","date_gmt":"2022-11-14T13:27:46","guid":{"rendered":"https:\/\/antcube.shop\/produkt\/antcube-ameisenfarm-l-30x30-stehend\/"},"modified":"2026-04-04T19:29:23","modified_gmt":"2026-04-04T17:29:23","slug":"antcube-ant-farm-l-30x30-standing","status":"publish","type":"product","link":"https:\/\/antcube.shop\/sk\/produkt\/antcube-ant-farm-l-30x30-standing\/","title":{"rendered":"ANTCUBE - mravenisko - L - 30\u00d730 - stojaci"},"content":{"rendered":"<p><strong>Rozmery (Dx\u0160xV):\u00a0<\/strong><br \/>\n330x60x300 mm<\/p>\n<p><strong>Materi\u00e1l:<\/strong><br \/>\nPl\u00e1vaj\u00face sklo, plast<\/p>\n<p><strong>Farba:<\/strong><br \/>\nkri\u0161t\u00e1\u013eovo \u010dist\u00fd<\/p>\n<p><strong>Obsah:<\/strong><br \/>\n1x mravenisko ANTCUBE - rozstup dosiek 20 mm.<br \/>\n1x kryt na mravenisko L 30\u00d73<br \/>\n2x z\u00e1str\u010dka 4 mm<\/p>\n<p><strong>pripojenie:<\/strong><br \/>\n2x 14\/16\/18\/20 x 20 mm z\u00e1suvka<br \/>\n2x 4 mm otvory so 4 mm z\u00e1tkami<\/p>\n<p>Hadica 14\/10 sa zas\u00fava do 14 mm n\u00e1trubku s tesn\u00fdm uchyten\u00edm<br \/>\nR\u00farka 20\/16 je upevnen\u00e1 na prvom 16 mm kroku<br \/>\nR\u00farka 22\/18 je pevne pripevnen\u00e1 na druhom 20 mm stupni<br \/>\nHadica 24\/20 je vo\u013ene nasaden\u00e1 na druhom 20 mm stupni<\/p>\n<p><strong>Popis: V s\u00fa\u010dasnosti je na trhu viac ako 10 000 zariaden\u00ed, ktor\u00e9 s\u00fa ur\u010den\u00e9 na predaj:<\/strong><br \/>\nT\u00e1to \u00faplne prieh\u013eadn\u00e1 mraven\u010dia farma je vhodn\u00e1 pre druhy mravcov ve\u013ekosti L.<\/p>\n<p><strong>Pozn\u00e1mky k v\u00fdrobe<\/strong><br \/>\nSklo sa br\u00fasi pod\u013ea normy DIN 1249 s toleranciou +\/- 1 mm. V pr\u00edpade extr\u00e9mne mal\u00fdch druhov mravcov je nevyhnutn\u00e1 dodato\u010dn\u00e1 ochrana proti vylomeniu.<\/p>\n<p><strong>Pozn\u00e1mka k farme<\/strong><br \/>\nPri prip\u00e1jan\u00ed alebo odoberan\u00ed had\u00edc dbajte na nasleduj\u00face pokyny:<br \/>\nAk sa r\u00farka ve\u013emi \u0165a\u017eko nasadzuje na puzdro konektora, puzdro by sa malo z\u013eahka potrie\u0165 kvapkou n\u00e1\u0161ho oleja alebo pr\u00e1\u0161ku na ochranu proti vylomeniu. Hadica by sa potom mala nasun\u00fa\u0165 na puzdro kr\u00fativ\u00fdmi alebo skrutkovac\u00edmi pohybmi, pri\u010dom sa nesmie nam\u00e1ha\u0165 pohybmi nahor a nadol. To ist\u00e9 plat\u00ed aj pri odstra\u0148ovan\u00ed had\u00edc z pripojovacieho puzdra farmy. Pros\u00edme, aby ste ju jednoducho neodtrh\u00e1vali!<\/p>","protected":false},"excerpt":{"rendered":"<p><strong>Pripojenie:<\/strong> Z\u00e1suvka 2x 14\/16\/18\/20 mm + kryt <strong>Vzdialenos\u0165 medzi doskami:<\/strong> Vn\u00fatorn\u00e1 strana 20 mm \/ vonkaj\u0161ia strana 28 mm<br \/>\n<strong>Ve\u013ekos\u0165:<\/strong> <strong><span style=\"color: #0000ff;\">L<\/span><\/strong><\/p>","protected":false},"featured_media":5192,"comment_status":"open","ping_status":"closed","template":"","meta":{"_acf_changed":false,"content-type":"","_monsterinsights_skip_tracking":false,"_monsterinsights_sitenote_active":false,"_monsterinsights_sitenote_note":"","_monsterinsights_sitenote_category":0},"product_brand":[],"product_cat":[80,83],"product_tag":[],"class_list":{"0":"post-4627","1":"product","2":"type-product","3":"status-publish","4":"has-post-thumbnail","6":"product_cat-antfarms","7":"product_cat-antfarms-l","9":"first","10":"instock","11":"taxable","12":"shipping-taxable","13":"purchasable","14":"product-type-simple"},"acf":[],"aioseo_notices":[],"jetpack_sharing_enabled":true,"_links":{"self":[{"href":"https:\/\/antcube.shop\/sk\/wp-json\/wp\/v2\/product\/4627","targetHints":{"allow":["GET"]}}],"collection":[{"href":"https:\/\/antcube.shop\/sk\/wp-json\/wp\/v2\/product"}],"about":[{"href":"https:\/\/antcube.shop\/sk\/wp-json\/wp\/v2\/types\/product"}],"replies":[{"embeddable":true,"href":"https:\/\/antcube.shop\/sk\/wp-json\/wp\/v2\/comments?post=4627"}],"wp:featuredmedia":[{"embeddable":true,"href":"https:\/\/antcube.shop\/sk\/wp-json\/wp\/v2\/media\/5192"}],"wp:attachment":[{"href":"https:\/\/antcube.shop\/sk\/wp-json\/wp\/v2\/media?parent=4627"}],"wp:term":[{"taxonomy":"product_brand","embeddable":true,"href":"https:\/\/antcube.shop\/sk\/wp-json\/wp\/v2\/product_brand?post=4627"},{"taxonomy":"product_cat","embeddable":true,"href":"https:\/\/antcube.shop\/sk\/wp-json\/wp\/v2\/product_cat?post=4627"},{"taxonomy":"product_tag","embeddable":true,"href":"https:\/\/antcube.shop\/sk\/wp-json\/wp\/v2\/product_tag?post=4627"}],"curies":[{"name":"wp","href":"https:\/\/api.w.org\/{rel}","templated":true}]}}