{"id":4626,"date":"2022-11-14T14:27:28","date_gmt":"2022-11-14T13:27:28","guid":{"rendered":"https:\/\/antcube.shop\/produkt\/bundle-offer-starter-set-kork-camponotus-nicobarensis-cricket-jam\/"},"modified":"2026-04-03T17:08:06","modified_gmt":"2026-04-03T15:08:06","slug":"balik-ponuka-startovacia-sada-kork-camponotus-nicobarensis-cricket-jam","status":"publish","type":"product","link":"https:\/\/antcube.shop\/sk\/produkt\/balik-ponuka-startovacia-sada-kork-camponotus-nicobarensis-cricket-jam\/","title":{"rendered":"Ponuka bal\u00edka - Camponotus nicobarensis"},"content":{"rendered":"<p><span data-text-color=\"secondary\"><strong>Bal\u00ed\u010dek pon\u00faka kol\u00f3niu mravcov Camponotus nicobarensis (kr\u00e1\u013eovn\u00e1 + 5\u201310 robotn\u00ed\u010dok + potomstvo), \u0161tartovac\u00ed set z korku, 2 podlo\u017eky do mrav\u010dieho mraveniska, n\u00e1hradn\u00e9 balenie medovice 10 ml a poh\u00e1rik n\u00e1\u0161ho \u0161peci\u00e1lneho kriketov\u00e9ho d\u017eemu 25 g (vlhk\u00e9 bielkoviny).<\/strong><\/span><\/p>\n<p><span data-text-color=\"alert\"><strong>Len do vypredania z\u00e1sob.<\/strong><\/span><\/p>\n<p><strong>V\u0161etko, \u010do potrebujete pre kol\u00f3niu mravcov Camponotus nicobarensis<\/strong><br \/>\nTento bal\u00edk obsahuje v\u0161etko, \u010do potrebujete na \u00faspe\u0161n\u00e9 zalo\u017eenie kol\u00f3nie Camponotus nicobarensis po\u010das prv\u00fdch mesiacov. Je flexibilne roz\u0161\u00edrite\u013en\u00fd a vyslovene vhodn\u00fd pre za\u010diato\u010dn\u00edkov v chove mravcov.<\/p>\n<p><strong>Druh mravca Camponotus nicobarensis<\/strong><br \/>\nCamponotus nicobarensis je pomerne ve\u013ek\u00fd druh rodu Camponotus a na rozdiel od in\u00fdch druhov rodu Camponotus sa vyv\u00edja pomerne r\u00fdchlo. Je preto ve\u013emi vhodn\u00fd pre za\u010diato\u010dn\u00edkov v chove mravcov. Okrem toho nepotrebuje zimn\u00fd sp\u00e1nok, a preto ho mo\u017eno \u013eahko pozorova\u0165 doma v zime. Vo vo\u013enej pr\u00edrode \u017eije okrem in\u00e9ho v polop\u00fa\u0161\u0165ach a stepiach juhov\u00fdchodnej \u00c1zie, ale aj vo vlhkej\u0161\u00edch oblastiach. Vzh\u013eadom na ve\u013emi ve\u013ek\u00fd are\u00e1l roz\u0161\u00edrenia je tolerantn\u00fd vo\u010di teplot\u00e1m a vlhkosti.<\/p>\n<p><strong>Potrava pre Camponotus nicobarensis<\/strong><br \/>\nCamponotus nicobarensis sa \u017eiv\u00ed medovou vodou a drobn\u00fdm \u017eiv\u00fdm alebo m\u0155tvym hmyzom, ale ochotne prij\u00edma aj plody. Ako alternat\u00edvu k hmyzu mo\u017eno pod\u00e1va\u0165 aj na\u0161e bielkovinov\u00e9 n\u00e1hradn\u00e9 krmivo. Pre v\u00fdvoj kol\u00f3nie s\u00fa v\u0161ak vhodnej\u0161ie \"\u010derstv\u00e9\" bielkoviny, ako je napr\u00edklad n\u00e1\u0161 cvr\u010d\u010d\u00ed d\u017eem. Mala by sa poskytova\u0165 aj \u010derstv\u00e1 voda.<\/p>\n<p><strong>Formik\u00e1rium pre Camponotus nicobarensis<\/strong><br \/>\nCamponotus nicobarensis sa najlep\u0161ie chov\u00e1 v na\u0161ich \u0161tartovac\u00edch sad\u00e1ch L s korkovou vlo\u017ekou do hniezda. Zvierat\u00e1 \u017eij\u00fa vo vo\u013enej pr\u00edrode, zvy\u010dajne v zhnitom dreve, ale na stavbu hniezda radi vyu\u017eij\u00fa ak\u00fako\u013evek formu prirodzenej dutiny. Na\u0161e korkov\u00e9 hniezdne vlo\u017eky s\u00fa najvhodnej\u0161ie na chov vo formik\u00e1riu kv\u00f4li ich podobnosti s prehnit\u00fdm drevom.<\/p>\n<p><strong>Obsah:<\/strong><br \/>\n1x Camponotus nicobarensis (kr\u00e1\u013eovn\u00e1 + 5-10 robotn\u00edc + ml\u00e1\u010fat\u00e1)<\/p>\n<div>1x Cvr\u010dekov\u00fd d\u017eem 25g<\/div>\n<div>1x Honeydew Mix (HT) - n\u00e1pl\u0148 10ml<\/div>\n<div>1x z\u00e1klad\u0148a pre formik\u00e1rium - 20x20cm<\/div>\n<div>1x z\u00e1klad\u0148a pre formik\u00e1rium - 20x6cm<\/div>\n<div><\/div>\n<div>1x ANTCUBE - Arena 20x20x10 - ploch\u00e1<\/div>\n<div>1x r\u00e1m mraveniska 20\u00d720<\/div>\n<div>1x kryt mraveniska 20\u00d720<\/div>\n<div>4x upev\u0148ovac\u00ed bod pre kryt ar\u00e9ny<\/div>\n<div>1x ANTCUBE - mravenisko - L - 20\u00d720 - vertik\u00e1lne<\/div>\n<div><\/div>\n<div>1x ANTCUBE - korkov\u00e9 hniezdo 20\u00d720 - vzpriamen\u00e9<\/div>\n<div>1x 0,5 m prieh\u013eadn\u00e1 hadica 20\/16 mm<\/div>\n<div>1x ANTCUBE - \u010derven\u00e1 f\u00f3lia 20\u00d720 - filter<\/div>\n<div>1x samolepiace klipy - prieh\u013eadn\u00e9 2 ks.<\/div>\n<div>1x substr\u00e1t - pieso\u010dnato-hlinit\u00fd b\u00e9\u017eov\u00fd - 1000g<\/div>\n<div><\/div>\n<div>2x Grid insert acrylic &#8211; 50 mm with sealing ring<\/div>\n<div>1x Grid insert acrylic &#8211; 27 mm with sealing ring<\/div>\n<div>1x Mrie\u017ekov\u00fd uz\u00e1ver - 16 mm - nerezov\u00e1 oce\u013e<\/div>\n<div><\/div>\n<div>1x hadicov\u00e1 spojka n\u00e1dr\u017ee 27-14,16,20 mm - transparentn\u00e1<\/div>\n<div>1x Foil thermometer &#8211; farm<\/div>\n<div>1x Foil thermometer Display<\/div>\n<div>1x drinking clear 5ml &#8211; sponge<\/div>\n<div>1x Feeding dish white rectangle &#8211; 3 compartments<\/div>\n<div>1x Drinking trough 2ml &#8211; 360 Degrees<\/div>\n<div>1x Olej na ochranu proti mravcom 10ml<\/div>\n<div>1x pinzeta z pru\u017einovej ocele - \u0161irok\u00e1 - m\u00e4kk\u00e1<\/div>\n<div>1x pinzeta plastov\u00e1 prieh\u013eadn\u00e1<\/div>\n<div>1x plastov\u00e1 pipeta 3 ml<\/div>\n<div>1x ru\u010dn\u00e1 lupa - 2x - 30 mm<\/div>\n<div>1x penov\u00fd stiera\u010d 150x18x2,5mm<\/div>\n<p><strong>Popis \u0160tartovacia sada:<\/strong><br \/>\nT\u00e1to korkov\u00e1 \u0161tartovacia s\u00faprava s prefabrikovan\u00fdmi chodbi\u010dkami a kom\u00f4rkami je vhodn\u00e1 pre r\u00f4zne druhy mravcov, najm\u00e4 pre druhy, ktor\u00e9 hniezdia v (m\u0155tvom) dreve.<\/p>\n<p>\"ANTCUBE - Korkov\u00e9 hniezdo\" mo\u017eno vlo\u017ei\u0165 do \u00faplne prieh\u013eadnej farmy. Alternat\u00edvne m\u00f4\u017eete na vyplnenie farmy alebo na uzavretie niektor\u00fdch kom\u00f4r korkov\u00e9ho hniezda pou\u017ei\u0165 aj substr\u00e1t \"Pieso\u010dnato-hlinit\u00fd b\u00e9\u017eov\u00fd\". V pr\u00edpade potreby mo\u017eno cez 50 mm otvory v kryte pripoji\u0165 \u010fal\u0161ie moduly, napr. samostatne dostupn\u00e9 hmlovacie zariadenia, ventil\u00e1tory alebo svetl\u00e1. Alternat\u00edvne s\u00fa s\u00fa\u010das\u0165ou dod\u00e1vky vhodn\u00e9 mrie\u017ekov\u00e9 vlo\u017eky a formik\u00e1riov\u00e9 z\u00e1tky na uzavretie otvorov. V pr\u00edpade potreby mo\u017eno formik\u00e1rium prev\u00e1dzkova\u0165 aj v otvorenom stave jednoduch\u00fdm umiestnen\u00edm odn\u00edmate\u013en\u00e9ho r\u00e1mu na horn\u00fa \u010das\u0165 a nanesen\u00edm oleja na ochranu proti \u00faniku mravcov na okraj.<\/p>\n<p><strong>D\u00f4le\u017eit\u00e9:<\/strong> Pred pou\u017eit\u00edm substr\u00e1t navlh\u010dite, aby sa zmes mohla spoji\u0165 a pevne dr\u017ea\u0165 v mravenisku. Okrem toho, ak je substr\u00e1t pr\u00edli\u0161 such\u00fd a pra\u0161n\u00fd, m\u00f4\u017ee d\u00f4js\u0165 k zablokovaniu d\u00fdchac\u00edch ciest mravcov a v najhor\u0161om pr\u00edpade sa zvierat\u00e1 m\u00f4\u017eu udusi\u0165.<\/p>\n<p><strong>Odpor\u00fa\u010danie:<\/strong> Odpor\u00fa\u010dame vrstvu substr\u00e1tu s v\u00fd\u0161kou 2 mm, aby sa zvierat\u00e1 nemohli zahraba\u0165 do ar\u00e9ny a namiesto toho pou\u017e\u00edvali na tento \u00fa\u010del poskytnut\u00fd statok.<\/p>\n<p><strong>Pozn\u00e1mky k v\u00fdrobe skla<\/strong><br \/>\nSklo sa re\u017ee na mieru pod\u013ea DIN 1249 s toleranciou +\/- 1 mm. Pri extr\u00e9mne mal\u00fdch druhoch mravcov je nevyhnutn\u00e1 dodato\u010dn\u00e1 ochrana proti vylomeniu.<\/p>\n<p><strong>Pozn\u00e1mky k farme<\/strong><br \/>\nHniezdo by sa malo pou\u017e\u00edva\u0165 len v suchom formik\u00e1riu. Ak je hniezdo trvalo vlhk\u00e9, materi\u00e1l m\u00f4\u017ee splesnivie\u0165.<\/p>\n<p><strong>Pri prip\u00e1jan\u00ed alebo odoberan\u00ed had\u00edc dbajte na nasleduj\u00face pokyny:<\/strong><br \/>\nAk sa r\u00farka ve\u013emi \u0165a\u017eko nasadzuje na pripojovaciu z\u00e1suvku, treba z\u00e1suvku z\u013eahka potrie\u0165 kvapkou n\u00e1\u0161ho oleja alebo pr\u00e1\u0161ku proti praskaniu. Hadica by sa potom mala nasun\u00fa\u0165 na obj\u00edmku kr\u00fatiacimi alebo skrutkovac\u00edmi pohybmi bez toho, aby sa obj\u00edmka nam\u00e1hala pohybmi nahor a nadol. To ist\u00e9 plat\u00ed aj pri odstra\u0148ovan\u00ed had\u00edc z pripojovacej z\u00e1suvky farmy. Neodstra\u0148ujte ju jednoducho!<\/p>\n<p><strong>Pokyny: <\/strong>(Verzia 2023, aktualizovan\u00e1 verzia pre rok 2024 bude k dispoz\u00edcii najnesk\u00f4r do 04\/2024)<br \/>\n<span data-sheets-root=\"1\" data-sheets-value=\"{&quot;1&quot;:2,&quot;2&quot;:&quot;DE Gebrauchsanweisung Starter Set Kork (PDF 3,80 MB)&quot;}\" data-sheets-userformat=\"{&quot;2&quot;:513,&quot;3&quot;:{&quot;1&quot;:0},&quot;12&quot;:0}\" data-sheets-hyperlink=\"https:\/\/www.antstore.net\/shop\/images\/info\/de\/Gebrauchsanweisung Starter Set Kork.pdf\" data-sheets-hyperlinkruns=\"{&quot;1&quot;:3,&quot;2&quot;:&quot;https:\/\/www.antstore.net\/shop\/images\/info\/de\/Gebrauchsanweisung Starter Set Kork.pdf&quot;}\uee10{&quot;1&quot;:38}\"><a class=\"in-cell-link\" href=\"https:\/\/www.antstore.net\/shop\/images\/info\/de\/Gebrauchsanweisung Starter Set Kork.pdf\" target=\"_blank\" rel=\"noopener\">- DE <\/a><a class=\"in-cell-link\" href=\"https:\/\/www.antstore.net\/shop\/images\/info\/de\/Gebrauchsanweisung Starter Set Kork.pdf\" target=\"_blank\" rel=\"noopener\">Gebrauchsanweisung Starter Set Kork<\/a><a class=\"in-cell-link\" href=\"https:\/\/www.antstore.net\/shop\/images\/info\/de\/Gebrauchsanweisung Starter Set Kork.pdf\" target=\"_blank\" rel=\"noopener\"> (PDF 3,80 MB)<\/a><\/span><br \/>\n<a href=\"https:\/\/www.antstore.net\/shop\/images\/info\/en\/Instructions%20for%20use%20-%20Starter%20Set%20Cork.pdf\">- SK N\u00e1vod na pou\u017eitie - \u0161tartovacia sada Cork (PDF 3,79 MB)<\/a><br \/>\n<a href=\"https:\/\/www.antstore.net\/shop\/images\/info\/es\/Manual%20de%20instrucciones%20-%20Set%20de%20inicio%20de%20corcho.pdf\">- ES Manual de instrucciones - Set de inicio de corcho (PDF 3,79 MB)<\/a><br \/>\n<a href=\"https:\/\/www.antstore.net\/shop\/images\/info\/fr\/Manuel%20d'instruction%20-%20Kit%20de%20d%C3%A9marrage%20en%20li%C3%A8ge.pdf\">- FR N\u00e1vod na obsluhu - S\u00faprava na \u00fadr\u017ebu v lige (PDF 3,79 MB)<\/a><\/p>\n<p><strong>Pozn\u00e1mky k z\u00e1pasu Cricket Jam:<\/strong><br \/>\nNa\u0161e blan\u0161\u00edrovan\u00e9 cvr\u010dky predstavuj\u00fa jednoduch\u00fd sp\u00f4sob, ako mravcom poskytn\u00fa\u0165 \u010derstvo konzervovan\u00fa bielkovinov\u00fa potravu bez toho, aby ste museli k\u0155mi\u0165 \u017eiv\u00fdm hmyzom. Obsiahnut\u00e9 cvr\u010dky (Acheta domesticus) boli jemne blan\u0161\u00edrovan\u00e9, aby sa zabezpe\u010dilo zachovanie nutri\u010dn\u00fdch hodn\u00f4t, chuti a v\u00f4ne. Okrem toho sa t\u00fdmto sp\u00f4sobom zm\u00e4k\u010duje chit\u00ednov\u00e1 schr\u00e1nka hmyzu, aby sa \u013eah\u0161ie tr\u00e1vila. V\u00e4zby kolag\u00e9nov\u00fdch bielkov\u00edn sa rozbij\u00fa, aby ich mravce mohli lep\u0161ie vyu\u017ei\u0165. Konzervy Acheta domesticus maj\u00fa rovnak\u00fa v\u00fd\u017eivov\u00fa hodnotu ako \u017eiv\u00e9 cvr\u010dky, ale s\u00fa \u013eah\u0161ie str\u00e1vite\u013en\u00e9.<\/p>\n<p>Cricket Jam nie je vhodn\u00fd na lov druhov mravcov, ktor\u00e9 vy\u017eaduj\u00fa \u017eiv\u00fa potravu (napr. poniklecov (ve\u013ek\u00fdch mravcov), ako s\u00fa Harpegnathos alebo Odontomachus).<\/p>\n<p><strong>\u010eal\u0161ie v\u00fdhody:<\/strong><br \/>\nZaru\u010dene bez rozto\u010dov<br \/>\nM\u00f4\u017ee sa porciova\u0165 a riedi\u0165 vodou<br \/>\nSterilizovan\u00e9 a v\u00e1kuovo balen\u00e9<br \/>\nBez pr\u00eddavn\u00fdch l\u00e1tok<br \/>\nCvr\u010dky z udr\u017eate\u013en\u00e9ho \u010disto ekologick\u00e9ho chovu, k\u0155men\u00e9 organick\u00fdm odpadom<\/p>\n<p><strong>Pozn\u00e1mka:<\/strong><br \/>\nPo otvoren\u00ed sa m\u00f4\u017ee uchov\u00e1va\u0165 v chladni\u010dke pribli\u017ene \u0161tyri dni. Pri zmrazen\u00ed je trvanlivos\u0165 dlh\u0161ia.<br \/>\n<strong>Pozor:<\/strong> Najprv porciujte, potom zmrazte.<\/p>\n<p><strong>Pozn\u00e1mka k medovici:<\/strong><br \/>\nObsah: 10 ml<br \/>\nIde o pr\u00edrodn\u00fd produkt, ktor\u00fd sme po rozsiahlom testovan\u00ed v na\u0161om laborat\u00f3riu zdokonalili a vyvinuli z neho potravu, ktor\u00fa mravce ve\u013emi dobre prij\u00edmaj\u00fa. D\u00f4vodom je, \u017ee nespracovan\u00fd medovicov\u00fd med v jeho koncentrovanej p\u00f4vodnej forme nie je dobre prij\u00edman\u00fd mravcami a ich metabolizmom.<br \/>\nNa\u0161a medovina bola zozbieran\u00e1 v nezne\u010disten\u00fdch divok\u00fdch horsk\u00fdch lesoch Bulharska. Medovica sa rod\u00ed len ve\u013emi obmedzen\u00fd \u010das, pribli\u017ene dva mesiace v lete. Preto je ve\u013emi vz\u00e1cny. Vzh\u013eadom na \u0161pecifick\u00e9 vlastnosti p\u00f4dy v lesoch a podnebie sa v listoch stromov ukladaj\u00fa z\u00e1kladn\u00e9 \u017eiviny, ktor\u00e9 m\u0161ice absorbuj\u00fa. Pr\u00e1ve preto je t\u00e1to medonosn\u00e1 zmes pre mravce tak\u00e1 \u017eiad\u00faca.<\/p>\n<p><strong>Pou\u017eitie:<\/strong><br \/>\nMno\u017estvo potrav\u00edn by sa malo spotrebova\u0165 pribli\u017ene do 3 dn\u00ed.<\/p>\n<p><strong>Popis: V s\u00fa\u010dasnosti je na trhu viac ako 10 000 zariaden\u00ed, ktor\u00e9 s\u00fa ur\u010den\u00e9 na predaj:<\/strong><br \/>\nMedovica sa na rozdiel od kvetov\u00e9ho medu z\u00edskava zo sekr\u00e9tov hmyzu, ktor\u00fd saje na rastlin\u00e1ch, ako s\u00fa napr\u00edklad m\u0161ice. Medovica je ob\u013e\u00faben\u00fdm zdrojom potravy pre mnoh\u00e9 druhy hmyzu, ako s\u00fa mravce, v\u010dely a \u010dmeliaky. V\u010dely a \u010dmeliaky ju olizuj\u00fa z listov alebo ihli\u010dia r\u00f4znych stromov. Mravce, ako napr\u00edklad Lasius niger, doslova chovaj\u00fa m\u0161ice. Dokonca ich br\u00e1nia pred pred\u00e1tormi a pren\u00e1\u0161aj\u00fa ich na \u010derstv\u00e9 v\u00fdhonky.<\/p>\n<p>Medovica je u mravcov obzvl\u00e1\u0161\u0165 ob\u013e\u00faben\u00e1 v\u010faka svojim trochu odli\u0161n\u00fdm zlo\u017ek\u00e1m. Hlavn\u00fdmi cukrami v medovici s\u00fa sachar\u00f3za a frukt\u00f3za, ale v men\u0161om mno\u017estve sa vyskytuj\u00fa aj malt\u00f3za, trehal\u00f3za, melezit\u00f3za, rafin\u00f3za a in\u00e9 oligosacharidy. Okrem cukru a vody obsahuje medovica aj esenci\u00e1lne aminokyseliny, miner\u00e1lne l\u00e1tky, stopov\u00e9 prvky, adenoz\u00edny, fosf\u00e1ty a \u010fal\u0161ie zlo\u017eky, ako s\u00fa vitam\u00edny.<\/p>\n<p><strong>Pou\u017eitie:<\/strong><br \/>\nPre druhy mravcov medo\u017erav\u00fdch (Meliphagidae)<br \/>\nIde o doplnkov\u00e9 krmivo<br \/>\nM\u00f4\u017ee sa pon\u00faka\u0165 zvierat\u00e1m ako dod\u00e1vka. Ke\u010f\u017ee koncentr\u00e1cia cukru sa vplyvom vlhkosti zni\u017euje a za\u010d\u00edna sa proces ferment\u00e1cie, krmivo by sa malo ka\u017ed\u00e9 tri dni vymie\u0148a\u0165. Pred op\u00e4tovn\u00fdm pou\u017eit\u00edm d\u00f4kladne vy\u010distite misku na k\u0155menie.<br \/>\nPo otvoren\u00ed by sa malo balenie uchov\u00e1va\u0165 pevne uzavret\u00e9 a\u017e do d\u00e1tumu exspir\u00e1cie.<\/p>\n<p><strong>V\u00fd\u017eivov\u00e9 \u00fadaje na 100 g:<\/strong><br \/>\npribli\u017ene 2,7 % tukov<br \/>\nz toho nas\u00fdten\u00fdch pribli\u017ene 0,45 %<br \/>\npribli\u017ene 95 % sacharidov<br \/>\nz toho cukor pribli\u017ene 71<br \/>\npribli\u017ene 2,85% prote\u00ednu<br \/>\nMiner\u00e1lne l\u00e1tky (drasl\u00edk, v\u00e1pnik, me\u010f, \u017eelezo, sod\u00edk, hor\u010d\u00edk, fosfor, zinok a in\u00e9 stopov\u00e9 prvky) Aminokyseliny (prol\u00edn, leuc\u00edn, fenylalan\u00edn, alan\u00edn, histid\u00edn, izoleuc\u00edn, kyselina glut\u00e1mov\u00e1, argin\u00edn, kyselina aspar\u00e1gov\u00e1 at\u010f.) Organick\u00e9 kyseliny Enz\u00fdmy (fermenty) Chu\u0165ov\u00e9 l\u00e1tky Inhib\u00edtory (antibakteri\u00e1lne l\u00e1tky) Kvety Pe\u013e<\/p>\n<p><strong>Skladovanie:<\/strong><br \/>\nAby sa zabezpe\u010dila kvalita krmiva, malo by sa skladova\u0165 na tmavom a suchom mieste.<\/p>\n<p><strong>Pozn\u00e1mka:<\/strong><br \/>\nDoplnkov\u00e9 krmivo pre mravce \u017eiviace sa medom.<br \/>\nZlo\u017eenie, analytick\u00e9 zlo\u017eky, d\u00e1tum minim\u00e1lnej trvanlivosti a \u010d\u00edslo \u0161ar\u017ee n\u00e1jdete v pr\u00edbalovom let\u00e1ku.<\/p>\n<p>Informa\u010dn\u00e1 linka +49 30 439703870<\/p>\n<p>Zodpovedn\u00fd veterin\u00e1rny a potravinov\u00fd in\u0161pektor\u00e1t:<br \/>\nVeterin\u00e1rna kancel\u00e1ria Steglitz<br \/>\nK\u00f6nigin-Luise-Str. 92<br \/>\n14195 Berl\u00edn<\/p>","protected":false},"excerpt":{"rendered":"<p>S\u00faprava pozost\u00e1va z 33 dielov<br \/>\nVe\u013ekos\u0165: <span style=\"color: #0000ff;\"><strong>L<\/strong><\/span><\/p>","protected":false},"featured_media":7121,"comment_status":"open","ping_status":"closed","template":"","meta":{"_acf_changed":false,"content-type":"","_monsterinsights_skip_tracking":false,"_monsterinsights_sitenote_active":false,"_monsterinsights_sitenote_note":"","_monsterinsights_sitenote_category":0},"product_brand":[],"product_cat":[355,73,76,89],"product_tag":[],"class_list":{"0":"post-4626","1":"product","2":"type-product","3":"status-publish","4":"has-post-thumbnail","6":"product_cat-bundle-offers","7":"product_cat-starter-sets","8":"product_cat-starter-sets-cork","9":"product_cat-cork","11":"first","12":"instock","13":"taxable","14":"shipping-taxable","15":"purchasable","16":"product-type-simple"},"acf":[],"aioseo_notices":[],"jetpack_sharing_enabled":true,"_links":{"self":[{"href":"https:\/\/antcube.shop\/sk\/wp-json\/wp\/v2\/product\/4626","targetHints":{"allow":["GET"]}}],"collection":[{"href":"https:\/\/antcube.shop\/sk\/wp-json\/wp\/v2\/product"}],"about":[{"href":"https:\/\/antcube.shop\/sk\/wp-json\/wp\/v2\/types\/product"}],"replies":[{"embeddable":true,"href":"https:\/\/antcube.shop\/sk\/wp-json\/wp\/v2\/comments?post=4626"}],"wp:featuredmedia":[{"embeddable":true,"href":"https:\/\/antcube.shop\/sk\/wp-json\/wp\/v2\/media\/7121"}],"wp:attachment":[{"href":"https:\/\/antcube.shop\/sk\/wp-json\/wp\/v2\/media?parent=4626"}],"wp:term":[{"taxonomy":"product_brand","embeddable":true,"href":"https:\/\/antcube.shop\/sk\/wp-json\/wp\/v2\/product_brand?post=4626"},{"taxonomy":"product_cat","embeddable":true,"href":"https:\/\/antcube.shop\/sk\/wp-json\/wp\/v2\/product_cat?post=4626"},{"taxonomy":"product_tag","embeddable":true,"href":"https:\/\/antcube.shop\/sk\/wp-json\/wp\/v2\/product_tag?post=4626"}],"curies":[{"name":"wp","href":"https:\/\/api.w.org\/{rel}","templated":true}]}}