{"id":4625,"date":"2022-11-14T14:21:09","date_gmt":"2022-11-14T13:21:09","guid":{"rendered":"https:\/\/antcube.shop\/produkt\/acrylglas-xt-rohr-50-46mm-1m\/"},"modified":"2026-03-26T18:04:53","modified_gmt":"2026-03-26T17:04:53","slug":"acrylic-xt-tube-50-46mm-1m","status":"publish","type":"product","link":"https:\/\/antcube.shop\/sk\/produkt\/acrylic-xt-tube-50-46mm-1m\/","title":{"rendered":"Mraven\u010dia r\u00farka - kri\u0161t\u00e1\u013eovo \u010dist\u00e1 - 50 mm - 1 m"},"content":{"rendered":"<p><strong>Rozmery:<\/strong> vonkaj\u0161\u00ed priemer 50 mm, d\u013a\u017eka: 1 m<\/p>\n<p><strong>Materi\u00e1l:<\/strong> akrylov\u00e9 sklo<\/p>\n<p><strong>Farba:<\/strong> transparentn\u00e9, jasn\u00e9<\/p>\n<p><strong>Popis: V s\u00fa\u010dasnosti je na trhu viac ako 10 000 zariaden\u00ed, ktor\u00e9 s\u00fa ur\u010den\u00e9 na predaj:<\/strong> Mo\u017eno ich pripoji\u0165 k formik\u00e1riu pomocou adapt\u00e9rov alebo spoji\u0165 nieko\u013eko formik\u00e1ri\u00ed dohromady.<\/p>\n<p><strong>Pozn\u00e1mka:<\/strong> Z d\u00f4vodu balenia sa daj\u00fa 1 m dlh\u00e9 r\u00farky rozreza\u0165 na polovicu a pr\u00edpadne objedna\u0165 so zodpovedaj\u00facim kusom r\u00farky. Ak si \u017eel\u00e1te, aby boli r\u00farky v ka\u017edom pr\u00edpade dodan\u00e9 ako 1 metrov\u00e9 r\u00farky, mus\u00edte si to zvoli\u0165 ako pr\u00edplatok.<\/p>","protected":false},"excerpt":{"rendered":"<p>Rozmery: vonkaj\u0161\u00ed priemer 50 mm, d\u013a\u017eka: 1 m Materi\u00e1l: akrylov\u00e9 sklo Farba: prieh\u013eadn\u00e1, \u010d\u00edra Popis: D\u00e1 sa pripoji\u0165 k formik\u00e1riu pomocou adapt\u00e9rov alebo spoji\u0165 nieko\u013eko formik\u00e1ri\u00ed dohromady. Pozn\u00e1mka: Z d\u00f4vodu balenia je mo\u017en\u00e9 1 m r\u00farky rozreza\u0165 na polovicu a pr\u00edpadne objedna\u0165 s pr\u00edslu\u0161n\u00fdm kusom r\u00farky. Ak chcete ma\u0165","protected":false},"featured_media":5122,"comment_status":"open","ping_status":"closed","template":"","meta":{"_acf_changed":false,"content-type":"","_monsterinsights_skip_tracking":false,"_monsterinsights_sitenote_active":false,"_monsterinsights_sitenote_note":"","_monsterinsights_sitenote_category":0},"product_brand":[],"product_cat":[119,120],"product_tag":[],"class_list":{"0":"post-4625","1":"product","2":"type-product","3":"status-publish","4":"has-post-thumbnail","6":"product_cat-formicarium-components","7":"product_cat-hoses","9":"first","10":"instock","11":"taxable","12":"shipping-taxable","13":"purchasable","14":"product-type-simple"},"acf":[],"aioseo_notices":[],"jetpack_sharing_enabled":true,"_links":{"self":[{"href":"https:\/\/antcube.shop\/sk\/wp-json\/wp\/v2\/product\/4625","targetHints":{"allow":["GET"]}}],"collection":[{"href":"https:\/\/antcube.shop\/sk\/wp-json\/wp\/v2\/product"}],"about":[{"href":"https:\/\/antcube.shop\/sk\/wp-json\/wp\/v2\/types\/product"}],"replies":[{"embeddable":true,"href":"https:\/\/antcube.shop\/sk\/wp-json\/wp\/v2\/comments?post=4625"}],"wp:featuredmedia":[{"embeddable":true,"href":"https:\/\/antcube.shop\/sk\/wp-json\/wp\/v2\/media\/5122"}],"wp:attachment":[{"href":"https:\/\/antcube.shop\/sk\/wp-json\/wp\/v2\/media?parent=4625"}],"wp:term":[{"taxonomy":"product_brand","embeddable":true,"href":"https:\/\/antcube.shop\/sk\/wp-json\/wp\/v2\/product_brand?post=4625"},{"taxonomy":"product_cat","embeddable":true,"href":"https:\/\/antcube.shop\/sk\/wp-json\/wp\/v2\/product_cat?post=4625"},{"taxonomy":"product_tag","embeddable":true,"href":"https:\/\/antcube.shop\/sk\/wp-json\/wp\/v2\/product_tag?post=4625"}],"curies":[{"name":"wp","href":"https:\/\/api.w.org\/{rel}","templated":true}]}}