{"id":4614,"date":"2022-11-01T18:09:43","date_gmt":"2022-11-01T17:09:43","guid":{"rendered":"https:\/\/antcube.shop\/produkt\/formicarienunterlage-40x20cm\/"},"modified":"2026-04-05T19:45:30","modified_gmt":"2026-04-05T17:45:30","slug":"formicarienunterlage-40x20cm","status":"publish","type":"product","link":"https:\/\/antcube.shop\/sk\/produkt\/formicarienunterlage-40x20cm\/","title":{"rendered":"Podlo\u017eka pod formik\u00e1rium - 40x20cm"},"content":{"rendered":"<p><strong>Rozmery:<\/strong> 400 x 200 x 4 mm<\/p>\n<p><strong>Materi\u00e1l:<\/strong> PE pena<\/p>\n<p><strong>Farba:<\/strong> \u0161ed\u00e1<\/p>\n<p><strong>Obsah: <\/strong>1 ks.<\/p>\n<p><strong>Popis: V s\u00fa\u010dasnosti je na trhu viac ako 10 000 zariaden\u00ed, ktor\u00e9 s\u00fa ur\u010den\u00e9 na predaj:<\/strong><br \/>\nPodlo\u017eka formik\u00e1ria je vyroben\u00e1 z m\u00e4kk\u00e9ho penov\u00e9ho materi\u00e1lu.<br \/>\nChr\u00e1ni formik\u00e1rium, ako aj n\u00e1bytok, na ktorom formik\u00e1rium stoj\u00ed, pred po\u0161kriaban\u00edm.<br \/>\nOkrem toho podlo\u017eka sl\u00fa\u017ei ako tepeln\u00e1 izol\u00e1cia na vyrovnanie najmen\u0161\u00edch nerovnost\u00ed a chr\u00e1ni aj pred vibr\u00e1ciami.<\/p>","protected":false},"excerpt":{"rendered":"<p>Rozmery: Materi\u00e1l: 290 x 60 x 4 mm PE pena Farba: siv\u00e1 Obsah: 60 x 60 cm, 60 x 60 cm, 60 x 60 cm, 60 x 60 cm, 60 x 60 cm: Obsah: 1 ks. Popis: V balen\u00ed sa nach\u00e1dza: 1 ks polystyr\u00e9novej peny, ktor\u00e1 je s\u00fa\u010das\u0165ou balenia: Podlo\u017eka do formik\u00e1ria je vyroben\u00e1 z m\u00e4kk\u00e9ho penov\u00e9ho materi\u00e1lu. Chr\u00e1ni formik\u00e1rium, ako aj n\u00e1bytok, na ktorom formik\u00e1rium stoj\u00ed, pred po\u0161kriaban\u00edm. Okrem toho podlo\u017eka sl\u00fa\u017ei ako tepeln\u00e1 izol\u00e1cia na vyrovnanie","protected":false},"featured_media":5125,"comment_status":"open","ping_status":"closed","template":"","meta":{"_acf_changed":false,"content-type":"","_monsterinsights_skip_tracking":false,"_monsterinsights_sitenote_active":false,"_monsterinsights_sitenote_note":"","_monsterinsights_sitenote_category":0},"product_brand":[],"product_cat":[239],"product_tag":[],"class_list":{"0":"post-4614","1":"product","2":"type-product","3":"status-publish","4":"has-post-thumbnail","6":"product_cat-useful-additions","8":"first","9":"instock","10":"taxable","11":"shipping-taxable","12":"purchasable","13":"product-type-simple"},"acf":[],"aioseo_notices":[],"jetpack_sharing_enabled":true,"_links":{"self":[{"href":"https:\/\/antcube.shop\/sk\/wp-json\/wp\/v2\/product\/4614","targetHints":{"allow":["GET"]}}],"collection":[{"href":"https:\/\/antcube.shop\/sk\/wp-json\/wp\/v2\/product"}],"about":[{"href":"https:\/\/antcube.shop\/sk\/wp-json\/wp\/v2\/types\/product"}],"replies":[{"embeddable":true,"href":"https:\/\/antcube.shop\/sk\/wp-json\/wp\/v2\/comments?post=4614"}],"wp:featuredmedia":[{"embeddable":true,"href":"https:\/\/antcube.shop\/sk\/wp-json\/wp\/v2\/media\/5125"}],"wp:attachment":[{"href":"https:\/\/antcube.shop\/sk\/wp-json\/wp\/v2\/media?parent=4614"}],"wp:term":[{"taxonomy":"product_brand","embeddable":true,"href":"https:\/\/antcube.shop\/sk\/wp-json\/wp\/v2\/product_brand?post=4614"},{"taxonomy":"product_cat","embeddable":true,"href":"https:\/\/antcube.shop\/sk\/wp-json\/wp\/v2\/product_cat?post=4614"},{"taxonomy":"product_tag","embeddable":true,"href":"https:\/\/antcube.shop\/sk\/wp-json\/wp\/v2\/product_tag?post=4614"}],"curies":[{"name":"wp","href":"https:\/\/api.w.org\/{rel}","templated":true}]}}