{"id":4613,"date":"2022-11-01T18:09:28","date_gmt":"2022-11-01T17:09:28","guid":{"rendered":"https:\/\/antcube.shop\/produkt\/antcube-starter-set-vivarium-30x30x30-cube\/"},"modified":"2026-04-01T11:20:15","modified_gmt":"2026-04-01T09:20:15","slug":"plantcube-vivarium-20x20x20-biom","status":"publish","type":"product","link":"https:\/\/antcube.shop\/sk\/produkt\/plantcube-vivarium-20x20x20-biom\/","title":{"rendered":"PLANTCUBE - Viv\u00e1rium 20x20x20 Biom"},"content":{"rendered":"<p><b>Obsah:<\/b><b><br \/>\n<\/b><span style=\"font-weight: 400;\">1x PLANTCUBE Vivarium 20x20x20 Biom<\/span><span style=\"font-weight: 400;\"><br \/>\n<\/span><span style=\"font-weight: 400;\">2x z\u00e1tka pre 10 mm otvor<\/span><\/p>\n<p><span style=\"font-weight: 400;\">Sklenen\u00e1 kocka 20x20x20cm s 2x bo\u010dn\u00fdm 27mm otvorom a 2x bo\u010dn\u00fdm 10mm otvorom<\/span><span style=\"font-weight: 400;\"><br \/>\n<\/span><span style=\"font-weight: 400;\">27 mm otvor (stredov\u00fd bod) je vo v\u00fd\u0161ke 8,5 cm.\u00a0<\/span><\/p>\n<p><b>Rozmery:<\/b><span style=\"font-weight: 400;\"> 200 x 200 x 200 mm; hr\u00fabka skla 4 mm<\/span><\/p>\n<p><b>Materi\u00e1l:<\/b><span style=\"font-weight: 400;\"> plaven\u00e9 sklo<\/span><\/p>\n<p><b>Bo\u010dn\u00e9 otvory:<\/b><b><br \/>\n<\/b><span style=\"font-weight: 400;\">2x otvor 27 mm<\/span><span style=\"font-weight: 400;\"><br \/>\n<\/span><span style=\"font-weight: 400;\">2x otvor 10 mm<\/span><\/p>\n<p><span style=\"font-weight: 400;\">S na\u0161imi viv\u00e1riami PLANTCUBE si m\u00f4\u017eete navrhn\u00fa\u0165 vlastn\u00e9 \u017eiv\u00e9 umeleck\u00e9 dielo do svojej ob\u00fdva\u010dky. V PLANTCUBE m\u00f4\u017eete chova\u0165 aj mal\u00e9 zvierat\u00e1, tak\u017ee va\u0161ej kreativite sa medze neklad\u00fa.<\/span><\/p>\n<p><span style=\"font-weight: 400;\">Ak sa chcete dozvedie\u0165 viac o PLANTCUBE alebo si pre\u010d\u00edta\u0165 n\u00e1\u0161ho sprievodcu krok za krokom, ako si zriadi\u0165 viv\u00e1rium, nav\u0161t\u00edvte tento odkaz: <a href=\"http:\/\/antcube.shop\/PLANTCUBE\">antcube.shop\/PLANTCUBE<\/a><\/span><\/p>\n<p><b>Prisp\u00f4sobte si PLANTCUBE vlastn\u00fdm potreb\u00e1m alebo potreb\u00e1m va\u0161ich rastl\u00edn a zvierat:<\/b><\/p>\n<p><span style=\"font-weight: 400;\">Dva 10 mm otvory na boku, umiestnen\u00e9 vo v\u00fd\u0161ke 2 cm (v strede) od dna, sl\u00fa\u017eia na odv\u00e1dzanie prebyto\u010dnej vody. Na vyp\u00fa\u0161\u0165anie vody m\u00f4\u017eete pou\u017ei\u0165 napr\u00edklad na\u0161u prieh\u013eadn\u00fa hadicu 10\/06 mm. Dva 27 mm otvory m\u00f4\u017eu by\u0165 bu\u010f uzavret\u00e9 pomocou z\u00e1tok, alebo sl\u00fa\u017eia ako dodato\u010dn\u00e9 vetranie, ak s\u00fa vybaven\u00e9 mrie\u017ekov\u00fdmi vlo\u017ekami. Dokonca by ste tu mohli prepoji\u0165 dve zostavy prostredn\u00edctvom akryl\u00e1tovej trubice. Ak teda chov\u00e1te zvierat\u00e1 vo vn\u00fatri v\u00e1\u0161ho viv\u00e1ria, m\u00f4\u017eu sa vo\u013ene pohybova\u0165 z jednej zostavy do druhej.<\/span><\/p>\n<p><b>Ako premeni\u0165 PLANTCUBE na bioakt\u00edvny ekosyst\u00e9m?:<\/b><\/p>\n<p><b>Vytvorte dren\u00e1\u017enu vrstvu:<\/b><\/p>\n<p><span style=\"font-weight: 400;\">Aby ste podporili svoje rastliny, mali by ste vo vn\u00fatri viv\u00e1ria najprv vytvori\u0165 dren\u00e1\u017enu vrstvu. Odpor\u00fa\u010dame v\u00e1m pou\u017ei\u0165 2-3 cm hlinen\u00fdch gran\u00fal (4-8 mm), preto\u017ee s\u00fa \u013eahk\u00e9. Pred vlo\u017een\u00edm ich nezabudnite umy\u0165 pod te\u010d\u00facou vodou, aby ste odstr\u00e1nili prach.\u00a0<\/span><\/p>\n<p><span style=\"font-weight: 400;\">Na hlinen\u00e9 granule m\u00f4\u017eete polo\u017ei\u0165 dren\u00e1\u017enu vlnu, aby ste oddelili dren\u00e1\u017e od substr\u00e1tu.<\/span><\/p>\n<p><b>Ak\u00e9 rastliny a p\u00f4du pou\u017ei\u0165:<\/b><\/p>\n<p><span style=\"font-weight: 400;\">To v\u0161etko z\u00e1vis\u00ed od typu ekosyst\u00e9mu, ktor\u00fd chcete vytvori\u0165. Ak chcete vybudova\u0165 p\u00fa\u0161tne alebo sk\u00f4r such\u00e9 viv\u00e1rium, budete potrebova\u0165 rastliny, ktor\u00fdm sa v takomto podneb\u00ed dar\u00ed, a pou\u017eijete vhodn\u00fa p\u00f4du, v ktorej rady rast\u00fa. Pri tropick\u00fdch Viv\u00e1ri\u00e1ch je to samozrejme rovnak\u00e9. Sna\u017ete sa pou\u017ei\u0165 rastliny z podobn\u00fdch oblast\u00ed a\/alebo podnebia, aby sa im v\u0161etk\u00fdm darilo v rovnakom type p\u00f4dy a podnebia. Dobr\u00fd obchod s rastlinami by mal ma\u0165 v\u017edy inform\u00e1cie o zodpovedaj\u00facej kl\u00edme a p\u00f4de pre rastliny, ktor\u00e9 pred\u00e1va.<\/span><\/p>\n<p><b>D\u00f4le\u017eit\u00e9:<\/b><span style=\"font-weight: 400;\"> Ak chcete ma\u0165 rastliny a zvierat\u00e1 pohromade, nikdy by ste nemali pou\u017e\u00edva\u0165 rastliny, o ktor\u00fdch neviete, \u010di nepri\u0161li do kontaktu s hnojivami alebo pestic\u00eddmi. Pou\u017e\u00edvajte len rastliny z teraristick\u00fdch alebo podobn\u00fdch obchodov, ktor\u00e9 s\u00fa zaru\u010dene \u00faplne bez pestic\u00eddov a hnoj\u00edv. Tie inak m\u00f4\u017eu vies\u0165 k \u00fahynu va\u0161ich zvierat.<\/span><\/p>\n<p><b>Zave\u010fte \"upratovaciu \u010datu\", aby bolo va\u0161e viv\u00e1rium bioakt\u00edvne<\/b><\/p>\n<p><b>\u010co je bioakt\u00edvne? <\/b><span style=\"font-weight: 400;\">\u010co je bioakt\u00edvne? Toto je najbli\u017e\u0161ie k samonosnej zostave. Ide o pridanie vhodnej zmesi p\u00f4dy a organick\u00e9ho materi\u00e1lu na vytvorenie mikrofl\u00f3ry a potrebnej mikrofauny na vytvorenie kolobehu \u017eiv\u00edn vo va\u0161om viv\u00e1riu.<\/span><\/p>\n<p><span style=\"font-weight: 400;\">N\u00e1\u0161 tip: V\u017edy prid\u00e1vajte drobn\u00e9 \u017eivo\u010d\u00edchy, ako s\u00fa pru\u017einovky a izop\u00f3dy. Tie s\u00fa nielen dobr\u00fdm \"nekone\u010dn\u00fdm\" zdrojom potravy, ak chcete vo svojom viv\u00e1riu chova\u0165 \u010fal\u0161ie \u017eivo\u010d\u00edchy. \u017divia sa najm\u00e4 ples\u0148ami, ktor\u00e9 sa m\u00f4\u017eu tvori\u0165 v d\u00f4sledku vysokej vlhkosti, a obohacuj\u00fa p\u00f4du o \u017eiviny, ktor\u00e9 n\u00e1sledne umo\u017e\u0148uj\u00fa zdrav\u00fd rast rastl\u00edn.<\/span><\/p>\n<p><span style=\"font-weight: 400;\">Pridajte do p\u00f4dy trochu dreven\u00e9ho uhlia, ktor\u00e9 pom\u00e1ha mikr\u00f3bom kolonizova\u0165 p\u00f4du. Mach a k\u00f4ra z korku alebo biele zhnit\u00e9 drevo okrem listovej podstielky nielen\u017ee vyzeraj\u00fa vo va\u0161ej zostave prirodzene, ale s\u00fa aj potravou pre va\u0161u \"upratovaciu \u010datu\", poskytuj\u00fa im \u00fakryty a miesta na rozmno\u017eovanie a \u013eahko sa rozkladaj\u00fa na \u017eiviny pre va\u0161e rastliny.<\/span><\/p>\n<p><b>V pr\u00edrode je v\u0161etko o rovnov\u00e1he<\/b><\/p>\n<p><span style=\"font-weight: 400;\">Neodpor\u00fa\u010da sa v\u0161ak pou\u017e\u00edva\u0165 niektor\u00e9 druhy izop\u00f3dov bez pridania nie\u010doho, \u010do ich lov\u00ed, preto\u017ee popul\u00e1cia izop\u00f3dov bez pred\u00e1torov, ako s\u00fa napr\u00edklad mravce, sa rada vymkne spod kontroly a rastliny vo va\u0161om viv\u00e1riu sa potom r\u00fdchlo stan\u00fa ne\u017eiaducim zdrojom potravy. V pr\u00edrode je v\u0161etko o rovnov\u00e1he.<\/span><\/p>\n<p><b>\u010eal\u0161ie inform\u00e1cie:<\/b><\/p>\n<p><span style=\"font-weight: 400;\">Sklo sa br\u00fasi pod\u013ea normy DIN 1249 s toleranciou +\/- 1 mm. V pr\u00edpade extr\u00e9mne mal\u00fdch druhov mravcov je nevyhnutn\u00e1 dodato\u010dn\u00e1 ochrana proti vylomeniu.<\/span><\/p>","protected":false},"excerpt":{"rendered":"<p>Pripojenie: 2x otvor 27 mm<br \/>\n2x otvor 10 mm<\/p>","protected":false},"featured_media":12297,"comment_status":"open","ping_status":"closed","template":"","meta":{"_acf_changed":false,"content-type":"","_monsterinsights_skip_tracking":false,"_monsterinsights_sitenote_active":false,"_monsterinsights_sitenote_note":"","_monsterinsights_sitenote_category":0},"product_brand":[483],"product_cat":[341],"product_tag":[],"class_list":{"0":"post-4613","1":"product","2":"type-product","3":"status-publish","4":"has-post-thumbnail","6":"product_brand-plantcube","7":"product_cat-vivariums","9":"first","10":"instock","11":"taxable","12":"shipping-taxable","13":"purchasable","14":"product-type-simple"},"acf":[],"aioseo_notices":[],"jetpack_sharing_enabled":true,"_links":{"self":[{"href":"https:\/\/antcube.shop\/sk\/wp-json\/wp\/v2\/product\/4613","targetHints":{"allow":["GET"]}}],"collection":[{"href":"https:\/\/antcube.shop\/sk\/wp-json\/wp\/v2\/product"}],"about":[{"href":"https:\/\/antcube.shop\/sk\/wp-json\/wp\/v2\/types\/product"}],"replies":[{"embeddable":true,"href":"https:\/\/antcube.shop\/sk\/wp-json\/wp\/v2\/comments?post=4613"}],"wp:featuredmedia":[{"embeddable":true,"href":"https:\/\/antcube.shop\/sk\/wp-json\/wp\/v2\/media\/12297"}],"wp:attachment":[{"href":"https:\/\/antcube.shop\/sk\/wp-json\/wp\/v2\/media?parent=4613"}],"wp:term":[{"taxonomy":"product_brand","embeddable":true,"href":"https:\/\/antcube.shop\/sk\/wp-json\/wp\/v2\/product_brand?post=4613"},{"taxonomy":"product_cat","embeddable":true,"href":"https:\/\/antcube.shop\/sk\/wp-json\/wp\/v2\/product_cat?post=4613"},{"taxonomy":"product_tag","embeddable":true,"href":"https:\/\/antcube.shop\/sk\/wp-json\/wp\/v2\/product_tag?post=4613"}],"curies":[{"name":"wp","href":"https:\/\/api.w.org\/{rel}","templated":true}]}}