{"id":4609,"date":"2022-11-01T18:08:27","date_gmt":"2022-11-01T17:08:27","guid":{"rendered":"https:\/\/antcube.shop\/produkt\/ameisenarena-abdeckung-30x30\/"},"modified":"2026-04-02T17:28:50","modified_gmt":"2026-04-02T15:28:50","slug":"ameisenarena-abdeckung-30x30","status":"publish","type":"product","link":"https:\/\/antcube.shop\/sk\/produkt\/ameisenarena-abdeckung-30x30\/","title":{"rendered":"Kryt mraveniska 30\u00d730"},"content":{"rendered":"<p><strong>Rozmery (Dx\u0160xV):<\/strong> 30x30x0,4 cm<\/p>\n<p><strong>Materi\u00e1l:<\/strong> plaven\u00e9 sklo<\/p>\n<p><strong>Farba:<\/strong> kri\u0161t\u00e1\u013eovo \u010dist\u00fd \/ prieh\u013eadn\u00fd<\/p>\n<p><strong>Obsah:<\/strong><br \/>\n1x kryt mraveniska<br \/>\n1x fixa\u010dn\u00e9 body \u00e0 4 ks.<\/p>\n<p><strong>Popis: V s\u00fa\u010dasnosti je na trhu viac ako 10 000 zariaden\u00ed, ktor\u00e9 s\u00fa ur\u010den\u00e9 na predaj:<\/strong><br \/>\nKryt zo skla pre mravenisko ako ochrana pred \u00fanikom.<\/p>\n<p><strong>Pou\u017eitie:<\/strong><br \/>\nKryt mraveniska vyroben\u00fd zo skla sa umiestni na mravenisko a okam\u017eite sl\u00fa\u017ei aj na regul\u00e1ciu kl\u00edmy.<br \/>\nDo 50 mm otvorov mo\u017eno vlo\u017ei\u0165 r\u00f4zne moduly na regul\u00e1ciu kl\u00edmy, napr. vetracie mrie\u017eky, osvetlenie alebo zvlh\u010dovanie.<br \/>\nAby sa zabr\u00e1nilo \u00faniku mravcov cez otvory, mala by sa na spodn\u00fa stranu okolo otvorov nanies\u0165 ochrana proti \u00faniku (olej, pr\u00e1\u0161ok alebo lak).<\/p>\n<p><strong>Upozornenie:<\/strong><br \/>\nKe\u010f\u017ee je v\u00fdrobok vyroben\u00fd zo skla, a preto je n\u00e1chyln\u00fd na rozbitie, malo by sa s n\u00edm zaobch\u00e1dza\u0165 ve\u013emi opatrne.<\/p>","protected":false},"excerpt":{"rendered":"<p>Rozmery (Dx\u0160xV): 20x20x0,4 cm Materi\u00e1l: plaven\u00e9 sklo Farba: kri\u0161t\u00e1\u013eovo \u010dist\u00e1 \/ prieh\u013eadn\u00e1 Obsah: 1x kryt mraveniska 1x fixa\u010dn\u00e9 body \u00e0 4 ks. Popis: Mravenisko je vyroben\u00e9 z materi\u00e1lu, ktor\u00fd je s\u00fa\u010das\u0165ou balenia: Kryt zo skla na mravenisko ako ochrana proti \u00faniku. Pou\u017eitie: Kryt mraveniska zo skla sa umiest\u0148uje na mravenisko a sl\u00fa\u017ei aj na okam\u017eit\u00e9","protected":false},"featured_media":4800,"comment_status":"open","ping_status":"closed","template":"","meta":{"_acf_changed":false,"content-type":"","_monsterinsights_skip_tracking":false,"_monsterinsights_sitenote_active":false,"_monsterinsights_sitenote_note":"","_monsterinsights_sitenote_category":0},"product_brand":[],"product_cat":[91,92],"product_tag":[],"class_list":{"0":"post-4609","1":"product","2":"type-product","3":"status-publish","4":"has-post-thumbnail","6":"product_cat-formicarium-modules","7":"product_cat-arena-cover","9":"first","10":"instock","11":"taxable","12":"shipping-taxable","13":"purchasable","14":"product-type-simple"},"acf":[],"aioseo_notices":[],"jetpack_sharing_enabled":true,"_links":{"self":[{"href":"https:\/\/antcube.shop\/sk\/wp-json\/wp\/v2\/product\/4609","targetHints":{"allow":["GET"]}}],"collection":[{"href":"https:\/\/antcube.shop\/sk\/wp-json\/wp\/v2\/product"}],"about":[{"href":"https:\/\/antcube.shop\/sk\/wp-json\/wp\/v2\/types\/product"}],"replies":[{"embeddable":true,"href":"https:\/\/antcube.shop\/sk\/wp-json\/wp\/v2\/comments?post=4609"}],"wp:featuredmedia":[{"embeddable":true,"href":"https:\/\/antcube.shop\/sk\/wp-json\/wp\/v2\/media\/4800"}],"wp:attachment":[{"href":"https:\/\/antcube.shop\/sk\/wp-json\/wp\/v2\/media?parent=4609"}],"wp:term":[{"taxonomy":"product_brand","embeddable":true,"href":"https:\/\/antcube.shop\/sk\/wp-json\/wp\/v2\/product_brand?post=4609"},{"taxonomy":"product_cat","embeddable":true,"href":"https:\/\/antcube.shop\/sk\/wp-json\/wp\/v2\/product_cat?post=4609"},{"taxonomy":"product_tag","embeddable":true,"href":"https:\/\/antcube.shop\/sk\/wp-json\/wp\/v2\/product_tag?post=4609"}],"curies":[{"name":"wp","href":"https:\/\/api.w.org\/{rel}","templated":true}]}}