{"id":4606,"date":"2022-11-01T18:07:22","date_gmt":"2022-11-01T17:07:22","guid":{"rendered":"https:\/\/antcube.shop\/produkt\/formicariengranulat-1000ml-rot\/"},"modified":"2026-04-06T23:09:10","modified_gmt":"2026-04-06T21:09:10","slug":"formicarium-granule-1000ml-cervena","status":"publish","type":"product","link":"https:\/\/antcube.shop\/sk\/produkt\/formicarium-granule-1000ml-cervena\/","title":{"rendered":"Formicarium granule 1000ml - \u010derven\u00e9"},"content":{"rendered":"<p><strong>Obsah:<\/strong> 1000 ml (zodpoved\u00e1 ~ 400 g)<\/p>\n<p><strong>Ve\u013ekos\u0165 zrna:<\/strong> 1 - 6 mm<\/p>\n<p><strong>Farba:<\/strong> \u010derven\u00e1<\/p>\n<p><strong>Z\u00e1kladn\u00fd materi\u00e1l:<\/strong> \u0161peci\u00e1lna zmes vysoko kvalitn\u00fdch \u00edlov<\/p>\n<p><strong>Popis: V s\u00fa\u010dasnosti je na trhu viac ako 10 000 zariaden\u00ed, ktor\u00e9 s\u00fa ur\u010den\u00e9 na predaj:<\/strong> Materi\u00e1l zadr\u017eiava vlhkos\u0165 a zabezpe\u010duje dobr\u00e9 prevzdu\u0161nenie p\u00f4dy vo formik\u00e1riu, \u010d\u00edm chr\u00e1ni pred zamokren\u00edm a hnilobou. Granulovan\u00e1 vrstva by sa mala pou\u017e\u00edva\u0165 v hr\u00fabke pribli\u017ene 1 - 2 cm ako najni\u017e\u0161ia vrstva p\u00f4dy v chove.<\/p>\n<p><strong>Vlastnosti:<\/strong><br \/>\n- anorganick\u00fd, miner\u00e1lny produkt<br \/>\n- biologicky a chemicky neutr\u00e1lne<br \/>\n- \u0161truktur\u00e1lne stabiln\u00e9<br \/>\n- uklad\u00e1 vlhkos\u0165<\/p>","protected":false},"excerpt":{"rendered":"<p>Pre \u010derven\u00fd piesok\/hlinit\u00fd substr\u00e1t<\/p>","protected":false},"featured_media":5732,"comment_status":"open","ping_status":"closed","template":"","meta":{"_acf_changed":false,"content-type":"","_monsterinsights_skip_tracking":false,"_monsterinsights_sitenote_active":false,"_monsterinsights_sitenote_note":"","_monsterinsights_sitenote_category":0},"product_brand":[],"product_cat":[241],"product_tag":[],"class_list":{"0":"post-4606","1":"product","2":"type-product","3":"status-publish","4":"has-post-thumbnail","6":"product_cat-granules","8":"first","9":"instock","10":"taxable","11":"shipping-taxable","12":"purchasable","13":"product-type-simple"},"acf":[],"aioseo_notices":[],"jetpack_sharing_enabled":true,"_links":{"self":[{"href":"https:\/\/antcube.shop\/sk\/wp-json\/wp\/v2\/product\/4606","targetHints":{"allow":["GET"]}}],"collection":[{"href":"https:\/\/antcube.shop\/sk\/wp-json\/wp\/v2\/product"}],"about":[{"href":"https:\/\/antcube.shop\/sk\/wp-json\/wp\/v2\/types\/product"}],"replies":[{"embeddable":true,"href":"https:\/\/antcube.shop\/sk\/wp-json\/wp\/v2\/comments?post=4606"}],"wp:featuredmedia":[{"embeddable":true,"href":"https:\/\/antcube.shop\/sk\/wp-json\/wp\/v2\/media\/5732"}],"wp:attachment":[{"href":"https:\/\/antcube.shop\/sk\/wp-json\/wp\/v2\/media?parent=4606"}],"wp:term":[{"taxonomy":"product_brand","embeddable":true,"href":"https:\/\/antcube.shop\/sk\/wp-json\/wp\/v2\/product_brand?post=4606"},{"taxonomy":"product_cat","embeddable":true,"href":"https:\/\/antcube.shop\/sk\/wp-json\/wp\/v2\/product_cat?post=4606"},{"taxonomy":"product_tag","embeddable":true,"href":"https:\/\/antcube.shop\/sk\/wp-json\/wp\/v2\/product_tag?post=4606"}],"curies":[{"name":"wp","href":"https:\/\/api.w.org\/{rel}","templated":true}]}}