{"id":4372,"date":"2022-06-20T09:12:42","date_gmt":"2022-06-20T07:12:42","guid":{"rendered":"https:\/\/antcube.shop\/produkt\/ganze-blanchierte-heimchen\/"},"modified":"2026-04-11T18:28:16","modified_gmt":"2026-04-11T16:28:16","slug":"ganze-blanchierte-heimchen","status":"publish","type":"product","link":"https:\/\/antcube.shop\/sk\/produkt\/ganze-blanchierte-heimchen\/","title":{"rendered":"Blan\u0161\u00edrovan\u00e9 cel\u00e9 cvr\u010dky"},"content":{"rendered":"<p><strong>\u010cist\u00e1 hmotnos\u0165:<\/strong> 10 g na n\u00e1dobu<br \/>\nblan\u0161\u00edrovan\u00e9 stredne ve\u013ek\u00e9 cvr\u010dky v kuse<\/p>\n<p>jedno podanie<\/p>\n<p><strong>Popis: V s\u00fa\u010dasnosti je na trhu viac ako 10 000 zariaden\u00ed, ktor\u00e9 s\u00fa ur\u010den\u00e9 na predaj:<\/strong><br \/>\nN\u00e1\u0161 cvr\u010d\u010d\u00ed d\u017eem je jednoduch\u00fd sp\u00f4sob, ako poskytn\u00fa\u0165 mravcom \u010derstvo konzervovan\u00fa bielkovinov\u00fa potravu bez toho, aby ste museli k\u0155mi\u0165 \u017eiv\u00fd hmyz. Obsiahnut\u00e9 cvr\u010dky (Acheta domesticus) boli jemne sparen\u00e9, aby sa zabezpe\u010dilo zachovanie v\u00fd\u017eivovej hodnoty, chuti a v\u00f4ne. Okrem toho sa t\u00fdmto sp\u00f4sobom zm\u00e4k\u010duje chit\u00ednov\u00e1 schr\u00e1nka hmyzu, tak\u017ee sa d\u00e1 \u013eah\u0161ie str\u00e1vi\u0165. Zl\u00fa\u010deniny kolag\u00e9nov\u00fdch bielkov\u00edn sa rozlo\u017eia, aby ich mravce mohli lep\u0161ie vyu\u017ei\u0165. Ka\u0161a Acheta domesticus m\u00e1 rovnak\u00fa v\u00fd\u017eivov\u00fa hodnotu ako \u017eiv\u00e9 cvr\u010dky, ale je \u013eah\u0161ie str\u00e1vite\u013en\u00e1. Na rozdiel od mrazen\u00fdch alebo su\u0161en\u00fdch cvr\u010dkov, pri ktor\u00fdch sa str\u00e1ca pribli\u017ene 60% bielkov\u00edn, sa obsiahnut\u00e9 bielkoviny m\u00f4\u017eu spracova\u0165 na takmer 100%.<\/p>\n<p>Blan\u0161\u00edrovan\u00e9 cvr\u010dky nie s\u00fa vhodn\u00e9 na lov druhov mravcov, ktor\u00e9 vy\u017eaduj\u00fa \u017eiv\u00fa potravu (napr. poniklecov (prap\u00f4vodn\u00fdch mravcov), ako s\u00fa Harpegnathos alebo Odontomachus).<\/p>\n<p><strong>\u010eal\u0161ie v\u00fdhody:<\/strong><\/p>\n<p>Zaru\u010dene bez rozto\u010dov<br \/>\nPorciovate\u013en\u00e9<br \/>\nSterilizovan\u00e9 a v\u00e1kuovan\u00e9<br \/>\nBez pr\u00eddavn\u00fdch l\u00e1tok<br \/>\nCvr\u010dky z udr\u017eate\u013en\u00e9ho \u010dist\u00e9ho ekologick\u00e9ho chovu, k\u0155men\u00e9 organick\u00fdm odpadom<\/p>\n<p><strong>V\u00fd\u017eivov\u00e9 inform\u00e1cie:<\/strong><br \/>\nHrub\u00fd prote\u00edn: 20%<br \/>\nHrub\u00fd tuk: 7%<br \/>\nHrub\u00e1 vl\u00e1knina: 22%<br \/>\nPopol: 4%<br \/>\nVlhkos\u0165: 46%<\/p>\n<p><strong>Upozornenie:<\/strong><br \/>\nPo otvoren\u00ed vydr\u017e\u00ed v chladni\u010dke pribli\u017ene \u0161tyri dni. Pri zmrazen\u00ed je trvanlivos\u0165 dlh\u0161ia.<br \/>\n<strong>Pozor:<\/strong> Najprv porciujte, potom zmrazte. Tak\u017ee je mo\u017en\u00e9 aj jednorazov\u00e9 odstr\u00e1nenie (IQF)<\/p>","protected":false},"excerpt":{"rendered":"<p>jedno podanie<\/p>","protected":false},"featured_media":4375,"comment_status":"open","ping_status":"closed","template":"","meta":{"_acf_changed":false,"content-type":"","_monsterinsights_skip_tracking":false,"_monsterinsights_sitenote_active":false,"_monsterinsights_sitenote_note":"","_monsterinsights_sitenote_category":0},"product_brand":[],"product_cat":[257,115,116],"product_tag":[],"class_list":{"0":"post-4372","1":"product","2":"type-product","3":"status-publish","4":"has-post-thumbnail","6":"product_cat-new-innovatve-products","7":"product_cat-food-and-feeding","8":"product_cat-food","10":"first","11":"instock","12":"taxable","13":"shipping-taxable","14":"purchasable","15":"product-type-simple"},"acf":[],"aioseo_notices":[],"jetpack_sharing_enabled":true,"_links":{"self":[{"href":"https:\/\/antcube.shop\/sk\/wp-json\/wp\/v2\/product\/4372","targetHints":{"allow":["GET"]}}],"collection":[{"href":"https:\/\/antcube.shop\/sk\/wp-json\/wp\/v2\/product"}],"about":[{"href":"https:\/\/antcube.shop\/sk\/wp-json\/wp\/v2\/types\/product"}],"replies":[{"embeddable":true,"href":"https:\/\/antcube.shop\/sk\/wp-json\/wp\/v2\/comments?post=4372"}],"wp:featuredmedia":[{"embeddable":true,"href":"https:\/\/antcube.shop\/sk\/wp-json\/wp\/v2\/media\/4375"}],"wp:attachment":[{"href":"https:\/\/antcube.shop\/sk\/wp-json\/wp\/v2\/media?parent=4372"}],"wp:term":[{"taxonomy":"product_brand","embeddable":true,"href":"https:\/\/antcube.shop\/sk\/wp-json\/wp\/v2\/product_brand?post=4372"},{"taxonomy":"product_cat","embeddable":true,"href":"https:\/\/antcube.shop\/sk\/wp-json\/wp\/v2\/product_cat?post=4372"},{"taxonomy":"product_tag","embeddable":true,"href":"https:\/\/antcube.shop\/sk\/wp-json\/wp\/v2\/product_tag?post=4372"}],"curies":[{"name":"wp","href":"https:\/\/api.w.org\/{rel}","templated":true}]}}