{"id":4343,"date":"2022-06-08T14:36:54","date_gmt":"2022-06-08T12:36:54","guid":{"rendered":"https:\/\/antcube.shop\/produkt\/naturbusch-auf-schieferplatte-gros\/"},"modified":"2025-10-19T15:15:12","modified_gmt":"2025-10-19T13:15:12","slug":"naturbusch-auf-schieferplatte-gros","status":"publish","type":"product","link":"https:\/\/antcube.shop\/sk\/produkt\/naturbusch-auf-schieferplatte-gros\/","title":{"rendered":"Okrasn\u00fd ker"},"content":{"rendered":"<p>Ve\u013ekos\u0165 \/ v\u00fd\u0161ka 17 cm a\u017e 19 cm, priemer ~ 10 cm -12 cm, ide\u00e1lne pre ar\u00e9ny 30x30x30 cm a vy\u0161\u0161ie.<br \/>\nHmotnos\u0165 sa pohybuje od 50 do 80 gramov<\/p>\n<p>Dekorat\u00edvny predmet, ktor\u00fd sa sklad\u00e1 z prirodzene vysu\u0161en\u00e9ho dreven\u00e9ho kr\u00edka a podstavca zo syntetickej \u017eivice (z\u00e1kladn\u00e1 doska).<br \/>\nTento dekorat\u00edvny ker bol ru\u010dne vyroben\u00fd v Nemecku, a preto sa vyzna\u010duje udr\u017eate\u013enos\u0165ou.<\/p>\n<p><strong>POZOR:<\/strong> Neumiest\u0148ujte ich do ve\u013emi vlhk\u00fdch formik\u00e1ri\u00ed (vlhkos\u0165 nad 60%). Kr\u00edk m\u00f4\u017ee za\u010da\u0165 plesnivie\u0165. Pri ve\u013emi dobrom vetran\u00ed mo\u017eno ker umiestni\u0165 aj do vlhkej\u0161\u00edch formik\u00e1ri\u00ed.<\/p>\n<p>Niektor\u00e9 okrasn\u00e9 kr\u00edky sa vo formik\u00e1riu sam\u00e9 od seba neudr\u017eia kv\u00f4li v\u00fd\u0161ke. V takomto pr\u00edpade pom\u00e1ha trochu zakry\u0165 z\u00e1klad\u0148u substr\u00e1tom alebo umiestni\u0165 v\u00fdrobok bl\u00edzko vonkaj\u0161\u00edch okien.<\/p>\n<p><span data-text-color=\"alert\"><strong>D\u00d4LE\u017dIT\u00c1 POZN\u00c1MKA K \u010cL\u00c1NKU:<\/strong><\/span><br \/>\nKe\u010f\u017ee ide o pr\u00edrodn\u00fd produkt \/ unik\u00e1t, obr\u00e1zky tu nie s\u00fa \u00faplne identick\u00e9 s produktom, ktor\u00fd dostanete. Bud\u00fa sa vyskytova\u0165 odch\u00fdlky vo ve\u013ekosti, tvare a farbe mini strom\u010deka, ako aj z\u00e1kladnej dosky z lomovej bridlice. Garantujeme len maxim\u00e1lnu v\u00fd\u0161ku predmetu.<\/p>\n<p>Objednan\u00edm tohto tovaru s\u00fahlas\u00edte s vy\u0161\u0161ie uveden\u00fdmi mo\u017en\u00fdmi odch\u00fdlkami v\u00fdrobku vo ve\u013ekosti, tvare a farbe v \u010dase n\u00e1kupu.<\/p>","protected":false},"excerpt":{"rendered":"<p>Ve\u013ekos\u0165: 17-19 cm vysok\u00fd<\/p>","protected":false},"featured_media":6380,"comment_status":"open","ping_status":"closed","template":"","meta":{"_acf_changed":false,"content-type":"","_monsterinsights_skip_tracking":false,"_monsterinsights_sitenote_active":false,"_monsterinsights_sitenote_note":"","_monsterinsights_sitenote_category":0},"product_brand":[],"product_cat":[99,101,102],"product_tag":[],"class_list":{"0":"post-4343","1":"product","2":"type-product","3":"status-publish","4":"has-post-thumbnail","6":"product_cat-desert","7":"product_cat-forest","8":"product_cat-meadow","10":"first","11":"outofstock","12":"taxable","13":"shipping-taxable","14":"purchasable","15":"product-type-simple"},"acf":[],"aioseo_notices":[],"jetpack_sharing_enabled":true,"_links":{"self":[{"href":"https:\/\/antcube.shop\/sk\/wp-json\/wp\/v2\/product\/4343","targetHints":{"allow":["GET"]}}],"collection":[{"href":"https:\/\/antcube.shop\/sk\/wp-json\/wp\/v2\/product"}],"about":[{"href":"https:\/\/antcube.shop\/sk\/wp-json\/wp\/v2\/types\/product"}],"replies":[{"embeddable":true,"href":"https:\/\/antcube.shop\/sk\/wp-json\/wp\/v2\/comments?post=4343"}],"wp:featuredmedia":[{"embeddable":true,"href":"https:\/\/antcube.shop\/sk\/wp-json\/wp\/v2\/media\/6380"}],"wp:attachment":[{"href":"https:\/\/antcube.shop\/sk\/wp-json\/wp\/v2\/media?parent=4343"}],"wp:term":[{"taxonomy":"product_brand","embeddable":true,"href":"https:\/\/antcube.shop\/sk\/wp-json\/wp\/v2\/product_brand?post=4343"},{"taxonomy":"product_cat","embeddable":true,"href":"https:\/\/antcube.shop\/sk\/wp-json\/wp\/v2\/product_cat?post=4343"},{"taxonomy":"product_tag","embeddable":true,"href":"https:\/\/antcube.shop\/sk\/wp-json\/wp\/v2\/product_tag?post=4343"}],"curies":[{"name":"wp","href":"https:\/\/api.w.org\/{rel}","templated":true}]}}