{"id":4342,"date":"2022-06-08T14:36:40","date_gmt":"2022-06-08T12:36:40","guid":{"rendered":"https:\/\/antcube.shop\/produkt\/naturbusch-auf-schieferplatte-klein\/"},"modified":"2026-04-16T19:23:17","modified_gmt":"2026-04-16T17:23:17","slug":"natural-bush-on-slate-small","status":"publish","type":"product","link":"https:\/\/antcube.shop\/sk\/produkt\/natural-bush-on-slate-small\/","title":{"rendered":"Pr\u00edrodn\u00fd kr\u00edk na bridlici - mal\u00fd"},"content":{"rendered":"<p>Ve\u013ekos\u0165 \/ v\u00fd\u0161ka do 9 cm, ide\u00e1lne pre ar\u00e9ny 20x20x10 cm.<br \/>\nHmotnos\u0165 sa pohybuje od 200 do 600 gramov<\/p>\n<p>Dekorat\u00edvny v\u00fdrobok, ktor\u00fd sa sklad\u00e1 z \u010disto pr\u00edrodn\u00fdch komponentov, z vysu\u0161en\u00e9ho dreven\u00e9ho kr\u00edka a bridlicovej dosky (z\u00e1kladn\u00e1 doska). Oba neupraven\u00e9 pr\u00edrodn\u00e9 produkty.<br \/>\nTento mini strom\u010dek bol ru\u010dne vyroben\u00fd v Nemecku, a preto sa vyzna\u010duje udr\u017eate\u013enos\u0165ou.<\/p>\n<p><strong>POZOR:<\/strong> Neumiest\u0148ujte ho do ve\u013emi vlhk\u00e9ho prostredia (vlhkos\u0165 nad 60%). Kr\u00edk m\u00f4\u017ee za\u010da\u0165 plesnivie\u0165. Pri ve\u013emi dobrom vetran\u00ed mo\u017eno ker umiestni\u0165 do vlh\u0161\u00edch formik\u00e1ri\u00ed.<\/p>\n<p><strong>D\u00d4LE\u017dIT\u00c1 POZN\u00c1MKA O POLO\u017dKE:<\/strong><br \/>\nKe\u010f\u017ee ide o pr\u00edrodn\u00fd produkt \/ unik\u00e1t, obr\u00e1zky tu nie s\u00fa \u00faplne identick\u00e9 s produktom, ktor\u00fd dostanete. Bud\u00fa sa vyskytova\u0165 odch\u00fdlky vo ve\u013ekosti, tvare a farbe mini strom\u010deka, ako aj z\u00e1kladnej dosky z lomovej bridlice. Garantujeme len maxim\u00e1lnu v\u00fd\u0161ku predmetu.<\/p>\n<p>Objednan\u00edm tohto tovaru s\u00fahlas\u00edte s vy\u0161\u0161ie uveden\u00fdmi mo\u017en\u00fdmi odch\u00fdlkami v\u00fdrobku vo ve\u013ekosti, tvare a farbe v \u010dase n\u00e1kupu.<\/p>","protected":false},"excerpt":{"rendered":"<p>Ve\u013ekos\u0165: 18x15x9<\/p>","protected":false},"featured_media":4355,"comment_status":"open","ping_status":"closed","template":"","meta":{"_acf_changed":false,"content-type":"","_monsterinsights_skip_tracking":false,"_monsterinsights_sitenote_active":false,"_monsterinsights_sitenote_note":"","_monsterinsights_sitenote_category":0},"product_brand":[],"product_cat":[99,101,102],"product_tag":[],"class_list":{"0":"post-4342","1":"product","2":"type-product","3":"status-publish","4":"has-post-thumbnail","6":"product_cat-desert","7":"product_cat-forest","8":"product_cat-meadow","10":"first","11":"instock","12":"taxable","13":"shipping-taxable","14":"purchasable","15":"product-type-simple"},"acf":[],"aioseo_notices":[],"jetpack_sharing_enabled":true,"_links":{"self":[{"href":"https:\/\/antcube.shop\/sk\/wp-json\/wp\/v2\/product\/4342","targetHints":{"allow":["GET"]}}],"collection":[{"href":"https:\/\/antcube.shop\/sk\/wp-json\/wp\/v2\/product"}],"about":[{"href":"https:\/\/antcube.shop\/sk\/wp-json\/wp\/v2\/types\/product"}],"replies":[{"embeddable":true,"href":"https:\/\/antcube.shop\/sk\/wp-json\/wp\/v2\/comments?post=4342"}],"wp:featuredmedia":[{"embeddable":true,"href":"https:\/\/antcube.shop\/sk\/wp-json\/wp\/v2\/media\/4355"}],"wp:attachment":[{"href":"https:\/\/antcube.shop\/sk\/wp-json\/wp\/v2\/media?parent=4342"}],"wp:term":[{"taxonomy":"product_brand","embeddable":true,"href":"https:\/\/antcube.shop\/sk\/wp-json\/wp\/v2\/product_brand?post=4342"},{"taxonomy":"product_cat","embeddable":true,"href":"https:\/\/antcube.shop\/sk\/wp-json\/wp\/v2\/product_cat?post=4342"},{"taxonomy":"product_tag","embeddable":true,"href":"https:\/\/antcube.shop\/sk\/wp-json\/wp\/v2\/product_tag?post=4342"}],"curies":[{"name":"wp","href":"https:\/\/api.w.org\/{rel}","templated":true}]}}